{"id":2865,"date":"2022-04-24T11:24:01","date_gmt":"2022-04-24T09:24:01","guid":{"rendered":"https:\/\/cormac.eu\/?post_type=product&#038;p=2865"},"modified":"2022-04-24T11:36:31","modified_gmt":"2022-04-24T09:36:31","slug":"olejovaci-bubon-2","status":"publish","type":"product","link":"https:\/\/cormac.eu\/sk\/product\/oiling-drum\/","title":{"rendered":"Olejovanie bubna"},"content":{"rendered":"<p>Vomashine je olejovac\u00ed bubon na nan\u00e1\u0161anie leskl\u00e9ho povlaku na v\u00fdrobky, ako s\u00fa \u017eel\u00e9 a \u017euva\u010dky. Toto sa vykon\u00e1va po odstr\u00e1nen\u00ed pr\u00e1\u0161ku z v\u00fdrobku. R\u00fdchlos\u0165 ot\u00e1\u010dania bubna je frekven\u010dne riaden\u00e1. Bubon sa m\u00f4\u017ee ot\u00e1\u010da\u0165 do\u013eava aj doprava. Jeden smer je ur\u010den\u00fd na v\u00fdrobu a druh\u00fd smer ot\u00e1\u010dania je ur\u010den\u00fd na vypr\u00e1zd\u0148ovanie. Tieto stroje maj\u00fa hygienick\u00fd dizajn a s\u00fa vyroben\u00e9 v\u00fdlu\u010dne z nehrdzavej\u00facej ocele. Kapacita sa pohybuje od 1 000 do 5 000 kg\/hod.<\/p>\n<p><img decoding=\"async\" class=\"alignnone size-medium wp-image-2871\" src=\"https:\/\/cormac.eu\/wp-content\/uploads\/2022\/04\/iStock_000051985832_Large-300x161.jpg\" alt=\"\" width=\"300\" height=\"161\" srcset=\"https:\/\/cormac.eu\/wp-content\/uploads\/2022\/04\/iStock_000051985832_Large-300x161.jpg 300w, https:\/\/cormac.eu\/wp-content\/uploads\/2022\/04\/iStock_000051985832_Large-1024x549.jpg 1024w, https:\/\/cormac.eu\/wp-content\/uploads\/2022\/04\/iStock_000051985832_Large-768x412.jpg 768w, https:\/\/cormac.eu\/wp-content\/uploads\/2022\/04\/iStock_000051985832_Large-1536x823.jpg 1536w, https:\/\/cormac.eu\/wp-content\/uploads\/2022\/04\/iStock_000051985832_Large-2048x1097.jpg 2048w, https:\/\/cormac.eu\/wp-content\/uploads\/2022\/04\/iStock_000051985832_Large-600x321.jpg 600w\" sizes=\"(max-width: 300px) 100vw, 300px\" \/><\/p>\n<p>&nbsp;<\/p>\n<table style=\"height: 365px\" width=\"560\">\n<tbody>\n<tr>\n<td width=\"159\">\u00a0<strong>Funkcie<\/strong><\/td>\n<td width=\"159\">\u00a0<strong>V\u00fdhody<\/strong><\/td>\n<\/tr>\n<tr>\n<td>\u00a0Odoln\u00fd dizajn<\/td>\n<td>\n<ul>\n<li>dlh\u00e1 technick\u00e1 \u017eivotnos\u0165<\/li>\n<li>nen\u00e1ro\u010dn\u00e1 \u00fadr\u017eba<\/li>\n<\/ul>\n<\/td>\n<\/tr>\n<tr>\n<td>\u00a0kon\u0161trukcia z nehrdzavej\u00facej ocele<\/td>\n<td>\n<ul>\n<li>hygienick\u00e9<\/li>\n<li>jednoduch\u00e9 \u010distenie<\/li>\n<\/ul>\n<\/td>\n<\/tr>\n<tr>\n<td>\u00a0frekven\u010dne riaden\u00fd pohon<\/td>\n<td>\n<ul>\n<li>riadenie r\u00fdchlosti ot\u00e1\u010dania<\/li>\n<\/ul>\n<\/td>\n<\/tr>\n<\/tbody>\n<\/table>","protected":false},"excerpt":{"rendered":"<p>Bubon na nan\u00e1\u0161anie leskl\u00e9ho povlaku na \u0161krobov\u00e9 cukrovinky.<\/p>","protected":false},"featured_media":2864,"comment_status":"open","ping_status":"closed","template":"","meta":{"uix_meta_title":"","uix_meta_description":"","uix_canonical_url":""},"product_brand":[],"product_cat":[104],"product_tag":[],"class_list":{"0":"post-2865","1":"product","2":"type-product","3":"status-publish","4":"has-post-thumbnail","6":"product_cat-processing","8":"first","9":"instock","10":"shipping-taxable","11":"product-type-simple"},"_links":{"self":[{"href":"https:\/\/cormac.eu\/sk\/wp-json\/wp\/v2\/product\/2865","targetHints":{"allow":["GET"]}}],"collection":[{"href":"https:\/\/cormac.eu\/sk\/wp-json\/wp\/v2\/product"}],"about":[{"href":"https:\/\/cormac.eu\/sk\/wp-json\/wp\/v2\/types\/product"}],"replies":[{"embeddable":true,"href":"https:\/\/cormac.eu\/sk\/wp-json\/wp\/v2\/comments?post=2865"}],"wp:featuredmedia":[{"embeddable":true,"href":"https:\/\/cormac.eu\/sk\/wp-json\/wp\/v2\/media\/2864"}],"wp:attachment":[{"href":"https:\/\/cormac.eu\/sk\/wp-json\/wp\/v2\/media?parent=2865"}],"wp:term":[{"taxonomy":"product_brand","embeddable":true,"href":"https:\/\/cormac.eu\/sk\/wp-json\/wp\/v2\/product_brand?post=2865"},{"taxonomy":"product_cat","embeddable":true,"href":"https:\/\/cormac.eu\/sk\/wp-json\/wp\/v2\/product_cat?post=2865"},{"taxonomy":"product_tag","embeddable":true,"href":"https:\/\/cormac.eu\/sk\/wp-json\/wp\/v2\/product_tag?post=2865"}],"curies":[{"name":"wp","href":"https:\/\/api.w.org\/{rel}","templated":true}]}}