{"id":2863,"date":"2022-04-24T11:20:17","date_gmt":"2022-04-24T09:20:17","guid":{"rendered":"https:\/\/cormac.eu\/?post_type=product&#038;p=2863"},"modified":"2022-04-24T11:20:17","modified_gmt":"2022-04-24T09:20:17","slug":"davkovy-varic-2","status":"publish","type":"product","link":"https:\/\/cormac.eu\/sk\/product\/batch-cooker\/","title":{"rendered":"D\u00e1vkov\u00fd vari\u010d"},"content":{"rendered":"<p>D\u00e1vkovac\u00ed hrniec m\u00e1 tvar polgule s parn\u00fdmi pl\u00e1\u0161\u0165ami (dvojit\u00e9 steny). S\u00fa vybaven\u00e9 kotvov\u00fdmi mie\u0161adlami, s tefl\u00f3nov\u00fdmi \u0161krabkami a bez nich. Kotly sa dod\u00e1vaj\u00fa s v\u00e1kuom alebo bez neho a m\u00f4\u017eu by\u0165 skon\u0161truovan\u00e9 na vyp\u00fa\u0161\u0165anie pod tlakom. Tieto kotly s\u00fa vyroben\u00e9 z nehrdzavej\u00facej ocele a m\u00f4\u017eu by\u0165 ovl\u00e1dan\u00e9 ru\u010dne alebo automaticky. S\u00fa k dispoz\u00edcii v r\u00f4znych ve\u013ekostiach a vo ve\u013ekej \u0161k\u00e1le vyhotoven\u00ed. Je mo\u017en\u00e9 aj dvojit\u00e9 vyhotovenie na zv\u00fd\u0161enie kapacity a umo\u017enenie poloplynul\u00e9ho varenia. Rozsah kapac\u00edt: 100 kg, 250 kg, 500 kg.  Pri kapacit\u00e1ch vy\u0161\u0161\u00edch ako 500 kg\/hod. zvy\u010dajne odpor\u00fa\u010dame priebe\u017en\u00e9 varenie.<\/p>\n<p>&nbsp;<\/p>\n<table style=\"height: 386px\" width=\"612\">\n<tbody>\n<tr>\n<td width=\"165\">\u00a0<strong>Funkcie<\/strong><\/td>\n<td width=\"165\">\u00a0<strong>V\u00fdhody<\/strong><\/td>\n<\/tr>\n<tr>\n<td>\u00a0Nerezov\u00e1 oce\u013e<\/td>\n<td>\n<ul>\n<li>hygienick\u00e9<\/li>\n<li>jednoduch\u00e9 \u010distenie<\/li>\n<li>robustn\u00fd<\/li>\n<\/ul>\n<\/td>\n<\/tr>\n<tr>\n<td>\u00a0Dvojit\u00e1 stena<\/td>\n<td>\n<ul>\n<li>vynikaj\u00faci prenos tepla<\/li>\n<\/ul>\n<\/td>\n<\/tr>\n<tr>\n<td>\u00a0kotvov\u00e9 mie\u0161adlo volite\u013ene s<br \/>\ntefl\u00f3nov\u00e1 \u0161krabka<\/td>\n<td>\n<ul>\n<li>dobr\u00e9 mie\u0161anie<\/li>\n<li>\u017eiadne spa\u013eovanie<\/li>\n<li>\u010dist\u00e9 vn\u00fatorn\u00e9 steny<\/li>\n<\/ul>\n<\/td>\n<\/tr>\n<\/tbody>\n<\/table>\n<p>&nbsp;<\/p>","protected":false},"excerpt":{"rendered":"<p>D\u00e1vkov\u00fd vari\u010d na cukrov\u00e9 hmoty.<\/p>","protected":false},"featured_media":2862,"comment_status":"open","ping_status":"closed","template":"","meta":{"uix_meta_title":"","uix_meta_description":"","uix_canonical_url":""},"product_brand":[],"product_cat":[104],"product_tag":[],"class_list":{"0":"post-2863","1":"product","2":"type-product","3":"status-publish","4":"has-post-thumbnail","6":"product_cat-processing","8":"first","9":"instock","10":"shipping-taxable","11":"product-type-simple"},"_links":{"self":[{"href":"https:\/\/cormac.eu\/sk\/wp-json\/wp\/v2\/product\/2863","targetHints":{"allow":["GET"]}}],"collection":[{"href":"https:\/\/cormac.eu\/sk\/wp-json\/wp\/v2\/product"}],"about":[{"href":"https:\/\/cormac.eu\/sk\/wp-json\/wp\/v2\/types\/product"}],"replies":[{"embeddable":true,"href":"https:\/\/cormac.eu\/sk\/wp-json\/wp\/v2\/comments?post=2863"}],"wp:featuredmedia":[{"embeddable":true,"href":"https:\/\/cormac.eu\/sk\/wp-json\/wp\/v2\/media\/2862"}],"wp:attachment":[{"href":"https:\/\/cormac.eu\/sk\/wp-json\/wp\/v2\/media?parent=2863"}],"wp:term":[{"taxonomy":"product_brand","embeddable":true,"href":"https:\/\/cormac.eu\/sk\/wp-json\/wp\/v2\/product_brand?post=2863"},{"taxonomy":"product_cat","embeddable":true,"href":"https:\/\/cormac.eu\/sk\/wp-json\/wp\/v2\/product_cat?post=2863"},{"taxonomy":"product_tag","embeddable":true,"href":"https:\/\/cormac.eu\/sk\/wp-json\/wp\/v2\/product_tag?post=2863"}],"curies":[{"name":"wp","href":"https:\/\/api.w.org\/{rel}","templated":true}]}}