{"id":2860,"date":"2022-04-24T11:12:01","date_gmt":"2022-04-24T09:12:01","guid":{"rendered":"https:\/\/cormac.eu\/?post_type=product&#038;p=2860"},"modified":"2022-04-24T11:52:52","modified_gmt":"2022-04-24T09:52:52","slug":"slahac-na-fondan-2","status":"publish","type":"product","link":"https:\/\/cormac.eu\/sk\/product\/fondant-beater\/","title":{"rendered":"\u0160\u013eaha\u010d na fond\u00e1n"},"content":{"rendered":"<p>In\u0161tal\u00e1cia na \u0161\u013eahanie fond\u00e1nu Vomatab je plne automatick\u00e1. Ak po spusten\u00ed procesu \u0161\u013eahania fond\u00e1nu hroz\u00ed zastavenie motora rotora z d\u00f4vodu pre\u0165a\u017eenia, pr\u00edvod cukru sa automaticky zastav\u00ed a zariadenie sa prepl\u00e1chne. Preplachovacia voda sa odv\u00e1dza do odtoku pomocou pneumaticky ovl\u00e1dan\u00e9ho ventilu. Akon\u00e1hle sa pre\u0165a\u017eenie (amp\u00e9rmeter) vyrie\u0161i, v\u00fdroba fond\u00e1nu sa automaticky obnov\u00ed. Tieto stroje sa m\u00f4\u017eu dod\u00e1va\u0165 bu\u010f samostatne, alebo sa m\u00f4\u017eu integrova\u0165 do v\u00fdrobnej linky.<\/p>\n<p>&nbsp;<\/p>\n<p>Rotor\u00a0 \u00a0 \u00a0 \u00a0 \u00a0 \u00a0 \u00a0 \u00a0<img fetchpriority=\"high\" decoding=\"async\" class=\"alignnone size-medium wp-image-2872\" src=\"https:\/\/cormac.eu\/wp-content\/uploads\/2022\/04\/Rotor-fondant-beater-300x225.jpg\" alt=\"\" width=\"300\" height=\"225\" srcset=\"https:\/\/cormac.eu\/wp-content\/uploads\/2022\/04\/Rotor-fondant-beater-300x225.jpg 300w, https:\/\/cormac.eu\/wp-content\/uploads\/2022\/04\/Rotor-fondant-beater-1024x768.jpg 1024w, https:\/\/cormac.eu\/wp-content\/uploads\/2022\/04\/Rotor-fondant-beater-768x576.jpg 768w, https:\/\/cormac.eu\/wp-content\/uploads\/2022\/04\/Rotor-fondant-beater-1536x1152.jpg 1536w, https:\/\/cormac.eu\/wp-content\/uploads\/2022\/04\/Rotor-fondant-beater-600x450.jpg 600w, https:\/\/cormac.eu\/wp-content\/uploads\/2022\/04\/Rotor-fondant-beater.jpg 1745w\" sizes=\"(max-width: 300px) 100vw, 300px\" \/>\u00a0 \u00a0 <img decoding=\"async\" class=\"alignnone  wp-image-2878\" src=\"https:\/\/cormac.eu\/wp-content\/uploads\/2022\/04\/Fondant-candy-300x282.jpg\" alt=\"\" width=\"240\" height=\"226\" srcset=\"https:\/\/cormac.eu\/wp-content\/uploads\/2022\/04\/Fondant-candy-300x282.jpg 300w, https:\/\/cormac.eu\/wp-content\/uploads\/2022\/04\/Fondant-candy.jpg 402w\" sizes=\"(max-width: 240px) 100vw, 240px\" \/><\/p>\n<p>&nbsp;<\/p>\n<table style=\"height: 482px\" width=\"685\">\n<tbody>\n<tr>\n<td width=\"197\">\u00a0<strong>Funkcie<\/strong><\/td>\n<td width=\"197\">\u00a0<strong>V\u00fdhody<\/strong><\/td>\n<\/tr>\n<tr>\n<td>Nerezov\u00e1 oce\u013e<\/td>\n<td>\n<ul>\n<li>hygienick\u00e9<\/li>\n<li>\u013eahko sa \u010dist\u00ed<\/li>\n<\/ul>\n<\/td>\n<\/tr>\n<tr>\n<td>\u00a0Automatick\u00e9 ovl\u00e1danie<\/td>\n<td>\n<ul>\n<li>prevencia zablokovania<\/li>\n<li>automatick\u00e9 \u010distenie<\/li>\n<\/ul>\n<\/td>\n<\/tr>\n<tr>\n<td>\u0161peci\u00e1lna chladiaca kon\u0161trukcia s<br \/>\ntenkostenn\u00fd vn\u00fatorn\u00fd valec<\/td>\n<td>\n<ul>\n<li>vynikaj\u00face chladenie<\/li>\n<\/ul>\n<\/td>\n<\/tr>\n<tr>\n<td>Prec\u00edzne navrhnut\u00e9<\/td>\n<td>\n<ul>\n<li>dokonal\u00e9 prisp\u00f4sobenie rotora a valca<\/li>\n<li>vynikaj\u00face \u0161krabacie vlastnosti<\/li>\n<\/ul>\n<\/td>\n<\/tr>\n<\/tbody>\n<\/table>\n<p>&nbsp;<\/p>","protected":false},"excerpt":{"rendered":"<p>\u0160\u013eaha\u010d na fond\u00e1n je k dispoz\u00edcii v rozsahu kapac\u00edt od 300 do 2000 kg\/hod.<\/p>","protected":false},"featured_media":2859,"comment_status":"open","ping_status":"closed","template":"","meta":{"uix_meta_title":"","uix_meta_description":"","uix_canonical_url":""},"product_brand":[],"product_cat":[104],"product_tag":[],"class_list":{"0":"post-2860","1":"product","2":"type-product","3":"status-publish","4":"has-post-thumbnail","6":"product_cat-processing","8":"first","9":"instock","10":"shipping-taxable","11":"product-type-simple"},"_links":{"self":[{"href":"https:\/\/cormac.eu\/sk\/wp-json\/wp\/v2\/product\/2860","targetHints":{"allow":["GET"]}}],"collection":[{"href":"https:\/\/cormac.eu\/sk\/wp-json\/wp\/v2\/product"}],"about":[{"href":"https:\/\/cormac.eu\/sk\/wp-json\/wp\/v2\/types\/product"}],"replies":[{"embeddable":true,"href":"https:\/\/cormac.eu\/sk\/wp-json\/wp\/v2\/comments?post=2860"}],"wp:featuredmedia":[{"embeddable":true,"href":"https:\/\/cormac.eu\/sk\/wp-json\/wp\/v2\/media\/2859"}],"wp:attachment":[{"href":"https:\/\/cormac.eu\/sk\/wp-json\/wp\/v2\/media?parent=2860"}],"wp:term":[{"taxonomy":"product_brand","embeddable":true,"href":"https:\/\/cormac.eu\/sk\/wp-json\/wp\/v2\/product_brand?post=2860"},{"taxonomy":"product_cat","embeddable":true,"href":"https:\/\/cormac.eu\/sk\/wp-json\/wp\/v2\/product_cat?post=2860"},{"taxonomy":"product_tag","embeddable":true,"href":"https:\/\/cormac.eu\/sk\/wp-json\/wp\/v2\/product_tag?post=2860"}],"curies":[{"name":"wp","href":"https:\/\/api.w.org\/{rel}","templated":true}]}}