{"id":2857,"date":"2022-04-24T10:56:55","date_gmt":"2022-04-24T08:56:55","guid":{"rendered":"https:\/\/cormac.eu\/?post_type=product&#038;p=2857"},"modified":"2022-04-24T11:01:45","modified_gmt":"2022-04-24T09:01:45","slug":"davkovacia-stanica-farieb-a-kyselin-2","status":"publish","type":"product","link":"https:\/\/cormac.eu\/sk\/product\/colour-and-acid-dosing-station\/","title":{"rendered":"D\u00e1vkovacia stanica farieb a kysel\u00edn"},"content":{"rendered":"<p>D\u00e1vkovac\u00ed syst\u00e9m Vomados vstrekuje farbiv\u00e1, ar\u00f3my a kyseliny INLINE. Tento syst\u00e9m m\u00f4\u017ee by\u0165 vyroben\u00fd v r\u00f4znych prevedeniach. Najjednoduch\u0161\u00ed je Vomados 1+1+1, pre 1 vstreknutie farby, 1 pr\u00edchute a 1 kyseliny. Kapacitu v\u0161ak mo\u017eno plne prisp\u00f4sobi\u0165 kapacite kuchyne, recept\u00faram z\u00e1kazn\u00edka a po\u010dtu potrebn\u00fdch farieb a pr\u00edchut\u00ed. \u010casto dod\u00e1van\u00fdm preveden\u00edm je napr\u00edklad prietok Vomados 6+6+1. To znamen\u00e1, \u017ee hlavn\u00fd pr\u00fad je rozdelen\u00fd na 6 pr\u00fadov (flow), v ktor\u00fdch sa vstrekuje 6 farieb, 6 pr\u00edchut\u00ed a 1 kyselina. V\u017edy dve farebn\u00e9 \u010derpadl\u00e1 s\u00fa spojen\u00e9 a maj\u00fa jeden spolo\u010dn\u00fd frekven\u010dne riaden\u00fd pohon. To ist\u00e9 plat\u00ed pre \u010derpadl\u00e1 na pr\u00edchute. De hlavy \u010derpadiel s\u00fa poh\u00e1\u0148an\u00e9 frekven\u010dne riaden\u00fdmi elektromotormi. V\u00fdkony \u010derpadiel sa nastavuj\u00fa pomocou oto\u010dn\u00e9ho tla\u010didla s mikrometrick\u00fdm ukazovate\u013eom. Pohon sa ovl\u00e1da pomocou elektrick\u00e9ho prietokomera, ktor\u00fd meria prietok cukru a posiela t\u00fato inform\u00e1ciu do frekven\u010dnej regul\u00e1cie. Vstrekovacie \u010derpadlo kyseliny m\u00e1 vlastn\u00fd frekven\u010dne riaden\u00fd pohon a vlastn\u00fd prietokomer v hlavnom pr\u00fade. Syst\u00e9m detekcie prietoku str\u00e1\u017ei spr\u00e1vnu funkciu \u010derpadiel kyseliny a ar\u00f3my. Vstrekovan\u00e9 kvapaliny sa homogenizuj\u00fa (d\u00f4kladne premie\u0161avaj\u00fa) pomocou statick\u00fdch mie\u0161a\u010dov. Vstrekovac\u00ed syst\u00e9m sa d\u00e1 \u013eahko \u010disti\u0165 teplou vodou. Vyp\u00fa\u0161\u0165acie body v potrubnom syst\u00e9me zabezpe\u010duj\u00fa minim\u00e1lne straty drah\u00fdch pr\u00edsad.<\/p>\n<p>&nbsp;<\/p>\n<p><img fetchpriority=\"high\" decoding=\"async\" class=\"alignnone size-medium wp-image-2858\" src=\"https:\/\/cormac.eu\/wp-content\/uploads\/2022\/04\/Vomados-2-300x208.jpg\" alt=\"\" width=\"300\" height=\"208\" srcset=\"https:\/\/cormac.eu\/wp-content\/uploads\/2022\/04\/Vomados-2-300x208.jpg 300w, https:\/\/cormac.eu\/wp-content\/uploads\/2022\/04\/Vomados-2-1024x709.jpg 1024w, https:\/\/cormac.eu\/wp-content\/uploads\/2022\/04\/Vomados-2-768x532.jpg 768w, https:\/\/cormac.eu\/wp-content\/uploads\/2022\/04\/Vomados-2-1536x1064.jpg 1536w, https:\/\/cormac.eu\/wp-content\/uploads\/2022\/04\/Vomados-2-2048x1418.jpg 2048w, https:\/\/cormac.eu\/wp-content\/uploads\/2022\/04\/Vomados-2-600x416.jpg 600w\" sizes=\"(max-width: 300px) 100vw, 300px\" \/><\/p>\n<p>&nbsp;<\/p>\n<table style=\"height: 499px\" width=\"690\">\n<tbody>\n<tr>\n<td width=\"197\">\u00a0<strong>Funkcie<\/strong><\/td>\n<td width=\"197\">\u00a0<strong>V\u00fdhody<\/strong><\/td>\n<\/tr>\n<tr>\n<td>\u00a0jedna jednotka na ly\u017ei<\/td>\n<td>\n<ul>\n<li>jednoduch\u00e1 integr\u00e1cia<\/li>\n<\/ul>\n<\/td>\n<\/tr>\n<tr>\n<td>\u00a0elektrick\u00e9 prietokomery<\/td>\n<td>\n<ul>\n<li>kontrola d\u00e1vkovania<\/li>\n<\/ul>\n<\/td>\n<\/tr>\n<tr>\n<td>\u00a0syst\u00e9m detekcie prietoku<\/td>\n<td>\n<ul>\n<li>funkcia alarmu<\/li>\n<li>zabezpe\u010duje spr\u00e1vne fungovanie kysel\u00edn a<br \/>\naromatick\u00e9 \u010derpadl\u00e1<\/li>\n<\/ul>\n<\/td>\n<\/tr>\n<tr>\n<td>\u00a0statick\u00e9 mie\u0161a\u010dky<\/td>\n<td>\n<ul>\n<li>homogeniz\u00e1cia<\/li>\n<li>jednoduch\u00e9 \u010distenie<\/li>\n<\/ul>\n<\/td>\n<\/tr>\n<tr>\n<td>Odvod\u0148ovacie body v potrubnom syst\u00e9me<\/td>\n<td>\n<ul>\n<li>min. strata zlo\u017eiek<\/li>\n<\/ul>\n<\/td>\n<\/tr>\n<\/tbody>\n<\/table>","protected":false},"excerpt":{"rendered":"<p>D\u00e1vkovacia stanica na automatick\u00e9 d\u00e1vkovanie ar\u00f3m, farb\u00edv a kysel\u00edn v kontinu\u00e1lnej varnej linke.<\/p>","protected":false},"featured_media":2856,"comment_status":"open","ping_status":"closed","template":"","meta":{"uix_meta_title":"","uix_meta_description":"","uix_canonical_url":""},"product_brand":[],"product_cat":[104],"product_tag":[],"class_list":{"0":"post-2857","1":"product","2":"type-product","3":"status-publish","4":"has-post-thumbnail","6":"product_cat-processing","8":"first","9":"instock","10":"shipping-taxable","11":"product-type-simple"},"_links":{"self":[{"href":"https:\/\/cormac.eu\/sk\/wp-json\/wp\/v2\/product\/2857","targetHints":{"allow":["GET"]}}],"collection":[{"href":"https:\/\/cormac.eu\/sk\/wp-json\/wp\/v2\/product"}],"about":[{"href":"https:\/\/cormac.eu\/sk\/wp-json\/wp\/v2\/types\/product"}],"replies":[{"embeddable":true,"href":"https:\/\/cormac.eu\/sk\/wp-json\/wp\/v2\/comments?post=2857"}],"wp:featuredmedia":[{"embeddable":true,"href":"https:\/\/cormac.eu\/sk\/wp-json\/wp\/v2\/media\/2856"}],"wp:attachment":[{"href":"https:\/\/cormac.eu\/sk\/wp-json\/wp\/v2\/media?parent=2857"}],"wp:term":[{"taxonomy":"product_brand","embeddable":true,"href":"https:\/\/cormac.eu\/sk\/wp-json\/wp\/v2\/product_brand?post=2857"},{"taxonomy":"product_cat","embeddable":true,"href":"https:\/\/cormac.eu\/sk\/wp-json\/wp\/v2\/product_cat?post=2857"},{"taxonomy":"product_tag","embeddable":true,"href":"https:\/\/cormac.eu\/sk\/wp-json\/wp\/v2\/product_tag?post=2857"}],"curies":[{"name":"wp","href":"https:\/\/api.w.org\/{rel}","templated":true}]}}