{"id":2855,"date":"2022-04-24T10:48:12","date_gmt":"2022-04-24T08:48:12","guid":{"rendered":"https:\/\/cormac.eu\/?post_type=product&#038;p=2855"},"modified":"2022-04-24T10:48:24","modified_gmt":"2022-04-24T08:48:24","slug":"pilotne-varne-zariadenie-2","status":"publish","type":"product","link":"https:\/\/cormac.eu\/sk\/product\/pilot-cooking-plant\/","title":{"rendered":"Pilotn\u00e1 var\u0148a"},"content":{"rendered":"<p>Toto mini varn\u00e9 zariadenie sa pou\u017e\u00edva na v\u00fdvoj produktov a men\u0161ie v\u00fdroby. Tento typ zariaden\u00ed sa \u010dasto pou\u017e\u00edva v laborat\u00f3ri\u00e1ch cukr\u00e1rn\u00ed a v\u00fdrobcov surov\u00edn. Tieto pilotn\u00e9 zariadenia pou\u017e\u00edvaj\u00fa aj spolo\u010dnosti, ktor\u00e9 maj\u00fa nain\u0161talovan\u00e9 v\u00e4\u010d\u0161ie zariadenia Vomadiss. Toto univerz\u00e1lne varn\u00e9 zariadenie je ve\u013emi \u017eiadan\u00e9, \u010diasto\u010dne aj preto, \u017ee zisten\u00e9 parametre mo\u017eno prenies\u0165 1:1 do ve\u013ek\u00fdch v\u00fdrobn\u00fdch zariaden\u00ed. Tieto mini zariadenia sa dod\u00e1vaj\u00fa typu plug &amp; play, vo v\u00e4\u010d\u0161ine pr\u00edpadov na kolieskach, a s\u00fa vhodn\u00e9 na \u017eel\u00e9 a gumov\u00e9 v\u00fdrobky, Je tie\u017e mo\u017en\u00e9 zostavi\u0165 kombin\u00e1ciu r\u00f4znych vari\u010dov, aby sa mohli vyr\u00e1ba\u0165 r\u00f4zne v\u00fdrobky, napr\u00edklad parn\u00fd vstrekovac\u00ed vari\u010d Jet Cooker na \u0161krobov\u00e9 v\u00fdrobky \u0161krabkov\u00fd v\u00fdmenn\u00edk tepla na karamel a karamel alebo \u0161peci\u00e1lne \u0161krobov\u00e9 v\u00fdrobky. Zariadenie je mo\u017en\u00e9 si aj prenaja\u0165. Kapacita: 50 - 100 kg\/hod.<\/p>\n<p>&nbsp;<\/p>\n<table style=\"height: 451px\" width=\"533\">\n<tbody>\n<tr>\n<td width=\"159\">\u00a0<strong>Funkcie<\/strong><\/td>\n<td width=\"159\">\u00a0<strong>V\u00fdhody<\/strong><\/td>\n<\/tr>\n<tr>\n<td>\u00a0v\u0161etko postaven\u00e9 na jednom r\u00e1me<\/td>\n<td>\n<ul>\n<li>In\u0161tal\u00e1cia plug &amp; play<\/li>\n<li>kompaktn\u00fd<\/li>\n<\/ul>\n<\/td>\n<\/tr>\n<tr>\n<td>\u00a0prisp\u00f4soben\u00e1 konfigur\u00e1cia<\/td>\n<td>\n<ul>\n<li>v\u0161estrann\u00fd<\/li>\n<\/ul>\n<\/td>\n<\/tr>\n<tr>\n<td>\u00a0kon\u0161trukcia z nehrdzavej\u00facej ocele<\/td>\n<td>\n<ul>\n<li>hygienick\u00e9<\/li>\n<li>jednoduch\u00e9 \u010distenie<\/li>\n<\/ul>\n<\/td>\n<\/tr>\n<tr>\n<td>\u00a0PLC (volite\u013en\u00e9)<\/td>\n<td>\n<ul>\n<li>skladovanie receptov<\/li>\n<li>riadenie procesov<\/li>\n<\/ul>\n<\/td>\n<\/tr>\n<\/tbody>\n<\/table>","protected":false},"excerpt":{"rendered":"<p>Pilotn\u00e9 varn\u00e9 zariadenie na testovanie varn\u00fdch aplik\u00e1ci\u00ed so v\u0161etk\u00fdmi druhmi cukrov\u00fdch hm\u00f4t.<\/p>","protected":false},"featured_media":2854,"comment_status":"open","ping_status":"closed","template":"","meta":{"uix_meta_title":"","uix_meta_description":"","uix_canonical_url":""},"product_brand":[],"product_cat":[104],"product_tag":[],"class_list":{"0":"post-2855","1":"product","2":"type-product","3":"status-publish","4":"has-post-thumbnail","6":"product_cat-processing","8":"first","9":"instock","10":"shipping-taxable","11":"product-type-simple"},"_links":{"self":[{"href":"https:\/\/cormac.eu\/sk\/wp-json\/wp\/v2\/product\/2855","targetHints":{"allow":["GET"]}}],"collection":[{"href":"https:\/\/cormac.eu\/sk\/wp-json\/wp\/v2\/product"}],"about":[{"href":"https:\/\/cormac.eu\/sk\/wp-json\/wp\/v2\/types\/product"}],"replies":[{"embeddable":true,"href":"https:\/\/cormac.eu\/sk\/wp-json\/wp\/v2\/comments?post=2855"}],"wp:featuredmedia":[{"embeddable":true,"href":"https:\/\/cormac.eu\/sk\/wp-json\/wp\/v2\/media\/2854"}],"wp:attachment":[{"href":"https:\/\/cormac.eu\/sk\/wp-json\/wp\/v2\/media?parent=2855"}],"wp:term":[{"taxonomy":"product_brand","embeddable":true,"href":"https:\/\/cormac.eu\/sk\/wp-json\/wp\/v2\/product_brand?post=2855"},{"taxonomy":"product_cat","embeddable":true,"href":"https:\/\/cormac.eu\/sk\/wp-json\/wp\/v2\/product_cat?post=2855"},{"taxonomy":"product_tag","embeddable":true,"href":"https:\/\/cormac.eu\/sk\/wp-json\/wp\/v2\/product_tag?post=2855"}],"curies":[{"name":"wp","href":"https:\/\/api.w.org\/{rel}","templated":true}]}}