{"id":2849,"date":"2022-04-24T10:01:33","date_gmt":"2022-04-24T08:01:33","guid":{"rendered":"https:\/\/cormac.eu\/?post_type=product&#038;p=2849"},"modified":"2022-04-24T11:37:04","modified_gmt":"2022-04-24T09:37:04","slug":"instalacia-varenia-na-kluc-2","status":"publish","type":"product","link":"https:\/\/cormac.eu\/sk\/product\/turn-key-cooking-installation\/","title":{"rendered":"Kompletn\u00e1 v\u00fdrobn\u00e1 kuchy\u0148a na k\u013e\u00fa\u010d"},"content":{"rendered":"<p>Plne automatick\u00e1 v\u00fdrobn\u00e1 kuchy\u0148a, postaven\u00e1 na jednom ly\u017eiari, pripraven\u00e1 na pripojenie plug &amp; play. Tento sp\u00f4sob stavby umo\u017e\u0148uje priestorovo \u00fasporn\u00fa in\u0161tal\u00e1ciu. Ka\u017ed\u00e1 in\u0161tal\u00e1cia je kompletne postaven\u00e1 na mieru. Tak\u00e1to v\u00fdrobn\u00e1 kuchy\u0148a m\u00f4\u017ee obsahova\u0165 automatick\u00e9 v\u00e1\u017eenie a d\u00e1vkovanie pr\u00edsad, zariadenie na pr\u00edpravu premixu a mie\u0161anie, kontinu\u00e1lny vari\u010d , vari\u010d s parn\u00fdm vstrekovan\u00edm, v\u00e1kuov\u00fa komoru, centr\u00e1lnu riadiacu skri\u0148u s PLC Siemens, ako aj d\u00e1vkovaciu s\u00fapravu pre pr\u00edchute , farbiv\u00e1 a kyseliny. Kapacita op a\u017e 3 tony za hodinu.<\/p>\n<p><img fetchpriority=\"high\" decoding=\"async\" class=\"alignnone size-medium wp-image-2869\" src=\"https:\/\/cormac.eu\/wp-content\/uploads\/2022\/04\/Candy-iStock_000012762654_Large-300x199.jpg\" alt=\"\" width=\"300\" height=\"199\" srcset=\"https:\/\/cormac.eu\/wp-content\/uploads\/2022\/04\/Candy-iStock_000012762654_Large-300x199.jpg 300w, https:\/\/cormac.eu\/wp-content\/uploads\/2022\/04\/Candy-iStock_000012762654_Large-1024x680.jpg 1024w, https:\/\/cormac.eu\/wp-content\/uploads\/2022\/04\/Candy-iStock_000012762654_Large-768x510.jpg 768w, https:\/\/cormac.eu\/wp-content\/uploads\/2022\/04\/Candy-iStock_000012762654_Large-1536x1019.jpg 1536w, https:\/\/cormac.eu\/wp-content\/uploads\/2022\/04\/Candy-iStock_000012762654_Large-2048x1359.jpg 2048w, https:\/\/cormac.eu\/wp-content\/uploads\/2022\/04\/Candy-iStock_000012762654_Large-600x398.jpg 600w\" sizes=\"(max-width: 300px) 100vw, 300px\" \/><\/p>\n<p>&nbsp;<\/p>\n<table style=\"height: 396px\" width=\"547\">\n<tbody>\n<tr>\n<td width=\"179\">\u00a0<strong>Funkcie<\/strong><\/td>\n<td width=\"179\">\u00a0<strong>V\u00fdhody<\/strong><\/td>\n<\/tr>\n<tr>\n<td>\u00a0postaven\u00e9 na klznej ploche<\/td>\n<td>\n<ul>\n<li>jednoduch\u00e1 in\u0161tal\u00e1cia<\/li>\n<li>kompaktn\u00fd<\/li>\n<\/ul>\n<\/td>\n<\/tr>\n<tr>\n<td>\u00a0v\u0161etko z nehrdzavej\u00facej ocele<\/td>\n<td>\n<ul>\n<li>hygienick\u00e9<\/li>\n<li>jednoduch\u00e9 \u010distenie<\/li>\n<\/ul>\n<\/td>\n<\/tr>\n<tr>\n<td>\u00a0Riaden\u00e9 PLC<\/td>\n<td>\n<ul>\n<li>\u00fapln\u00e1 kontrola procesu<\/li>\n<li>skladovanie receptov<\/li>\n<\/ul>\n<\/td>\n<\/tr>\n<tr>\n<td>\u00a0Postaven\u00e9 na mieru<\/td>\n<td>\n<ul>\n<li>vyroben\u00e9 pod\u013ea \u0161pecifik\u00e1cie z\u00e1kazn\u00edka<\/li>\n<\/ul>\n<\/td>\n<\/tr>\n<\/tbody>\n<\/table>","protected":false},"excerpt":{"rendered":"<p>Plne automatick\u00e1 v\u00fdrobn\u00e1 kuchy\u0148a navrhnut\u00e1 pod\u013ea po\u017eiadaviek z\u00e1kazn\u00edka, postaven\u00e1 na ly\u017eiari, kompaktn\u00e1, plug &amp; play. Vhodn\u00e1 na v\u00fdrobu varen\u00fdch cukroviniek vr\u00e1tane \u017eel\u00e9 a \u017euva\u010diek, marshmallows, \u017euvac\u00edch cukr\u00edkov, sladk\u00e9ho drievka, fond\u00e1nu, nug\u00e1tu, tvrd\u00fdch cukr\u00edkov, v\u00fdrobkov bez cukru at\u010f.<\/p>","protected":false},"featured_media":2853,"comment_status":"open","ping_status":"closed","template":"","meta":{"uix_meta_title":"","uix_meta_description":"","uix_canonical_url":""},"product_brand":[],"product_cat":[104],"product_tag":[],"class_list":{"0":"post-2849","1":"product","2":"type-product","3":"status-publish","4":"has-post-thumbnail","6":"product_cat-processing","8":"first","9":"instock","10":"shipping-taxable","11":"product-type-simple"},"_links":{"self":[{"href":"https:\/\/cormac.eu\/sk\/wp-json\/wp\/v2\/product\/2849","targetHints":{"allow":["GET"]}}],"collection":[{"href":"https:\/\/cormac.eu\/sk\/wp-json\/wp\/v2\/product"}],"about":[{"href":"https:\/\/cormac.eu\/sk\/wp-json\/wp\/v2\/types\/product"}],"replies":[{"embeddable":true,"href":"https:\/\/cormac.eu\/sk\/wp-json\/wp\/v2\/comments?post=2849"}],"wp:featuredmedia":[{"embeddable":true,"href":"https:\/\/cormac.eu\/sk\/wp-json\/wp\/v2\/media\/2853"}],"wp:attachment":[{"href":"https:\/\/cormac.eu\/sk\/wp-json\/wp\/v2\/media?parent=2849"}],"wp:term":[{"taxonomy":"product_brand","embeddable":true,"href":"https:\/\/cormac.eu\/sk\/wp-json\/wp\/v2\/product_brand?post=2849"},{"taxonomy":"product_cat","embeddable":true,"href":"https:\/\/cormac.eu\/sk\/wp-json\/wp\/v2\/product_cat?post=2849"},{"taxonomy":"product_tag","embeddable":true,"href":"https:\/\/cormac.eu\/sk\/wp-json\/wp\/v2\/product_tag?post=2849"}],"curies":[{"name":"wp","href":"https:\/\/api.w.org\/{rel}","templated":true}]}}