{"id":2847,"date":"2022-04-24T09:58:59","date_gmt":"2022-04-24T07:58:59","guid":{"rendered":"https:\/\/cormac.eu\/?post_type=product&#038;p=2847"},"modified":"2022-04-24T09:58:59","modified_gmt":"2022-04-24T07:58:59","slug":"speedmixer-2","status":"publish","type":"product","link":"https:\/\/cormac.eu\/sk\/product\/speedmixer\/","title":{"rendered":"Speedmixer"},"content":{"rendered":"<p>Speedmix je dobr\u00fdm rie\u0161en\u00edm mnoh\u00fdch probl\u00e9mov s mie\u0161an\u00edm.  V mie\u0161acej turb\u00edne speedmix je rota\u010dn\u00fd hriade\u013e chr\u00e1nen\u00fd pomocou pl\u00e1\u0161\u0165ovej r\u00fary. Pod touto r\u00farou je namontovan\u00e9 z\u00e1chytn\u00e9 stavidlo, v ktorom sa ot\u00e1\u010da hriade\u013e. Toto z\u00e1chytn\u00e9 stavidlo funguje ako \u010derpadlo a sp\u00f4sobuje axi\u00e1lny pr\u00fad. Pl\u00e1\u0161\u0165ov\u00e1 r\u00fara zabra\u0148uje vzniku fortexu, ktor\u00fd st\u00fapa pozd\u013a\u017e r\u00fdchlo rotuj\u00faceho hriade\u013ea. Axi\u00e1lny pr\u00fadov\u00fd z\u00e1sobn\u00edk speedmixu zaru\u010duje intenz\u00edvne mie\u0161anie bez n\u00e1razov vzduchu medzi kvapalinami, ktor\u00e9 sa maj\u00fa mie\u0161a\u0165 s pr\u00e1\u0161kami a granul\u00e1tmi, a to aj pri vysok\u00fdch ot\u00e1\u010dkach. Speedmix mo\u017eno pou\u017ei\u0165 na mie\u0161anie, homogeniz\u00e1ciu, disperg\u00e1ciu, suspend\u00e1ciu a rozp\u00fa\u0161\u0165anie \u0161irok\u00e9ho spektra hm\u00f4t. Rozsah v\u00fdkonu: od 0,75 do 30 kW , 750 - 3 000 ot\u00e1\u010dok za min\u00fatu.<\/p>\n<p><img fetchpriority=\"high\" decoding=\"async\" class=\"alignnone size-medium wp-image-2846\" src=\"https:\/\/cormac.eu\/wp-content\/uploads\/2022\/04\/Speedmix4-200x300.jpg\" alt=\"\" width=\"200\" height=\"300\" srcset=\"https:\/\/cormac.eu\/wp-content\/uploads\/2022\/04\/Speedmix4-200x300.jpg 200w, https:\/\/cormac.eu\/wp-content\/uploads\/2022\/04\/Speedmix4-681x1024.jpg 681w, https:\/\/cormac.eu\/wp-content\/uploads\/2022\/04\/Speedmix4-768x1154.jpg 768w, https:\/\/cormac.eu\/wp-content\/uploads\/2022\/04\/Speedmix4-1022x1536.jpg 1022w, https:\/\/cormac.eu\/wp-content\/uploads\/2022\/04\/Speedmix4-1363x2048.jpg 1363w, https:\/\/cormac.eu\/wp-content\/uploads\/2022\/04\/Speedmix4-600x902.jpg 600w, https:\/\/cormac.eu\/wp-content\/uploads\/2022\/04\/Speedmix4-scaled.jpg 1703w\" sizes=\"(max-width: 200px) 100vw, 200px\" \/><\/p>\n<table style=\"height: 514px\" width=\"653\">\n<tbody>\n<tr>\n<td width=\"252\">\u00a0<strong>Funkcie<\/strong><\/td>\n<td width=\"249\">\u00a0<strong>V\u00fdhody<\/strong><\/td>\n<\/tr>\n<tr>\n<td>\u00a0Plynul\u00fd frekven\u010dne riaden\u00fd pohon ot\u00e1\u010dok<\/td>\n<td>\n<ul>\n<li>Regul\u00e1cia r\u00fdchlosti<\/li>\n<\/ul>\n<\/td>\n<\/tr>\n<tr>\n<td>\u00a0Vynikaj\u00faca technol\u00f3gia zv\u00e1rania<\/td>\n<td>\n<ul>\n<li>hygienick\u00e9 prevedenie<\/li>\n<li>\u017eiadne trhliny v oceli<\/li>\n<li>jednoduch\u00e9 \u010distenie a splachovanie<\/li>\n<\/ul>\n<\/td>\n<\/tr>\n<tr>\n<td>\u00a0kon\u0161trukcia z nehrdzavej\u00facej ocele<\/td>\n<td>\n<ul>\n<li>hygienick\u00e9<\/li>\n<li>jednoduch\u00e9 \u010distenie<\/li>\n<\/ul>\n<\/td>\n<\/tr>\n<tr>\n<td>\u00a0\u017diadny kontaktn\u00fd v\u00fdrobok na nosenie<\/td>\n<td>\n<ul>\n<li>\u017eiadna kontamin\u00e1cia<\/li>\n<li>hygiena<\/li>\n<\/ul>\n<\/td>\n<\/tr>\n<tr>\n<td>\u0160tandardizovan\u00e9 pr\u00edruby<\/td>\n<td>\n<ul>\n<li>jednoduch\u00e1 v\u00fdmena a \u00fadr\u017eba<\/li>\n<\/ul>\n<\/td>\n<\/tr>\n<\/tbody>\n<\/table>\n<p>&nbsp;<\/p>\n<p>&nbsp;<\/p>","protected":false},"excerpt":{"rendered":"<p>R\u00fdchlomie\u0161i\u010d na mie\u0161anie, homogeniz\u00e1ciu, dispergovanie, suspendovanie a rozp\u00fa\u0161\u0165anie \u0161irok\u00e9ho spektra hm\u00f4t.<\/p>","protected":false},"featured_media":2845,"comment_status":"open","ping_status":"closed","template":"","meta":{"uix_meta_title":"","uix_meta_description":"","uix_canonical_url":""},"product_brand":[],"product_cat":[104],"product_tag":[],"class_list":{"0":"post-2847","1":"product","2":"type-product","3":"status-publish","4":"has-post-thumbnail","6":"product_cat-processing","8":"first","9":"instock","10":"shipping-taxable","11":"product-type-simple"},"_links":{"self":[{"href":"https:\/\/cormac.eu\/sk\/wp-json\/wp\/v2\/product\/2847","targetHints":{"allow":["GET"]}}],"collection":[{"href":"https:\/\/cormac.eu\/sk\/wp-json\/wp\/v2\/product"}],"about":[{"href":"https:\/\/cormac.eu\/sk\/wp-json\/wp\/v2\/types\/product"}],"replies":[{"embeddable":true,"href":"https:\/\/cormac.eu\/sk\/wp-json\/wp\/v2\/comments?post=2847"}],"wp:featuredmedia":[{"embeddable":true,"href":"https:\/\/cormac.eu\/sk\/wp-json\/wp\/v2\/media\/2845"}],"wp:attachment":[{"href":"https:\/\/cormac.eu\/sk\/wp-json\/wp\/v2\/media?parent=2847"}],"wp:term":[{"taxonomy":"product_brand","embeddable":true,"href":"https:\/\/cormac.eu\/sk\/wp-json\/wp\/v2\/product_brand?post=2847"},{"taxonomy":"product_cat","embeddable":true,"href":"https:\/\/cormac.eu\/sk\/wp-json\/wp\/v2\/product_cat?post=2847"},{"taxonomy":"product_tag","embeddable":true,"href":"https:\/\/cormac.eu\/sk\/wp-json\/wp\/v2\/product_tag?post=2847"}],"curies":[{"name":"wp","href":"https:\/\/api.w.org\/{rel}","templated":true}]}}