{"id":2840,"date":"2022-04-24T09:05:50","date_gmt":"2022-04-24T07:05:50","guid":{"rendered":"https:\/\/cormac.eu\/?post_type=product&#038;p=2840"},"modified":"2022-04-24T09:12:47","modified_gmt":"2022-04-24T07:12:47","slug":"system-nepretrziteho-varenia","status":"publish","type":"product","link":"https:\/\/cormac.eu\/sk\/product\/continuous-cooking-system\/","title":{"rendered":"Syst\u00e9m nepretr\u017eit\u00e9ho varenia"},"content":{"rendered":"<p>Vomadiss je revolu\u010dn\u00fd syst\u00e9m varenia vyvinut\u00fd a patentovan\u00fd spolo\u010dnos\u0165ou Vomatec. Ide o horizont\u00e1lny varn\u00fd syst\u00e9m pozost\u00e1vaj\u00faci z valcovej varnej n\u00e1doby, v ktorej je nieko\u013eko r\u00farok. R\u00farky s\u00fa vybaven\u00e9 statick\u00fdmi mie\u0161adlami, ktor\u00e9 umo\u017e\u0148uj\u00fa r\u00fdchle zahriatie hmoty, ktor\u00e1 sa \u010derp\u00e1 cez r\u00farky.<\/p>\n<p><img decoding=\"async\" class=\"alignnone size-medium wp-image-2841\" src=\"https:\/\/cormac.eu\/wp-content\/uploads\/2022\/04\/Vomadiss-internal-2-300x153.jpg\" alt=\"\" width=\"300\" height=\"153\" srcset=\"https:\/\/cormac.eu\/wp-content\/uploads\/2022\/04\/Vomadiss-internal-2-300x153.jpg 300w, https:\/\/cormac.eu\/wp-content\/uploads\/2022\/04\/Vomadiss-internal-2.jpg 400w\" sizes=\"(max-width: 300px) 100vw, 300px\" \/><\/p>\n<p>Tento vyn\u00e1lez skracuje \u010das varenia na pribli\u017ene 30% be\u017en\u00e9ho \u010dasu varenia, \u010d\u00edm sa dosahuje \u00faspora spotreby energie a n\u00e1kladov. Priemern\u00fd \u010das varenia v spor\u00e1ku je 60 a\u017e 90 sek\u00fand. Tento kr\u00e1tky \u010das zotrvania prispieva k inverzii varen\u00e9ho v\u00fdrobku. To umo\u017e\u0148uje, aby sa s hmotou varili aj pr\u00edsady citliv\u00e9 na teplo, ako napr\u00edklad \u017eelat\u00edna. Vari\u010d Vomadiss sa d\u00e1 \u013eahko otvori\u0165 a vy\u010disti\u0165 vodou a parou. To je ve\u013ek\u00e1 v\u00fdhoda v porovnan\u00ed s in\u00fdmi syst\u00e9mami.<\/p>\n<p><img fetchpriority=\"high\" decoding=\"async\" class=\"alignnone  wp-image-2842\" src=\"https:\/\/cormac.eu\/wp-content\/uploads\/2022\/04\/Vomadiss-showing-static-mixers-3.jpg\" alt=\"\" width=\"267\" height=\"215\" \/><\/p>\n<p>Na pr\u00edvodnom potrub\u00ed spor\u00e1ka boli vykonan\u00e9 mimoriadne opatrenia, aby sa v pr\u00edpade preru\u0161enia dod\u00e1vky elektrickej energie mohol spor\u00e1k vyf\u00faknu\u0165 a nedo\u0161lo k pop\u00e1leniu. Vn\u00fatro vari\u010da mo\u017eno \u013eahko skontrolova\u0165 odstr\u00e1nen\u00edm nerezov\u00fdch krytov hlavy. Vari\u010d Vomadiss je vhodn\u00fd pre v\u00e4\u010d\u0161inu cukrovarn\u00edckych v\u00fdrobkov alebo n\u00e1hrad cukru a dod\u00e1va sa s v\u00e1kuovou komorou alebo bez nej v z\u00e1vislosti od v\u00fdrobku. V\u00e1kuov\u00e1 komora sl\u00fa\u017ei na odv\u00e1dzanie p\u00e1r z varenia pomocou v\u00e1kua. V\u00fdpary sa kondenzuj\u00fa v kondenz\u00e1tore. S\u00fa\u010dasne sa varen\u00e1 hmota teplotne ochladzuje.<\/p>\n<p>&nbsp;<\/p>\n<table style=\"height: 578px\" width=\"634\">\n<tbody>\n<tr>\n<td width=\"182\">\u00a0<strong>Funkcie<\/strong><\/td>\n<td width=\"182\">\u00a0<strong>V\u00fdhody<\/strong><\/td>\n<\/tr>\n<tr>\n<td>\u00a0namontovan\u00e9 na r\u00e1me<\/td>\n<td>\n<ul>\n<li>kompaktn\u00fd<\/li>\n<li>jednoduch\u00e1 in\u0161tal\u00e1cia<\/li>\n<\/ul>\n<\/td>\n<\/tr>\n<tr>\n<td>\u00a0Skrutkovan\u00e1 bo\u010dn\u00e1 doska<\/td>\n<td>\n<ul>\n<li>jednoduch\u00e9 otv\u00e1ranie<\/li>\n<li>extrakcia statick\u00fdch mie\u0161a\u010dov<\/li>\n<li>jednoduch\u00e9 \u010distenie<\/li>\n<\/ul>\n<\/td>\n<\/tr>\n<tr>\n<td>\u00a0r\u00farky a statick\u00e9 mie\u0161a\u010dky<\/td>\n<td>\n<ul>\n<li>kr\u00e1tke \u010dasy varenia<\/li>\n<li>\u017eiadne spa\u013eovanie v\u00fdrobkov<\/li>\n<li>\u00faspory energie<\/li>\n<\/ul>\n<\/td>\n<\/tr>\n<tr>\n<td>\u00a0pripojen\u00e1 v\u00e1kuov\u00e1 komora<\/td>\n<td>\n<ul>\n<li>\u00fa\u010dinn\u00e9 ochladzovanie hmoty<\/li>\n<li>r\u00fdchla extrakcia p\u00e1r<\/li>\n<li>exek\u00facie tvrd\u00fdch a m\u00e4kk\u00fdch cukr\u00edkov<\/li>\n<\/ul>\n<\/td>\n<\/tr>\n<\/tbody>\n<\/table>","protected":false},"excerpt":{"rendered":"<p>Kontinu\u00e1lny vari\u010d na cukrovinky, ako s\u00fa \u017eel\u00e9 a \u017euva\u010dky, marshmallows, \u017euvacie cukr\u00edky, sladk\u00e9 drievko, fond\u00e1n, nug\u00e1t, tvrd\u00e9 cukr\u00edky, v\u00fdrobky bez cukru.<\/p>","protected":false},"featured_media":2839,"comment_status":"open","ping_status":"closed","template":"","meta":{"uix_meta_title":"","uix_meta_description":"","uix_canonical_url":""},"product_brand":[],"product_cat":[104],"product_tag":[],"class_list":{"0":"post-2840","1":"product","2":"type-product","3":"status-publish","4":"has-post-thumbnail","6":"product_cat-processing","8":"first","9":"instock","10":"shipping-taxable","11":"product-type-simple"},"_links":{"self":[{"href":"https:\/\/cormac.eu\/sk\/wp-json\/wp\/v2\/product\/2840","targetHints":{"allow":["GET"]}}],"collection":[{"href":"https:\/\/cormac.eu\/sk\/wp-json\/wp\/v2\/product"}],"about":[{"href":"https:\/\/cormac.eu\/sk\/wp-json\/wp\/v2\/types\/product"}],"replies":[{"embeddable":true,"href":"https:\/\/cormac.eu\/sk\/wp-json\/wp\/v2\/comments?post=2840"}],"wp:featuredmedia":[{"embeddable":true,"href":"https:\/\/cormac.eu\/sk\/wp-json\/wp\/v2\/media\/2839"}],"wp:attachment":[{"href":"https:\/\/cormac.eu\/sk\/wp-json\/wp\/v2\/media?parent=2840"}],"wp:term":[{"taxonomy":"product_brand","embeddable":true,"href":"https:\/\/cormac.eu\/sk\/wp-json\/wp\/v2\/product_brand?post=2840"},{"taxonomy":"product_cat","embeddable":true,"href":"https:\/\/cormac.eu\/sk\/wp-json\/wp\/v2\/product_cat?post=2840"},{"taxonomy":"product_tag","embeddable":true,"href":"https:\/\/cormac.eu\/sk\/wp-json\/wp\/v2\/product_tag?post=2840"}],"curies":[{"name":"wp","href":"https:\/\/api.w.org\/{rel}","templated":true}]}}