{"id":2838,"date":"2022-04-24T09:00:12","date_gmt":"2022-04-24T07:00:12","guid":{"rendered":"https:\/\/cormac.eu\/?post_type=product&#038;p=2838"},"modified":"2022-04-24T09:00:22","modified_gmt":"2022-04-24T07:00:22","slug":"instalacia-premixu-2","status":"publish","type":"product","link":"https:\/\/cormac.eu\/sk\/product\/premix-installlation\/","title":{"rendered":"In\u0161tal\u00e1cia premixu"},"content":{"rendered":"<p>Toto predmie\u0161avacie zariadenie sa pou\u017e\u00edva na rozp\u00fa\u0161\u0165anie a predmie\u0161avanie zlo\u017eiek, ako je cukor, voda, gluk\u00f3za a in\u00e9, s cie\u013eom pripravi\u0165 d\u00e1vku na varenie. Toto zariadenie je kombin\u00e1ciou dvoch mie\u0161ac\u00edch n\u00e1dob. Prv\u00e1 a horn\u00e1 n\u00e1doba sl\u00fa\u017ei ako premix\u00e9r, ktor\u00fd sa zvy\u010dajne pou\u017e\u00edva na rozp\u00fa\u0161\u0165anie pevn\u00fdch zlo\u017eiek vo vode a na ich postupn\u00e9 (pred)mie\u0161anie s in\u00fdmi zlo\u017ekami. Druh\u00fd mie\u0161a\u010d sa potom pou\u017e\u00edva na \u010fal\u0161ie mie\u0161anie, tak\u017ee zmie\u0161an\u00e1 d\u00e1vka je teraz pripraven\u00e1 na varenie. Mie\u0161acie n\u00e1doby s\u00fa dvojstenn\u00e9 a vyroben\u00e9 z nehrdzavej\u00facej ocele, vhodn\u00e9 pre n\u00edzkotlakov\u00fa paru s maxim\u00e1lnym tlakom 3 bary. Dod\u00e1vaj\u00fa sa s vykl\u00e1pac\u00edm vekom a dvojr\u00fdchlostn\u00fdm mix\u00e9rom Speedmix s v\u00fdkonom 2,2 - 3 kW pri 1 500 - 3 000 ot\u00e1\u010dkach za min\u00fatu. Teplomery s\u00fa osaden\u00e9 cez stenu, pri\u010dom do dna je osaden\u00fd ru\u010dne ovl\u00e1dan\u00fd \u0161krtiaci ventil DN 40. * N\u00e1dr\u017ee s\u00fa podopret\u00e9 tromi nohami. N\u00e1doby s kr\u00e1tkym potrub\u00edm s\u00fa spojen\u00e9 spojkami pod\u013ea normy DIN 11851.<br \/>\nRozsah kapacity: od 1 000 do 5 000 kg\/hod.<\/p>\n<p>&nbsp;<\/p>\n<table style=\"height: 494px\" width=\"534\">\n<tbody>\n<tr>\n<td width=\"143\">\u00a0<strong>Funkcie<\/strong><\/td>\n<td width=\"143\">\u00a0<strong>V\u00fdhody<\/strong><\/td>\n<\/tr>\n<tr>\n<td>Digit\u00e1lne sn\u00edma\u010de za\u0165a\u017eenia IP 65<\/td>\n<td>\n<ul>\n<li>Presn\u00e9 objemy d\u00e1vok<\/li>\n<li>Kontrola hmotnosti<\/li>\n<\/ul>\n<\/td>\n<\/tr>\n<tr>\n<td>Siemens PLC S7<\/td>\n<td>\n<ul>\n<li>presn\u00e9 riadenie procesu<\/li>\n<li>Bezplatne programovate\u013en\u00e9<\/li>\n<\/ul>\n<\/td>\n<\/tr>\n<tr>\n<td>Vyhotovenie z nehrdzavej\u00facej ocele<\/td>\n<td>\n<ul>\n<li>Hygenic<\/li>\n<li>Jednoduch\u00e9 \u010distenie<\/li>\n<\/ul>\n<\/td>\n<\/tr>\n<tr>\n<td>Kon\u0161trukcia v s\u00falade s HACCP<\/td>\n<td>\n<ul>\n<li>Hygenic<\/li>\n<li>Bezpe\u010dn\u00e9<\/li>\n<\/ul>\n<\/td>\n<\/tr>\n<\/tbody>\n<\/table>\n<p>&nbsp;<\/p>","protected":false},"excerpt":{"rendered":"<p>In\u0161tal\u00e1cia premixu na rozp\u00fa\u0161\u0165anie a predbe\u017en\u00e9 mie\u0161anie zlo\u017eiek pred varen\u00edm.<\/p>","protected":false},"featured_media":2837,"comment_status":"open","ping_status":"closed","template":"","meta":{"uix_meta_title":"","uix_meta_description":"","uix_canonical_url":""},"product_brand":[],"product_cat":[104],"product_tag":[],"class_list":{"0":"post-2838","1":"product","2":"type-product","3":"status-publish","4":"has-post-thumbnail","6":"product_cat-processing","8":"first","9":"instock","10":"shipping-taxable","11":"product-type-simple"},"_links":{"self":[{"href":"https:\/\/cormac.eu\/sk\/wp-json\/wp\/v2\/product\/2838","targetHints":{"allow":["GET"]}}],"collection":[{"href":"https:\/\/cormac.eu\/sk\/wp-json\/wp\/v2\/product"}],"about":[{"href":"https:\/\/cormac.eu\/sk\/wp-json\/wp\/v2\/types\/product"}],"replies":[{"embeddable":true,"href":"https:\/\/cormac.eu\/sk\/wp-json\/wp\/v2\/comments?post=2838"}],"wp:featuredmedia":[{"embeddable":true,"href":"https:\/\/cormac.eu\/sk\/wp-json\/wp\/v2\/media\/2837"}],"wp:attachment":[{"href":"https:\/\/cormac.eu\/sk\/wp-json\/wp\/v2\/media?parent=2838"}],"wp:term":[{"taxonomy":"product_brand","embeddable":true,"href":"https:\/\/cormac.eu\/sk\/wp-json\/wp\/v2\/product_brand?post=2838"},{"taxonomy":"product_cat","embeddable":true,"href":"https:\/\/cormac.eu\/sk\/wp-json\/wp\/v2\/product_cat?post=2838"},{"taxonomy":"product_tag","embeddable":true,"href":"https:\/\/cormac.eu\/sk\/wp-json\/wp\/v2\/product_tag?post=2838"}],"curies":[{"name":"wp","href":"https:\/\/api.w.org\/{rel}","templated":true}]}}