{"id":2793,"date":"2022-04-22T11:37:24","date_gmt":"2022-04-22T09:37:24","guid":{"rendered":"https:\/\/cormac.eu\/?post_type=product&#038;p=2793"},"modified":"2022-05-30T16:29:02","modified_gmt":"2022-05-30T14:29:02","slug":"kontinualny-mixer","status":"publish","type":"product","link":"https:\/\/cormac.eu\/sk\/product\/continuous-blender\/","title":{"rendered":"Kontinu\u00e1lny mix\u00e9r"},"content":{"rendered":"<p>Nov\u00fd mie\u0161ac\u00ed stroj Trefa umo\u017e\u0148uje kontinu\u00e1lne mie\u0161anie a mixovanie viacer\u00fdch zlo\u017eiek v jednej linke. Jedine\u010dnou vlastnos\u0165ou tohto stroja je, \u017ee mie\u0161anie\/mie\u0161anie prebieha s minim\u00e1lnym strihom a bez rizika zablokovania alebo po\u0161kodenia pr\u00edsad alebo po\u0161kodenia jemnej \u0161trukt\u00fary penov\u00fdch buniek.V pr\u00edpade pripojenia za stroj na kontinu\u00e1lne mie\u0161anie peny Trefa sa t\u00e1to pena alebo pena m\u00f4\u017ee kontinu\u00e1lne mie\u0161a\u0165 s inou penou\/pena alebo s pevn\u00fdmi \u010dasticami r\u00f4znych ve\u013ekost\u00ed, ako s\u00fa k\u00fasky (such\u00e9ho) ovocia, \u010dokol\u00e1da, orechy, hrozienka at\u010f. V \u0161peci\u00e1lne navrhnutej mie\u0161acej hlave sa pr\u00edsady starostlivo mie\u0161aj\u00fa bez rizika po\u0161kodenia zlo\u017eiek alebo jemnej \u0161trukt\u00fary peny, \u010do vedie k ve\u013emi stabiln\u00e9mu a homog\u00e9nnemu kone\u010dn\u00e9mu produktu. Po\u010das tohto procesu sa m\u00f4\u017ee mie\u0161acia hlava v pr\u00edpade potreby ochladzova\u0165 alebo zahrieva\u0165. Tento stroj m\u00f4\u017ee by\u0165 vybaven\u00fd vstrekovacou jednotkou na vstrekovanie ar\u00f3my a\/alebo farby. Samozrejme, tento stroj je navrhnut\u00fd a vyroben\u00fd s oh\u013eadom na hygienick\u00e9 pou\u017eitie, preto je cel\u00fd vyroben\u00fd z nehrdzavej\u00facej ocele a mo\u017eno ho \u010disti\u0165 in-line alebo pripoji\u0165 k syst\u00e9mu \u010distenia na mieste (CIP).<\/p>\n<p>&nbsp;<\/p>\n<p><img fetchpriority=\"high\" decoding=\"async\" class=\"alignnone size-medium wp-image-2796\" src=\"https:\/\/cormac.eu\/wp-content\/uploads\/2022\/04\/mixing-ingredients-into-batter-300x217.jpg\" alt=\"\" width=\"300\" height=\"217\" srcset=\"https:\/\/cormac.eu\/wp-content\/uploads\/2022\/04\/mixing-ingredients-into-batter-300x217.jpg 300w, https:\/\/cormac.eu\/wp-content\/uploads\/2022\/04\/mixing-ingredients-into-batter.jpg 406w\" sizes=\"(max-width: 300px) 100vw, 300px\" \/><\/p>\n<p>&nbsp;<\/p>\n<table style=\"height: 351px;\" width=\"587\">\n<tbody>\n<tr>\n<td width=\"197\">\u00a0<strong>Funkcie<\/strong><\/td>\n<td width=\"197\">\u00a0<strong>V\u00fdhody<\/strong><\/td>\n<\/tr>\n<tr>\n<td>\u0160peci\u00e1lna kon\u0161trukcia mie\u0161acej hlavy<\/td>\n<td>\n<ul>\n<li>n\u00edzky strih<\/li>\n<li>nepo\u0161kodzuje jemn\u00e9 penov\u00e9 \u0161trukt\u00fary<\/li>\n<li>\u017eiadne po\u0161kodenie zlo\u017eiek<\/li>\n<\/ul>\n<\/td>\n<\/tr>\n<tr>\n<td>Vyhotovenie z nehrdzavej\u00facej ocele<\/td>\n<td>\n<ul>\n<li>hygiena<\/li>\n<li>\u013eahko sa \u010dist\u00ed<\/li>\n<\/ul>\n<\/td>\n<\/tr>\n<tr>\n<td>Mie\u0161acia hlava s pl\u00e1\u0161\u0165om<\/td>\n<td>\n<ul>\n<li>regul\u00e1cia teploty<\/li>\n<\/ul>\n<\/td>\n<\/tr>\n<\/tbody>\n<\/table>\n<p>&nbsp;<\/p>","protected":false},"excerpt":{"rendered":"<p>Stroj na mie\u0161anie (prevzdu\u0161nen\u00fdch) pien s in\u00fdmi hmotami alebo pr\u00edsadami, ako s\u00fa ovocn\u00e9 \u010dastice, orechy, \u010dokol\u00e1dov\u00e9 lupienky, hrozienka at\u010f. Kapacita od 25 kg\/h do 7 500 kg\/h.<\/p>","protected":false},"featured_media":2794,"comment_status":"open","ping_status":"closed","template":"","meta":{"uix_meta_title":"","uix_meta_description":"","uix_canonical_url":""},"product_brand":[],"product_cat":[104],"product_tag":[],"class_list":{"0":"post-2793","1":"product","2":"type-product","3":"status-publish","4":"has-post-thumbnail","6":"product_cat-processing","8":"first","9":"instock","10":"shipping-taxable","11":"product-type-simple"},"_links":{"self":[{"href":"https:\/\/cormac.eu\/sk\/wp-json\/wp\/v2\/product\/2793","targetHints":{"allow":["GET"]}}],"collection":[{"href":"https:\/\/cormac.eu\/sk\/wp-json\/wp\/v2\/product"}],"about":[{"href":"https:\/\/cormac.eu\/sk\/wp-json\/wp\/v2\/types\/product"}],"replies":[{"embeddable":true,"href":"https:\/\/cormac.eu\/sk\/wp-json\/wp\/v2\/comments?post=2793"}],"wp:featuredmedia":[{"embeddable":true,"href":"https:\/\/cormac.eu\/sk\/wp-json\/wp\/v2\/media\/2794"}],"wp:attachment":[{"href":"https:\/\/cormac.eu\/sk\/wp-json\/wp\/v2\/media?parent=2793"}],"wp:term":[{"taxonomy":"product_brand","embeddable":true,"href":"https:\/\/cormac.eu\/sk\/wp-json\/wp\/v2\/product_brand?post=2793"},{"taxonomy":"product_cat","embeddable":true,"href":"https:\/\/cormac.eu\/sk\/wp-json\/wp\/v2\/product_cat?post=2793"},{"taxonomy":"product_tag","embeddable":true,"href":"https:\/\/cormac.eu\/sk\/wp-json\/wp\/v2\/product_tag?post=2793"}],"curies":[{"name":"wp","href":"https:\/\/api.w.org\/{rel}","templated":true}]}}