{"id":2790,"date":"2022-04-22T11:31:49","date_gmt":"2022-04-22T09:31:49","guid":{"rendered":"https:\/\/cormac.eu\/?post_type=product&#038;p=2790"},"modified":"2022-06-07T18:35:43","modified_gmt":"2022-06-07T16:35:43","slug":"vyrovnavacia-nadrz","status":"publish","type":"product","link":"https:\/\/cormac.eu\/sk\/product\/buffer-tank\/","title":{"rendered":"Vyrovn\u00e1vacia n\u00e1dr\u017e"},"content":{"rendered":"<p>Vyrovn\u00e1vacia n\u00e1dr\u017e ako s\u00fa\u010das\u0165 v\u00fdrobnej linky, m\u00f4\u017ee by\u0165 jednostenn\u00e1 alebo dvojstenn\u00e1, izolovan\u00e1, s mie\u0161adlom alebo bez neho, s vyp\u00fa\u0161\u0165an\u00edm pre n\u00edzkovisk\u00f3zny alebo vysoko visk\u00f3zny produkt. Volite\u013ene m\u00f4\u017ee by\u0165 s vyrovn\u00e1vacou n\u00e1dr\u017eou dodan\u00e9 vhodn\u00e9 \u010derpadlo. N\u00e1dr\u017e je samozrejme mo\u017en\u00e9 pripravi\u0165 bu\u010f na ru\u010dn\u00e9 \u010distenie, alebo na pripojenie k syst\u00e9mu CIP.<\/p>\n<p>&nbsp;<\/p>\n<table style=\"height: 269px\" width=\"509\">\n<tbody>\n<tr>\n<td width=\"143\">\n<p style=\"text-align: center\">\u00a0<strong>Funkcie<\/strong><\/p>\n<\/td>\n<td width=\"143\">\n<p style=\"text-align: center\">\u00a0<strong>V\u00fdhody<\/strong><\/p>\n<\/td>\n<\/tr>\n<tr>\n<td>Vyhotovenie z nehrdzavej\u00facej ocele<\/td>\n<td>\n<ul>\n<li>Hygienick\u00e9<\/li>\n<li>Jednoduch\u00e9 \u010distenie<\/li>\n<\/ul>\n<\/td>\n<\/tr>\n<tr>\n<td>Odoln\u00e1 kon\u0161trukcia<\/td>\n<td>\n<ul>\n<li>Dlh\u00e1 \u017eivotnos\u0165<\/li>\n<li>\u0165a\u017ek\u00e1 prev\u00e1dzka<\/li>\n<\/ul>\n<\/td>\n<\/tr>\n<\/tbody>\n<\/table>","protected":false},"excerpt":{"rendered":"<p>Vyrovn\u00e1vacia n\u00e1dr\u017e na integr\u00e1ciu do v\u00fdrobn\u00e9ho procesu.<\/p>","protected":false},"featured_media":2791,"comment_status":"open","ping_status":"closed","template":"","meta":{"uix_meta_title":"","uix_meta_description":"","uix_canonical_url":""},"product_brand":[],"product_cat":[104],"product_tag":[],"class_list":{"0":"post-2790","1":"product","2":"type-product","3":"status-publish","4":"has-post-thumbnail","6":"product_cat-processing","8":"first","9":"instock","10":"shipping-taxable","11":"product-type-simple"},"_links":{"self":[{"href":"https:\/\/cormac.eu\/sk\/wp-json\/wp\/v2\/product\/2790","targetHints":{"allow":["GET"]}}],"collection":[{"href":"https:\/\/cormac.eu\/sk\/wp-json\/wp\/v2\/product"}],"about":[{"href":"https:\/\/cormac.eu\/sk\/wp-json\/wp\/v2\/types\/product"}],"replies":[{"embeddable":true,"href":"https:\/\/cormac.eu\/sk\/wp-json\/wp\/v2\/comments?post=2790"}],"wp:featuredmedia":[{"embeddable":true,"href":"https:\/\/cormac.eu\/sk\/wp-json\/wp\/v2\/media\/2791"}],"wp:attachment":[{"href":"https:\/\/cormac.eu\/sk\/wp-json\/wp\/v2\/media?parent=2790"}],"wp:term":[{"taxonomy":"product_brand","embeddable":true,"href":"https:\/\/cormac.eu\/sk\/wp-json\/wp\/v2\/product_brand?post=2790"},{"taxonomy":"product_cat","embeddable":true,"href":"https:\/\/cormac.eu\/sk\/wp-json\/wp\/v2\/product_cat?post=2790"},{"taxonomy":"product_tag","embeddable":true,"href":"https:\/\/cormac.eu\/sk\/wp-json\/wp\/v2\/product_tag?post=2790"}],"curies":[{"name":"wp","href":"https:\/\/api.w.org\/{rel}","templated":true}]}}