{"id":2736,"date":"2022-04-21T21:04:04","date_gmt":"2022-04-21T19:04:04","guid":{"rendered":"https:\/\/cormac.eu\/?post_type=product&#038;p=2736"},"modified":"2022-04-21T21:16:11","modified_gmt":"2022-04-21T19:16:11","slug":"run-universal-wrapping-machine","status":"publish","type":"product","link":"https:\/\/cormac.eu\/sk\/product\/run-universal-wrapping-machine\/","title":{"rendered":"Univerz\u00e1lny baliaci stroj RUN"},"content":{"rendered":"<p><strong>Popis: V s\u00fa\u010dasnosti sa nach\u00e1dza na \u00fazem\u00ed Slovenskej republiky: <\/strong>Universal wrapping machine for various products, such as products with flat bottom, eggs, balls, barrels and hollow figures in diverse wrapping styles. This machine is a further development of the proven RU machine\u2019s with the difference that it\u2019s components are bundled in modules, the speed is higher and due to the latter usually this machine is delived with an automatic feeding system. Weight approx. 1700 kg; Power 3kVA.<\/p>\n<p><strong>\u00a0<\/strong><strong>Wrapping style<\/strong>: bunch wrap, double twist, string attachment; foot gluing attachment, \u00a0labeling, heat sealing, front folding, back folding, bottom folding seam, figure foiling, twisted string, string with adhesive tape.<\/p>\n<p><strong>Rozsah kapacity:<\/strong> up to 150 ppm , depending on shape and regularity<\/p>\n<p><img decoding=\"async\" class=\"alignnone size-medium wp-image-2732\" src=\"https:\/\/cormac.eu\/wp-content\/uploads\/2022\/04\/Products-Knipsel-300x157.jpg\" alt=\"\" width=\"300\" height=\"157\" srcset=\"https:\/\/cormac.eu\/wp-content\/uploads\/2022\/04\/Products-Knipsel-300x157.jpg 300w, https:\/\/cormac.eu\/wp-content\/uploads\/2022\/04\/Products-Knipsel.jpg 414w\" sizes=\"(max-width: 300px) 100vw, 300px\" \/><\/p>\n<p>&nbsp;<\/p>\n<table>\n<tbody>\n<tr>\n<td width=\"293\"><strong>Features (some optional)<\/strong><\/td>\n<td width=\"293\"><strong>V\u00fdhody<\/strong><\/td>\n<\/tr>\n<tr>\n<td width=\"293\">Riadiaca hlava registra<\/td>\n<td width=\"293\">\n<ul>\n<li>Full control of machine functions<\/li>\n<\/ul>\n<\/td>\n<\/tr>\n<tr>\n<td width=\"293\">Closed gear box with centralized lubrication system and constant oil filtering<\/td>\n<td width=\"293\">\n<ul>\n<li>Prevention of oil contamination<\/li>\n<li>nen\u00e1ro\u010dn\u00e1 \u00fadr\u017eba<\/li>\n<\/ul>\n<\/td>\n<\/tr>\n<tr>\n<td width=\"293\">Plynul\u00e1 regul\u00e1cia ot\u00e1\u010dok s frekven\u010dn\u00fdm meni\u010dom<\/td>\n<td width=\"293\">\n<ul>\n<li>Dokonal\u00e1 regul\u00e1cia r\u00fdchlosti<\/li>\n<\/ul>\n<\/td>\n<\/tr>\n<tr>\n<td width=\"293\">Discharge transport<\/td>\n<td width=\"293\">\n<ul>\n<li>Controlled product discharge<\/li>\n<\/ul>\n<\/td>\n<\/tr>\n<tr>\n<td width=\"293\">Feeding belt and automatic feeding systems<\/td>\n<td width=\"293\">\n<ul>\n<li>Vy\u0161\u0161ia \u00fa\u010dinnos\u0165<\/li>\n<\/ul>\n<\/td>\n<\/tr>\n<tr>\n<td width=\"293\">Photo cell spot control<\/td>\n<td width=\"293\">\n<ul>\n<li>Print positioning control<\/li>\n<\/ul>\n<\/td>\n<\/tr>\n<tr>\n<td width=\"293\">Piece and tact counter<\/td>\n<td width=\"293\">\n<ul>\n<li>Accurate output measurement<\/li>\n<\/ul>\n<\/td>\n<\/tr>\n<tr>\n<td width=\"293\">Format parts , infeed, folding parts and discharge parts easily accessible<\/td>\n<td width=\"293\">\n<ul>\n<li>Quick change-over<\/li>\n<li>Jednoduch\u00e1 \u00fadr\u017eba<\/li>\n<\/ul>\n<\/td>\n<\/tr>\n<tr>\n<td width=\"293\">Automatick\u00e9 zastavenie pod\u00e1vania f\u00f3lie<\/td>\n<td width=\"293\">\n<ul>\n<li>\u017diadny v\u00fdrobok - \u017eiadny obal<\/li>\n<li>Predch\u00e1dzanie zaseknutiu f\u00f3lie<\/li>\n<\/ul>\n<\/td>\n<\/tr>\n<tr>\n<td width=\"293\">Druh\u00e9 zariadenie na odv\u00edjanie f\u00f3lie<\/td>\n<td width=\"293\">\n<ul>\n<li>Pou\u017eitie vn\u00fatorn\u00e9ho a vonkaj\u0161ieho obalov\u00e9ho materi\u00e1lu<\/li>\n<\/ul>\n<\/td>\n<\/tr>\n<tr>\n<td width=\"293\">Sp\u00e1jkovacia jednotka<\/td>\n<td width=\"293\">\n<ul>\n<li>Automatic reel change for higher efficiency<\/li>\n<\/ul>\n<\/td>\n<\/tr>\n<tr>\n<td width=\"293\">Rozv\u00e1dza\u010d s SPS<\/td>\n<td width=\"293\">\n<ul>\n<li>Excellent central machine control<\/li>\n<\/ul>\n<\/td>\n<\/tr>\n<\/tbody>\n<\/table>\n<p>&nbsp;<\/p>\n<table>\n<tbody>\n<tr>\n<td colspan=\"4\" width=\"585\">\n<p style=\"text-align: center\"><strong>Packaging material dimensions<\/strong><\/p>\n<\/td>\n<\/tr>\n<tr>\n<td width=\"146\">\n<p style=\"text-align: center\">\u0160\u00edrka<\/p>\n<\/td>\n<td style=\"text-align: center\" width=\"146\">Cut off length<\/td>\n<td style=\"text-align: center\" width=\"146\">Reel \u00d8<\/td>\n<td style=\"text-align: center\" width=\"146\">Core \u00d8<\/td>\n<\/tr>\n<tr>\n<td style=\"text-align: center\" width=\"146\">40 \u2013 100 mm<\/td>\n<td style=\"text-align: center\" width=\"146\">40 \u2013 100 mm<\/td>\n<td style=\"text-align: center\" width=\"146\">250 mm<\/td>\n<td width=\"146\">\n<p style=\"text-align: center\">35 \u2013 78 mm<\/p>\n<\/td>\n<\/tr>\n<\/tbody>\n<\/table>\n<p>&nbsp;<\/p>","protected":false},"excerpt":{"rendered":"<p>Univerz\u00e1lny baliaci stroj na \u0161irok\u00fa \u0161k\u00e1lu \u010dokol\u00e1dov\u00fdch v\u00fdrobkov a niektor\u00fdch pek\u00e1rensk\u00fdch v\u00fdrobkov<\/p>","protected":false},"featured_media":2735,"comment_status":"open","ping_status":"closed","template":"","meta":{"uix_meta_title":"","uix_meta_description":"","uix_canonical_url":""},"product_brand":[],"product_cat":[105],"product_tag":[],"class_list":{"0":"post-2736","1":"product","2":"type-product","3":"status-publish","4":"has-post-thumbnail","6":"product_cat-packaging","8":"first","9":"instock","10":"shipping-taxable","11":"product-type-simple"},"_links":{"self":[{"href":"https:\/\/cormac.eu\/sk\/wp-json\/wp\/v2\/product\/2736","targetHints":{"allow":["GET"]}}],"collection":[{"href":"https:\/\/cormac.eu\/sk\/wp-json\/wp\/v2\/product"}],"about":[{"href":"https:\/\/cormac.eu\/sk\/wp-json\/wp\/v2\/types\/product"}],"replies":[{"embeddable":true,"href":"https:\/\/cormac.eu\/sk\/wp-json\/wp\/v2\/comments?post=2736"}],"wp:featuredmedia":[{"embeddable":true,"href":"https:\/\/cormac.eu\/sk\/wp-json\/wp\/v2\/media\/2735"}],"wp:attachment":[{"href":"https:\/\/cormac.eu\/sk\/wp-json\/wp\/v2\/media?parent=2736"}],"wp:term":[{"taxonomy":"product_brand","embeddable":true,"href":"https:\/\/cormac.eu\/sk\/wp-json\/wp\/v2\/product_brand?post=2736"},{"taxonomy":"product_cat","embeddable":true,"href":"https:\/\/cormac.eu\/sk\/wp-json\/wp\/v2\/product_cat?post=2736"},{"taxonomy":"product_tag","embeddable":true,"href":"https:\/\/cormac.eu\/sk\/wp-json\/wp\/v2\/product_tag?post=2736"}],"curies":[{"name":"wp","href":"https:\/\/api.w.org\/{rel}","templated":true}]}}