{"id":2734,"date":"2022-04-21T20:24:05","date_gmt":"2022-04-21T18:24:05","guid":{"rendered":"https:\/\/cormac.eu\/?post_type=product&#038;p=2734"},"modified":"2022-06-20T12:06:20","modified_gmt":"2022-06-20T10:06:20","slug":"ru-universal-wrapping-machine","status":"publish","type":"product","link":"https:\/\/cormac.eu\/sk\/product\/ru-universal-wrapping-machine\/","title":{"rendered":"Univerz\u00e1lny baliaci stroj RU"},"content":{"rendered":"<p>Universal wrapping machine for a wide range of products, such as products with flat bottom, eggs, balls, barrels, hollow figures, flat bottom chocolate lollies, small bars, truffles, etc, \u00a0in diverse wrapping styles. If desired this machine can be equipped with a labeling apparatus. \u00a0Capacity range: Up to 120 pieces per minute. Weight approx 1400 kg; Power 3kVA;<\/p>\n<p><strong>Wrapping style<\/strong>: bunch wrap, double twist, labeling, heat sealing , banderole, front folding, front folding with smoothing device, back seam, figure foiling , umbrella heat sealed, figure foiling heat sealed , twisted string, string with adhesive tape, envelope wrap, double or single twist wrap, banderole, etc.<\/p>\n<p><img fetchpriority=\"high\" decoding=\"async\" class=\"alignnone wp-image-2732\" src=\"https:\/\/cormac.eu\/wp-content\/uploads\/2022\/04\/Products-Knipsel-300x157.jpg\" alt=\"\" width=\"334\" height=\"176\" srcset=\"https:\/\/cormac.eu\/wp-content\/uploads\/2022\/04\/Products-Knipsel-300x157.jpg 300w, https:\/\/cormac.eu\/wp-content\/uploads\/2022\/04\/Products-Knipsel.jpg 414w\" sizes=\"(max-width: 334px) 100vw, 334px\" \/><\/p>\n<p>&nbsp;<\/p>\n<table>\n<tbody>\n<tr>\n<td width=\"293\"><strong>Features (some optional)<\/strong><\/td>\n<td width=\"293\"><strong>V\u00fdhody<\/strong><\/td>\n<\/tr>\n<tr>\n<td width=\"293\">Riadiaca hlava registra<\/td>\n<td width=\"293\">\n<ul>\n<li>Full control of machine functions<\/li>\n<\/ul>\n<\/td>\n<\/tr>\n<tr>\n<td width=\"293\">Closed gear box with centralized lubrication system and constant oil filtering<\/td>\n<td width=\"293\">\n<ul>\n<li>Prevention of oil contamination<\/li>\n<li>nen\u00e1ro\u010dn\u00e1 \u00fadr\u017eba<\/li>\n<\/ul>\n<\/td>\n<\/tr>\n<tr>\n<td width=\"293\">Plynul\u00e1 regul\u00e1cia ot\u00e1\u010dok s frekven\u010dn\u00fdm meni\u010dom<\/td>\n<td width=\"293\">\n<ul>\n<li>Dokonal\u00e1 regul\u00e1cia r\u00fdchlosti<\/li>\n<\/ul>\n<\/td>\n<\/tr>\n<tr>\n<td width=\"293\">Discharge transport<\/td>\n<td width=\"293\">\n<ul>\n<li>Controlled product discharge<\/li>\n<\/ul>\n<\/td>\n<\/tr>\n<tr>\n<td width=\"293\">Feeding belt and automatic feeding systems<\/td>\n<td width=\"293\">\n<ul>\n<li>Vy\u0161\u0161ia \u00fa\u010dinnos\u0165<\/li>\n<\/ul>\n<\/td>\n<\/tr>\n<tr>\n<td width=\"293\">Photo cell spot control<\/td>\n<td width=\"293\">\n<ul>\n<li>Print positioning control<\/li>\n<\/ul>\n<\/td>\n<\/tr>\n<tr>\n<td width=\"293\">Piece and tact counter<\/td>\n<td width=\"293\">\n<ul>\n<li>Accurate measurement of product<\/li>\n<\/ul>\n<\/td>\n<\/tr>\n<tr>\n<td width=\"293\">Format parts , infeed, folding parts and discharge parts easily accessible<\/td>\n<td width=\"293\">\n<ul>\n<li>Quick change-over<\/li>\n<li>Jednoduch\u00e1 \u00fadr\u017eba<\/li>\n<\/ul>\n<\/td>\n<\/tr>\n<tr>\n<td width=\"293\">Automatick\u00e9 zastavenie pod\u00e1vania f\u00f3lie<\/td>\n<td width=\"293\">\n<ul>\n<li>\u017diadny v\u00fdrobok - \u017eiadny obal<\/li>\n<li>Predch\u00e1dzanie zaseknutiu f\u00f3lie<\/li>\n<\/ul>\n<\/td>\n<\/tr>\n<tr>\n<td width=\"293\">Druh\u00e9 zariadenie na odv\u00edjanie f\u00f3lie<\/td>\n<td width=\"293\">\n<ul>\n<li>Application of an inner and outer wrapping material<\/li>\n<\/ul>\n<\/td>\n<\/tr>\n<tr>\n<td width=\"293\">Sp\u00e1jkovacia jednotka<\/td>\n<td width=\"293\">\n<ul>\n<li>Automatic reel change for higher efficiency<\/li>\n<\/ul>\n<\/td>\n<\/tr>\n<tr>\n<td width=\"293\">Rozv\u00e1dza\u010d s SPS<\/td>\n<td width=\"293\">\n<ul>\n<li>Excellent central machine control<\/li>\n<\/ul>\n<\/td>\n<\/tr>\n<\/tbody>\n<\/table>\n<p>&nbsp;<\/p>\n<table>\n<tbody>\n<tr>\n<td colspan=\"4\" width=\"585\">\n<p style=\"text-align: center\"><strong>Packing material dimensions<\/strong><\/p>\n<\/td>\n<\/tr>\n<tr>\n<td width=\"146\">\n<p style=\"text-align: center\">\u0160\u00edrka<\/p>\n<\/td>\n<td style=\"text-align: center\" width=\"146\">Cut off length<\/td>\n<td style=\"text-align: center\" width=\"146\">Reel \u00d8<\/td>\n<td width=\"146\">\n<p style=\"text-align: center\">Core \u00d8<\/p>\n<\/td>\n<\/tr>\n<tr>\n<td style=\"text-align: center\" width=\"146\">40-100 mm<\/td>\n<td style=\"text-align: center\" width=\"146\">40-100 mm<\/td>\n<td style=\"text-align: center\" width=\"146\">250 mm<\/td>\n<td width=\"146\">\n<p style=\"text-align: center\">35-78 mm<\/p>\n<\/td>\n<\/tr>\n<\/tbody>\n<\/table>\n<p>&nbsp;<\/p>\n<p>&nbsp;<\/p>","protected":false},"excerpt":{"rendered":"<p>Univerz\u00e1lny baliaci stroj na \u0161irok\u00fa \u0161k\u00e1lu \u010dokol\u00e1dov\u00fdch a niektor\u00fdch pek\u00e1rensk\u00fdch v\u00fdrobkov<\/p>","protected":false},"featured_media":2733,"comment_status":"open","ping_status":"closed","template":"","meta":{"uix_meta_title":"","uix_meta_description":"","uix_canonical_url":""},"product_brand":[],"product_cat":[105],"product_tag":[],"class_list":{"0":"post-2734","1":"product","2":"type-product","3":"status-publish","4":"has-post-thumbnail","6":"product_cat-packaging","8":"first","9":"instock","10":"shipping-taxable","11":"product-type-simple"},"_links":{"self":[{"href":"https:\/\/cormac.eu\/sk\/wp-json\/wp\/v2\/product\/2734","targetHints":{"allow":["GET"]}}],"collection":[{"href":"https:\/\/cormac.eu\/sk\/wp-json\/wp\/v2\/product"}],"about":[{"href":"https:\/\/cormac.eu\/sk\/wp-json\/wp\/v2\/types\/product"}],"replies":[{"embeddable":true,"href":"https:\/\/cormac.eu\/sk\/wp-json\/wp\/v2\/comments?post=2734"}],"wp:featuredmedia":[{"embeddable":true,"href":"https:\/\/cormac.eu\/sk\/wp-json\/wp\/v2\/media\/2733"}],"wp:attachment":[{"href":"https:\/\/cormac.eu\/sk\/wp-json\/wp\/v2\/media?parent=2734"}],"wp:term":[{"taxonomy":"product_brand","embeddable":true,"href":"https:\/\/cormac.eu\/sk\/wp-json\/wp\/v2\/product_brand?post=2734"},{"taxonomy":"product_cat","embeddable":true,"href":"https:\/\/cormac.eu\/sk\/wp-json\/wp\/v2\/product_cat?post=2734"},{"taxonomy":"product_tag","embeddable":true,"href":"https:\/\/cormac.eu\/sk\/wp-json\/wp\/v2\/product_tag?post=2734"}],"curies":[{"name":"wp","href":"https:\/\/api.w.org\/{rel}","templated":true}]}}