{"id":2731,"date":"2022-04-21T19:31:59","date_gmt":"2022-04-21T17:31:59","guid":{"rendered":"https:\/\/cormac.eu\/?post_type=product&#038;p=2731"},"modified":"2022-04-21T22:37:42","modified_gmt":"2022-04-21T20:37:42","slug":"rl-obal-na-cokoladove-lizatko","status":"publish","type":"product","link":"https:\/\/cormac.eu\/sk\/product\/rl-chocolate-lolly-wrapper\/","title":{"rendered":"\u010cokol\u00e1dov\u00fd obal na l\u00edzatko RL"},"content":{"rendered":"<p>Vysoko v\u00fdkonn\u00fd baliaci stroj na balenie \u010dokol\u00e1dov\u00fdch l\u00edzaniek s ploch\u00fdm dnom. Nie je potrebn\u00e1 \u017eiadna tesniaca spona! L\u00edzanky sa vtla\u010dia do prieh\u013eadn\u00e9ho vrecka vytvoren\u00e9ho strojom RL a zatavia sa okolo ty\u010dinky.;Baliaci materi\u00e1l : obojstranne tepelne zatavite\u013en\u00e1 f\u00f3lia; Rozsah kapacity: a\u017e 100 kusov za min\u00fatu; hmotnos\u0165 stroja cca 1300 KG ; v\u00fdkon 4,5 kVA;<br \/>\nSp\u00f4sob balenia: balenie l\u00edzaniek + tepeln\u00e9 tesnenie<\/p>\n<p><img decoding=\"async\" class=\"alignnone wp-image-2730\" src=\"https:\/\/cormac.eu\/wp-content\/uploads\/2022\/04\/wrap-style-Knipsel.jpg\" alt=\"\" width=\"73\" height=\"164\" \/><\/p>\n<table>\n<tbody>\n<tr>\n<td colspan=\"4\" width=\"585\">\n<p style=\"text-align: center\"><strong>Rozmery v\u00fdrobku<\/strong><\/p>\n<\/td>\n<\/tr>\n<tr>\n<td width=\"146\">\n<p style=\"text-align: center\">V\u00fd\u0161ka<\/p>\n<\/td>\n<td style=\"text-align: center\" width=\"146\">D\u013a\u017eka vr\u00e1tane ty\u010de<\/td>\n<td style=\"text-align: center\" width=\"146\">D\u013a\u017eka bez ty\u010de<\/td>\n<td style=\"text-align: center\" width=\"146\">\u0160\u00edrka<\/td>\n<\/tr>\n<tr>\n<td style=\"text-align: center\" width=\"146\">15 mm<\/td>\n<td style=\"text-align: center\" width=\"146\">160 mm<\/td>\n<td style=\"text-align: center\" width=\"146\">65 mm<\/td>\n<td width=\"146\">\n<p style=\"text-align: center\">45 mm<\/p>\n<\/td>\n<\/tr>\n<\/tbody>\n<\/table>\n<p>&nbsp;<\/p>\n<table style=\"height: 641px\" width=\"610\">\n<tbody>\n<tr>\n<td width=\"366\">\n<p style=\"text-align: center\"><strong>Funkcie<\/strong><\/p>\n<\/td>\n<td width=\"219\">\n<p style=\"text-align: center\"><strong>V\u00fdhody<\/strong><\/p>\n<\/td>\n<\/tr>\n<tr>\n<td width=\"366\">Ru\u010dn\u00e9 vkladanie do nepretr\u017eite be\u017eiacej re\u0165aze<\/td>\n<td width=\"219\">\n<ul>\n<li>Vysokor\u00fdchlostn\u00e9 pod\u00e1vanie<\/li>\n<\/ul>\n<p>&nbsp;<\/td>\n<\/tr>\n<tr>\n<td width=\"366\">Riadiaca hlava registra<\/td>\n<td width=\"219\">\n<ul>\n<li>Kontrola tla\u010de<\/li>\n<\/ul>\n<\/td>\n<\/tr>\n<tr>\n<td width=\"366\">Uzavret\u00e1 prevodovka s centr\u00e1lnym mazac\u00edm syst\u00e9mom<\/td>\n<td width=\"219\">\n<ul>\n<li>N\u00edzka \u00fadr\u017eba<\/li>\n<\/ul>\n<\/td>\n<\/tr>\n<tr>\n<td width=\"366\">Plynul\u00e1 regul\u00e1cia ot\u00e1\u010dok s frekven\u010dn\u00fdm meni\u010dom<\/td>\n<td width=\"219\">\n<ul>\n<li>Dokonal\u00e1 regul\u00e1cia r\u00fdchlosti<\/li>\n<\/ul>\n<p>&nbsp;<\/td>\n<\/tr>\n<tr>\n<td width=\"366\">Automatick\u00e9 zastavenie pod\u00e1vania f\u00f3lie<\/td>\n<td width=\"219\">\n<ul>\n<li>\u017diadny v\u00fdrobok - \u017eiadny obal<\/li>\n<li>zabr\u00e1ni\u0165 zaseknutiu f\u00f3lie<\/li>\n<\/ul>\n<\/td>\n<\/tr>\n<tr>\n<td width=\"366\">Sp\u00e1jkovacia jednotka<\/td>\n<td width=\"219\">\n<ul>\n<li>Zv\u00fd\u0161en\u00e1 \u00fa\u010dinnos\u0165<\/li>\n<\/ul>\n<\/td>\n<\/tr>\n<tr>\n<td width=\"366\">Rozv\u00e1dza\u010d s SPS<\/td>\n<td width=\"219\">\n<ul>\n<li>Vynikaj\u00face ovl\u00e1danie stroja<\/li>\n<\/ul>\n<\/td>\n<\/tr>\n<tr>\n<td width=\"366\">Po\u010d\u00edtadlo v\u00fdrobkov a cyklov<\/td>\n<td width=\"219\">\n<ul>\n<li>Ovl\u00e1danie v\u00fdstupu<\/li>\n<\/ul>\n<\/td>\n<\/tr>\n<\/tbody>\n<\/table>","protected":false},"excerpt":{"rendered":"<p>Vysoko v\u00fdkonn\u00fd baliaci stroj na balenie \u010dokol\u00e1dov\u00fdch l\u00edzaniek s ploch\u00fdm dnom.<\/p>","protected":false},"featured_media":2729,"comment_status":"open","ping_status":"closed","template":"","meta":{"uix_meta_title":"","uix_meta_description":"","uix_canonical_url":""},"product_brand":[],"product_cat":[105],"product_tag":[],"class_list":{"0":"post-2731","1":"product","2":"type-product","3":"status-publish","4":"has-post-thumbnail","6":"product_cat-packaging","8":"first","9":"instock","10":"shipping-taxable","11":"product-type-simple"},"_links":{"self":[{"href":"https:\/\/cormac.eu\/sk\/wp-json\/wp\/v2\/product\/2731","targetHints":{"allow":["GET"]}}],"collection":[{"href":"https:\/\/cormac.eu\/sk\/wp-json\/wp\/v2\/product"}],"about":[{"href":"https:\/\/cormac.eu\/sk\/wp-json\/wp\/v2\/types\/product"}],"replies":[{"embeddable":true,"href":"https:\/\/cormac.eu\/sk\/wp-json\/wp\/v2\/comments?post=2731"}],"wp:featuredmedia":[{"embeddable":true,"href":"https:\/\/cormac.eu\/sk\/wp-json\/wp\/v2\/media\/2729"}],"wp:attachment":[{"href":"https:\/\/cormac.eu\/sk\/wp-json\/wp\/v2\/media?parent=2731"}],"wp:term":[{"taxonomy":"product_brand","embeddable":true,"href":"https:\/\/cormac.eu\/sk\/wp-json\/wp\/v2\/product_brand?post=2731"},{"taxonomy":"product_cat","embeddable":true,"href":"https:\/\/cormac.eu\/sk\/wp-json\/wp\/v2\/product_cat?post=2731"},{"taxonomy":"product_tag","embeddable":true,"href":"https:\/\/cormac.eu\/sk\/wp-json\/wp\/v2\/product_tag?post=2731"}],"curies":[{"name":"wp","href":"https:\/\/api.w.org\/{rel}","templated":true}]}}