{"id":2727,"date":"2022-04-21T19:02:27","date_gmt":"2022-04-21T17:02:27","guid":{"rendered":"https:\/\/cormac.eu\/?post_type=product&#038;p=2727"},"modified":"2022-04-21T22:38:40","modified_gmt":"2022-04-21T20:38:40","slug":"rks-wrapping-machine","status":"publish","type":"product","link":"https:\/\/cormac.eu\/sk\/product\/rks-wrapping-machine\/","title":{"rendered":"Baliaci stroj RKS ll"},"content":{"rendered":"<p><span lang=\"EN-US\">High speed wrapping machine designed for products with flat bottom, wrapping in bottom folding, incl. feeding system SV 4 feeder. The machine can be optionally equipped with automatic feeding systems. Capacity range: Up to 400 pieces per minute;\u00a0 Application: Flat bottom products in bunch wrap, heat sealing\u00a0<\/span><\/p>\n<p><img decoding=\"async\" class=\"alignnone wp-image-2700\" src=\"https:\/\/cormac.eu\/wp-content\/uploads\/2022\/04\/sample-4.jpg\" alt=\"\" width=\"132\" height=\"95\" \/><img decoding=\"async\" class=\"alignnone wp-image-2701\" src=\"https:\/\/cormac.eu\/wp-content\/uploads\/2022\/04\/sample-5.jpg\" alt=\"\" width=\"99\" height=\"125\" \/><img decoding=\"async\" class=\"alignnone wp-image-2728\" src=\"https:\/\/cormac.eu\/wp-content\/uploads\/2022\/04\/style-Knipsel.jpg\" alt=\"\" width=\"128\" height=\"91\" \/><\/p>\n<table>\n<tbody>\n<tr>\n<td colspan=\"4\" width=\"585\"><strong>Packaging materials dimensions<\/strong><\/td>\n<\/tr>\n<tr>\n<td width=\"146\">\n<p style=\"text-align: center\"><strong>\u0160\u00edrka<\/strong><\/p>\n<\/td>\n<td style=\"text-align: center\" width=\"146\"><strong>Cut off length<\/strong><\/td>\n<td style=\"text-align: center\" width=\"146\"><strong>Reel <\/strong><strong>\u00d8<\/strong><\/td>\n<td style=\"text-align: center\" width=\"146\"><strong>Core <\/strong><strong>\u00d8<\/strong><\/td>\n<\/tr>\n<tr>\n<td style=\"text-align: center\" width=\"146\">40 \u2013 100 mm<\/td>\n<td style=\"text-align: center\" width=\"146\">40 -100 mm<\/td>\n<td style=\"text-align: center\" width=\"146\">250 mm<\/td>\n<td width=\"146\">\n<p style=\"text-align: center\">35 \u2013 78 mm<\/p>\n<\/td>\n<\/tr>\n<\/tbody>\n<\/table>\n<p>&nbsp;<\/p>\n<table style=\"height: 1081px\" width=\"612\">\n<tbody>\n<tr>\n<td width=\"293\">\n<p style=\"text-align: center\"><strong>Features (some optional)<\/strong><\/p>\n<\/td>\n<td width=\"293\">\n<p style=\"text-align: center\"><strong>V\u00fdhody<\/strong><\/p>\n<\/td>\n<\/tr>\n<tr>\n<td width=\"293\">Riadiaca hlava registra<\/td>\n<td width=\"293\">\n<ul>\n<li>Control of all machine functions<\/li>\n<\/ul>\n<\/td>\n<\/tr>\n<tr>\n<td width=\"293\">Closed gear box, centralized lubrication system, constant oil filtering<\/td>\n<td width=\"293\">\n<ul>\n<li>Prevention of oil contamination, low maintenance<\/li>\n<\/ul>\n<\/td>\n<\/tr>\n<tr>\n<td width=\"293\">Plynul\u00e1 regul\u00e1cia ot\u00e1\u010dok s frekven\u010dn\u00fdm meni\u010dom<\/td>\n<td width=\"293\">\n<ul>\n<li>Dokonal\u00e1 regul\u00e1cia r\u00fdchlosti<\/li>\n<\/ul>\n<p>&nbsp;<\/td>\n<\/tr>\n<tr>\n<td width=\"293\">Drive motor 1.1 kW<\/td>\n<td width=\"293\">\n<ul>\n<li>Smooth running, strong reliable drive<\/li>\n<\/ul>\n<\/td>\n<\/tr>\n<tr>\n<td width=\"293\">Discharge transport<\/td>\n<td width=\"293\">\n<ul>\n<li>Controlled product discharge<\/li>\n<\/ul>\n<\/td>\n<\/tr>\n<tr>\n<td width=\"293\">Feeding belt and automatic feeding systems<\/td>\n<td width=\"293\">\n<ul>\n<li>Vy\u0161\u0161ia \u00fa\u010dinnos\u0165<\/li>\n<\/ul>\n<p>&nbsp;<\/td>\n<\/tr>\n<tr>\n<td width=\"293\">Photo cell spot control<\/td>\n<td width=\"293\">\n<ul>\n<li>Print positioning control<\/li>\n<\/ul>\n<\/td>\n<\/tr>\n<tr>\n<td width=\"293\">Piece and tact counter<\/td>\n<td width=\"293\">\n<ul>\n<li>Accurate measurement of product<\/li>\n<\/ul>\n<\/td>\n<\/tr>\n<tr>\n<td width=\"293\">Format parts , Infeed, folding parts and discharge parts easily accessible<\/td>\n<td width=\"293\">\n<ul>\n<li>Quick change-over<\/li>\n<li>Jednoduch\u00e9 \u010distenie<\/li>\n<\/ul>\n<\/td>\n<\/tr>\n<tr>\n<td width=\"293\">Automatick\u00e9 zastavenie pod\u00e1vania f\u00f3lie<\/td>\n<td width=\"293\">\n<ul>\n<li>\u017diadny v\u00fdrobok - \u017eiadny obal<\/li>\n<li>Predch\u00e1dzanie zaseknutiu f\u00f3lie<\/li>\n<\/ul>\n<\/td>\n<\/tr>\n<tr>\n<td width=\"293\">Druh\u00e9 zariadenie na odv\u00edjanie f\u00f3lie<\/td>\n<td width=\"293\">\n<ul>\n<li>Pou\u017eitie vn\u00fatorn\u00e9ho a vonkaj\u0161ieho obalov\u00e9ho materi\u00e1lu<\/li>\n<\/ul>\n<\/td>\n<\/tr>\n<tr>\n<td width=\"293\">Sp\u00e1jkovacia jednotka<\/td>\n<td width=\"293\">\n<ul>\n<li>Automatic reel change for higher efficiency<\/li>\n<\/ul>\n<\/td>\n<\/tr>\n<tr>\n<td width=\"293\">Rozv\u00e1dza\u010d s SPS<\/td>\n<td width=\"293\">\n<ul>\n<li>Vynikaj\u00face ovl\u00e1danie stroja<\/li>\n<\/ul>\n<\/td>\n<\/tr>\n<\/tbody>\n<\/table>","protected":false},"excerpt":{"rendered":"<p>Vysokor\u00fdchlostn\u00fd baliaci stroj na v\u00fdrobky s ploch\u00fdm dnom.<\/p>","protected":false},"featured_media":2726,"comment_status":"open","ping_status":"closed","template":"","meta":{"uix_meta_title":"","uix_meta_description":"","uix_canonical_url":""},"product_brand":[],"product_cat":[105],"product_tag":[],"class_list":{"0":"post-2727","1":"product","2":"type-product","3":"status-publish","4":"has-post-thumbnail","6":"product_cat-packaging","8":"first","9":"instock","10":"shipping-taxable","11":"product-type-simple"},"_links":{"self":[{"href":"https:\/\/cormac.eu\/sk\/wp-json\/wp\/v2\/product\/2727","targetHints":{"allow":["GET"]}}],"collection":[{"href":"https:\/\/cormac.eu\/sk\/wp-json\/wp\/v2\/product"}],"about":[{"href":"https:\/\/cormac.eu\/sk\/wp-json\/wp\/v2\/types\/product"}],"replies":[{"embeddable":true,"href":"https:\/\/cormac.eu\/sk\/wp-json\/wp\/v2\/comments?post=2727"}],"wp:featuredmedia":[{"embeddable":true,"href":"https:\/\/cormac.eu\/sk\/wp-json\/wp\/v2\/media\/2726"}],"wp:attachment":[{"href":"https:\/\/cormac.eu\/sk\/wp-json\/wp\/v2\/media?parent=2727"}],"wp:term":[{"taxonomy":"product_brand","embeddable":true,"href":"https:\/\/cormac.eu\/sk\/wp-json\/wp\/v2\/product_brand?post=2727"},{"taxonomy":"product_cat","embeddable":true,"href":"https:\/\/cormac.eu\/sk\/wp-json\/wp\/v2\/product_cat?post=2727"},{"taxonomy":"product_tag","embeddable":true,"href":"https:\/\/cormac.eu\/sk\/wp-json\/wp\/v2\/product_tag?post=2727"}],"curies":[{"name":"wp","href":"https:\/\/api.w.org\/{rel}","templated":true}]}}