{"id":2725,"date":"2022-04-21T16:56:38","date_gmt":"2022-04-21T14:56:38","guid":{"rendered":"https:\/\/cormac.eu\/?post_type=product&#038;p=2725"},"modified":"2022-04-21T22:39:30","modified_gmt":"2022-04-21T20:39:30","slug":"baliaci-stroj-rge","status":"publish","type":"product","link":"https:\/\/cormac.eu\/sk\/product\/rge-wrapping-machine\/","title":{"rendered":"Baliaci stroj RGE"},"content":{"rendered":"<p>Baliaci stroj na balenie v\u00fdrobkov, ako s\u00fa vaj\u00ed\u010dka a gu\u013e\u00f4\u010dky (dut\u00e9 alebo plnen\u00e9), v prednom skladan\u00ed, so skr\u00fatenou \u0161n\u00farou a dvojit\u00fdm skr\u00faten\u00edm. Tento stroj na balenie \u010dokol\u00e1dy m\u00f4\u017ee dosiahnu\u0165 r\u00fdchlos\u0165 a\u017e 55 kusov za min\u00fatu. \u0160tandardn\u00e1 verzia RGE dok\u00e1\u017ee spracova\u0165 v\u00fdrobky s priemerom do 70 mm. , zatia\u013e \u010do typ RGE-100 bal\u00ed v\u00fdrobky s maxim\u00e1lnym priemerom 100 mm. Stroj Rasch RGE m\u00f4\u017ee by\u0165 bu\u010f ru\u010dne pod\u00e1van\u00fd, alebo vybaven\u00fd automatick\u00fdm pod\u00e1vac\u00edm syst\u00e9mom, ktor\u00fd m\u00f4\u017ee zah\u0155\u0148a\u0165 napr\u00edklad pod\u00e1vacie p\u00e1sy, vyrovn\u00e1vacie syst\u00e9my, ako aj robotick\u00e9 syst\u00e9my pick &amp; place. Je mo\u017en\u00e9 namontova\u0165 diely v prisp\u00f4soben\u00fdch form\u00e1toch a v\u00fdmena nie je zlo\u017eit\u00e1.<\/p>\n<p>&nbsp;<\/p>\n<table style=\"height: 924px\" width=\"949\">\n<tbody>\n<tr>\n<td width=\"197\"><strong>Funkcie<\/strong><\/td>\n<td width=\"197\"><strong>V\u00fdhody<\/strong><\/td>\n<\/tr>\n<tr>\n<td>Pod\u00e1vac\u00ed st\u00f4l a volite\u013en\u00e9 automatick\u00e9 pod\u00e1vacie syst\u00e9my<\/p>\n<p>&nbsp;<\/td>\n<td>\n<ul>\n<li>Vy\u0161\u0161ia \u00fa\u010dinnos\u0165<\/li>\n<\/ul>\n<\/td>\n<\/tr>\n<tr>\n<td>Riadiaca hlava registra<\/td>\n<td>\n<ul>\n<li>kontrola tla\u010de<\/li>\n<\/ul>\n<\/td>\n<\/tr>\n<tr>\n<td>Automatick\u00e9 zastavenie pod\u00e1vania f\u00f3lie<\/td>\n<td>\n<ul>\n<li>\u017diadny v\u00fdrobok - \u017eiadny obal<\/li>\n<li>zabr\u00e1ni\u0165 zaseknutiu f\u00f3lie<\/li>\n<\/ul>\n<\/td>\n<\/tr>\n<tr>\n<td>&nbsp;<\/p>\n<p>Plynul\u00e1 regul\u00e1cia ot\u00e1\u010dok s frekven\u010dn\u00fdm meni\u010dom<\/td>\n<td>\n<ul>\n<li>Dokonal\u00e1 regul\u00e1cia r\u00fdchlosti<\/li>\n<\/ul>\n<\/td>\n<\/tr>\n<tr>\n<td>Druh\u00e9 zariadenie na odv\u00edjanie f\u00f3lie<\/td>\n<td>\n<ul>\n<li>Pou\u017eitie vn\u00fatorn\u00e9ho a vonkaj\u0161ieho obalov\u00e9ho materi\u00e1lu<\/li>\n<\/ul>\n<\/td>\n<\/tr>\n<tr>\n<td>Uzavret\u00e1 prevodovka s centr\u00e1lnym mazac\u00edm syst\u00e9mom<\/td>\n<td>\n<ul>\n<li>N\u00edzka \u00fadr\u017eba<\/li>\n<\/ul>\n<\/td>\n<\/tr>\n<tr>\n<td>Volite\u013en\u00e1 sp\u00e1jacia jednotka<\/td>\n<td>\n<ul>\n<li>Automatick\u00e1 v\u00fdmena cievky<\/li>\n<li>vy\u0161\u0161ia \u00fa\u010dinnos\u0165<\/li>\n<\/ul>\n<\/td>\n<\/tr>\n<tr>\n<td>Rozv\u00e1dza\u010d s SPS<\/td>\n<td>\n<ul>\n<li>Vynikaj\u00face ovl\u00e1danie stroja<\/li>\n<\/ul>\n<\/td>\n<\/tr>\n<\/tbody>\n<\/table>\n<p>&nbsp;<\/p>","protected":false},"excerpt":{"rendered":"<p>Baliaci stroj na \u010dokol\u00e1dov\u00e9 vaj\u00ed\u010dka a gu\u013e\u00f4\u010dky<\/p>","protected":false},"featured_media":2724,"comment_status":"open","ping_status":"closed","template":"","meta":{"uix_meta_title":"","uix_meta_description":"","uix_canonical_url":""},"product_brand":[],"product_cat":[105],"product_tag":[],"class_list":{"0":"post-2725","1":"product","2":"type-product","3":"status-publish","4":"has-post-thumbnail","6":"product_cat-packaging","8":"first","9":"instock","10":"shipping-taxable","11":"product-type-simple"},"_links":{"self":[{"href":"https:\/\/cormac.eu\/sk\/wp-json\/wp\/v2\/product\/2725","targetHints":{"allow":["GET"]}}],"collection":[{"href":"https:\/\/cormac.eu\/sk\/wp-json\/wp\/v2\/product"}],"about":[{"href":"https:\/\/cormac.eu\/sk\/wp-json\/wp\/v2\/types\/product"}],"replies":[{"embeddable":true,"href":"https:\/\/cormac.eu\/sk\/wp-json\/wp\/v2\/comments?post=2725"}],"wp:featuredmedia":[{"embeddable":true,"href":"https:\/\/cormac.eu\/sk\/wp-json\/wp\/v2\/media\/2724"}],"wp:attachment":[{"href":"https:\/\/cormac.eu\/sk\/wp-json\/wp\/v2\/media?parent=2725"}],"wp:term":[{"taxonomy":"product_brand","embeddable":true,"href":"https:\/\/cormac.eu\/sk\/wp-json\/wp\/v2\/product_brand?post=2725"},{"taxonomy":"product_cat","embeddable":true,"href":"https:\/\/cormac.eu\/sk\/wp-json\/wp\/v2\/product_cat?post=2725"},{"taxonomy":"product_tag","embeddable":true,"href":"https:\/\/cormac.eu\/sk\/wp-json\/wp\/v2\/product_tag?post=2725"}],"curies":[{"name":"wp","href":"https:\/\/api.w.org\/{rel}","templated":true}]}}