{"id":2720,"date":"2022-04-21T15:35:38","date_gmt":"2022-04-21T13:35:38","guid":{"rendered":"https:\/\/cormac.eu\/?post_type=product&#038;p=2720"},"modified":"2024-09-18T22:40:21","modified_gmt":"2024-09-18T20:40:21","slug":"tr-temperovaci-stroj","status":"publish","type":"product","link":"https:\/\/cormac.eu\/sk\/product\/tr-tempering-machine\/","title":{"rendered":"Stroj na temperovanie \u010dokol\u00e1dy TR"},"content":{"rendered":"<p>Tempera\u010dn\u00fd stroj na \u010dokol\u00e1dov\u00e9 hmoty, tukov\u00e9 polevy, zmesov\u00e9 hmoty a podobn\u00e9 tukov\u00e9 v\u00fdrobky. Tento horizont\u00e1lny temperovac\u00ed stroj na \u010dokol\u00e1du vytv\u00e1ra najmen\u0161ie stabiln\u00e9 kry\u0161t\u00e1liky tuku a homog\u00e9nne ich rozpty\u013euje v roztavenej hmote. Koncepcia horizont\u00e1lnej kon\u0161trukcie umo\u017e\u0148uje, aby sa do hmoty pred za\u010dat\u00edm temperovania zahrnuli zlo\u017eky relat\u00edvne ve\u013ek\u00fdch rozmerov. M\u00f4\u017eeme si predstavi\u0165 napr\u00edklad cel\u00e9 lieskov\u00e9 orie\u0161ky, nasekan\u00e9 alebo nal\u00e1man\u00e9 orechy, niektor\u00e9 druhy su\u0161en\u00e9ho ovocia alebo mal\u00e9 k\u00fasky nug\u00e1tu. Toto je jedna z najd\u00f4le\u017eitej\u0161\u00edch vlastnost\u00ed, ktorou sa rad temperovac\u00edch strojov Rasch TR odli\u0161uje od vertik\u00e1lnych doskov\u00fdch temperovac\u00edch strojov.<\/p>\n<table>\n<tbody>\n<tr>\n<td width=\"293\"><strong>Funkcie<\/strong><\/td>\n<td width=\"293\"><strong>V\u00fdhody<\/strong><\/td>\n<\/tr>\n<tr>\n<td width=\"293\">Viacero z\u00f3n v\u00fdmeny tepla<br \/>\n(po\u010det z\u00e1vis\u00ed od modelu)<\/td>\n<td width=\"293\">\n<ul>\n<li>Dokonca aj n\u00edzkotu\u010dn\u00e9 hmoty m\u00f4\u017eu by\u0165 predkry\u0161talizovan\u00e9 (obsah tuku najmenej 26%)<\/li>\n<li>Nez\u00e1visl\u00e1 regul\u00e1cia teploty pre ka\u017ed\u00fa sekciu<\/li>\n<\/ul>\n<\/td>\n<\/tr>\n<tr>\n<td width=\"293\">Hmotnostn\u00fd z\u00e1sobn\u00edk a mie\u0161adlo<\/td>\n<td width=\"293\">\n<ul>\n<li>Zlo\u017eky sa m\u00f4\u017eu do hmoty prida\u0165 pred temperovan\u00edm<\/li>\n<\/ul>\n<\/td>\n<\/tr>\n<tr>\n<td width=\"293\">Z\u00e1sobn\u00edk vyhrievan\u00fd vodou<\/td>\n<td width=\"293\">\n<ul>\n<li>Zabezpe\u010denie bezkry\u0161talickej hmoty pred temperovan\u00edm<\/li>\n<\/ul>\n<\/td>\n<\/tr>\n<tr>\n<td width=\"293\">Horizont\u00e1lny model s preposielan\u00edm \u0161neka<\/td>\n<td width=\"293\">\n<ul>\n<li>Dokonal\u00e1 regul\u00e1cia r\u00fdchlosti temperovania<\/li>\n<li>Obzvl\u00e1\u0161\u0165 vhodn\u00e9 pre hmotu s pr\u00edsadami<\/li>\n<\/ul>\n<\/td>\n<\/tr>\n<tr>\n<td width=\"293\">\u0160peci\u00e1lny profil vn\u00fatornej r\u00farky z potravin\u00e1rskej zliatiny bronzu<\/td>\n<td width=\"293\">\n<ul>\n<li>Vysok\u00e1 vodivos\u0165 pri prenose tepla<\/li>\n<li>Najv\u00e4\u010d\u0161\u00ed mo\u017en\u00fd kontakt s chladiacou vodou<\/li>\n<\/ul>\n<\/td>\n<\/tr>\n<tr>\n<td width=\"293\">\u0160peci\u00e1lny materi\u00e1l vonkaj\u0161ej r\u00farky<\/p>\n<p>&nbsp;<\/td>\n<td width=\"293\">\n<ul>\n<li>\u017diadna kor\u00f3zia<\/li>\n<\/ul>\n<\/td>\n<\/tr>\n<\/tbody>\n<\/table>","protected":false},"excerpt":{"rendered":"<p>Tempering Machine for chocolate masses, fat glazes, compound masses and similar fatty products possibly with inclusions.<\/p>","protected":false},"featured_media":2719,"comment_status":"open","ping_status":"closed","template":"","meta":{"uix_meta_title":"","uix_meta_description":"","uix_canonical_url":""},"product_brand":[],"product_cat":[104],"product_tag":[217,237,318],"class_list":{"0":"post-2720","1":"product","2":"type-product","3":"status-publish","4":"has-post-thumbnail","6":"product_cat-processing","7":"product_tag-chocolate-tablets-with-whole-nuts","8":"product_tag-fat-masses","9":"product_tag-tempering-masses-with-inclusions","11":"first","12":"instock","13":"shipping-taxable","14":"product-type-simple"},"_links":{"self":[{"href":"https:\/\/cormac.eu\/sk\/wp-json\/wp\/v2\/product\/2720","targetHints":{"allow":["GET"]}}],"collection":[{"href":"https:\/\/cormac.eu\/sk\/wp-json\/wp\/v2\/product"}],"about":[{"href":"https:\/\/cormac.eu\/sk\/wp-json\/wp\/v2\/types\/product"}],"replies":[{"embeddable":true,"href":"https:\/\/cormac.eu\/sk\/wp-json\/wp\/v2\/comments?post=2720"}],"wp:featuredmedia":[{"embeddable":true,"href":"https:\/\/cormac.eu\/sk\/wp-json\/wp\/v2\/media\/2719"}],"wp:attachment":[{"href":"https:\/\/cormac.eu\/sk\/wp-json\/wp\/v2\/media?parent=2720"}],"wp:term":[{"taxonomy":"product_brand","embeddable":true,"href":"https:\/\/cormac.eu\/sk\/wp-json\/wp\/v2\/product_brand?post=2720"},{"taxonomy":"product_cat","embeddable":true,"href":"https:\/\/cormac.eu\/sk\/wp-json\/wp\/v2\/product_cat?post=2720"},{"taxonomy":"product_tag","embeddable":true,"href":"https:\/\/cormac.eu\/sk\/wp-json\/wp\/v2\/product_tag?post=2720"}],"curies":[{"name":"wp","href":"https:\/\/api.w.org\/{rel}","templated":true}]}}