{"id":2703,"date":"2022-04-14T23:17:54","date_gmt":"2022-04-14T21:17:54","guid":{"rendered":"https:\/\/cormac.eu\/?post_type=product&#038;p=2703"},"modified":"2022-04-21T22:40:51","modified_gmt":"2022-04-21T20:40:51","slug":"baliaci-stroj-rg","status":"publish","type":"product","link":"https:\/\/cormac.eu\/sk\/product\/rg-wrapping-machine\/","title":{"rendered":"Baliaci stroj RG"},"content":{"rendered":"<p><strong>Popis: V s\u00fa\u010dasnosti sa nach\u00e1dza na \u00fazem\u00ed Slovenskej republiky:<br \/>\n<\/strong>Univerz\u00e1lny baliaci stroj na r\u00f4zne v\u00fdrobky, ako s\u00fa v\u00fdrobky s ploch\u00fdm dnom, ty\u010de, vajcia, gule, sudy a dut\u00e9 fig\u00fary v r\u00f4znych \u0161t\u00fdloch balenia.<br \/>\n<strong>Aplik\u00e1cia<\/strong><br \/>\nBalenie ty\u010d\u00ed , v\u00fdrobkov s ploch\u00fdm dnom, vajec, guliek, sudov, fig\u00far, v\u0161etk\u00fdch druhov dut\u00fdch fig\u00far.<br \/>\n<strong>Rozsah kapacity<\/strong><br \/>\nA\u017e 70 kusov za min\u00fatu (pribli\u017ene 55 ppm pre \u010d\u00edsla)<br \/>\n<strong>Baliace \u0161t\u00fdly:<\/strong><br \/>\nBalenie do zv\u00e4zku, predn\u00e9 skladanie, dvojit\u00e9 skr\u00fatenie, upevnenie pr\u00edslu\u0161enstva v spodnej \u010dasti, tepeln\u00e9 tesnenie, etiketovanie, predn\u00e9 skladanie s vyhladzovac\u00edm zariaden\u00edm \/ valcovacou formou, zadn\u00fd \u0161ev, f\u00f3liovanie postavy.<\/p>\n<p><img decoding=\"async\" class=\"alignnone wp-image-2702\" src=\"https:\/\/cormac.eu\/wp-content\/uploads\/2022\/04\/sample-6.jpg\" alt=\"\" width=\"110\" height=\"102\" \/><img decoding=\"async\" class=\"alignnone wp-image-2701\" src=\"https:\/\/cormac.eu\/wp-content\/uploads\/2022\/04\/sample-5.jpg\" alt=\"\" width=\"83\" height=\"105\" \/><img decoding=\"async\" class=\"alignnone wp-image-2700\" src=\"https:\/\/cormac.eu\/wp-content\/uploads\/2022\/04\/sample-4.jpg\" alt=\"\" width=\"128\" height=\"92\" \/><img loading=\"lazy\" decoding=\"async\" class=\"alignnone wp-image-2699\" src=\"https:\/\/cormac.eu\/wp-content\/uploads\/2022\/04\/sample-3.jpg\" alt=\"\" width=\"124\" height=\"112\" \/><img loading=\"lazy\" decoding=\"async\" class=\"alignnone wp-image-2698\" src=\"https:\/\/cormac.eu\/wp-content\/uploads\/2022\/04\/sample-2.jpg\" alt=\"\" width=\"109\" height=\"116\" \/><img loading=\"lazy\" decoding=\"async\" class=\"alignnone wp-image-2697\" src=\"https:\/\/cormac.eu\/wp-content\/uploads\/2022\/04\/sample-1.jpg\" alt=\"\" width=\"147\" height=\"105\" \/><\/p>\n<table>\n<tbody>\n<tr>\n<td width=\"262\">\n<p style=\"text-align: center\"><strong>Funkcie<\/strong><\/p>\n<\/td>\n<td width=\"323\">\n<p style=\"text-align: center\"><strong>V\u00fdhody<\/strong><\/p>\n<\/td>\n<\/tr>\n<tr>\n<td width=\"262\">Pod\u00e1vac\u00ed p\u00e1s<\/td>\n<td width=\"323\">\n<ul>\n<li>Zv\u00fd\u0161enie kapacity<\/li>\n<\/ul>\n<\/td>\n<\/tr>\n<tr>\n<td width=\"262\">Riadiaca hlava registra<\/td>\n<td width=\"323\">\n<ul>\n<li>Kontrola tla\u010de<\/li>\n<\/ul>\n<\/td>\n<\/tr>\n<tr>\n<td width=\"262\">\u017diadny v\u00fdrobok - \u017eiadny obal<\/td>\n<td width=\"323\">\n<ul>\n<li>Predch\u00e1dzanie zaseknutiu f\u00f3lie<\/li>\n<\/ul>\n<\/td>\n<\/tr>\n<tr>\n<td width=\"262\">Plynul\u00e1 regul\u00e1cia ot\u00e1\u010dok<\/td>\n<td width=\"323\">\n<ul>\n<li>Regul\u00e1cia r\u00fdchlosti<\/li>\n<\/ul>\n<\/td>\n<\/tr>\n<tr>\n<td width=\"262\">Volite\u013en\u00e9 2<sup>nd<\/sup> zariadenie na odv\u00edjanie f\u00f3lie<\/td>\n<td width=\"323\">\n<ul>\n<li>Aplik\u00e1cia vn\u00fatorn\u00e9ho a vonkaj\u0161ieho obalov\u00e9ho materi\u00e1lu<\/li>\n<\/ul>\n<\/td>\n<\/tr>\n<tr>\n<td width=\"262\">Uzavret\u00e1 prevodovka<\/td>\n<td width=\"323\">\n<ul>\n<li>\u017diadny \u00fanik oleja<\/li>\n<\/ul>\n<\/td>\n<\/tr>\n<tr>\n<td width=\"262\">Centralizovan\u00fd mazac\u00ed syst\u00e9m<\/td>\n<td width=\"323\">\n<ul>\n<li>N\u00edzka \u00fadr\u017eba<\/li>\n<li>Hladk\u00fd chod<\/li>\n<\/ul>\n<\/td>\n<\/tr>\n<tr>\n<td width=\"262\">Rozv\u00e1dza\u010d s SPS<\/td>\n<td width=\"323\">\n<ul>\n<li>Jednoduch\u00e9 ovl\u00e1danie stroja<br \/>\nUlo\u017eenie nastaven\u00ed<\/li>\n<\/ul>\n<\/td>\n<\/tr>\n<tr>\n<td width=\"262\">Mo\u017enosti<\/td>\n<td width=\"323\">\n<ul>\n<li>Automatick\u00fd syst\u00e9m pod\u00e1vania<\/li>\n<li>Sp\u00e1jkovacia jednotka<\/li>\n<li>Druh\u00e9 zariadenie na odv\u00edjanie f\u00f3lie<\/li>\n<\/ul>\n<\/td>\n<\/tr>\n<tr>\n<td width=\"262\">Rozmery materi\u00e1lu<\/td>\n<td width=\"323\">\n<ul>\n<li>\u0160\u00edrka: 80-300 mm<\/li>\n<li>D\u013a\u017eka odrezania: 60-250 mm<\/li>\n<li>Priemer cievky: max. 250 mm<\/li>\n<li>Priemer jadra: 45-78 mm<\/li>\n<\/ul>\n<\/td>\n<\/tr>\n<\/tbody>\n<\/table>\n<p>&nbsp;<\/p>","protected":false},"excerpt":{"rendered":"<p>Univerz\u00e1lny baliaci stroj na \u010dokol\u00e1du s ploch\u00fdm dnom, tabu\u013eky, vaj\u00ed\u010dka, gu\u013e\u00f4\u010dky, sudy a dut\u00e9 fig\u00farky s r\u00fdchlos\u0165ou a\u017e 70 str.<\/p>","protected":false},"featured_media":2695,"comment_status":"open","ping_status":"closed","template":"","meta":{"uix_meta_title":"","uix_meta_description":"","uix_canonical_url":""},"product_brand":[],"product_cat":[105],"product_tag":[],"class_list":{"0":"post-2703","1":"product","2":"type-product","3":"status-publish","4":"has-post-thumbnail","6":"product_cat-packaging","8":"first","9":"instock","10":"shipping-taxable","11":"product-type-simple"},"_links":{"self":[{"href":"https:\/\/cormac.eu\/sk\/wp-json\/wp\/v2\/product\/2703","targetHints":{"allow":["GET"]}}],"collection":[{"href":"https:\/\/cormac.eu\/sk\/wp-json\/wp\/v2\/product"}],"about":[{"href":"https:\/\/cormac.eu\/sk\/wp-json\/wp\/v2\/types\/product"}],"replies":[{"embeddable":true,"href":"https:\/\/cormac.eu\/sk\/wp-json\/wp\/v2\/comments?post=2703"}],"wp:featuredmedia":[{"embeddable":true,"href":"https:\/\/cormac.eu\/sk\/wp-json\/wp\/v2\/media\/2695"}],"wp:attachment":[{"href":"https:\/\/cormac.eu\/sk\/wp-json\/wp\/v2\/media?parent=2703"}],"wp:term":[{"taxonomy":"product_brand","embeddable":true,"href":"https:\/\/cormac.eu\/sk\/wp-json\/wp\/v2\/product_brand?post=2703"},{"taxonomy":"product_cat","embeddable":true,"href":"https:\/\/cormac.eu\/sk\/wp-json\/wp\/v2\/product_cat?post=2703"},{"taxonomy":"product_tag","embeddable":true,"href":"https:\/\/cormac.eu\/sk\/wp-json\/wp\/v2\/product_tag?post=2703"}],"curies":[{"name":"wp","href":"https:\/\/api.w.org\/{rel}","templated":true}]}}