{"id":2688,"date":"2022-04-12T22:30:44","date_gmt":"2022-04-12T20:30:44","guid":{"rendered":"https:\/\/cormac.eu\/?post_type=product&#038;p=2688"},"modified":"2022-05-23T11:26:34","modified_gmt":"2022-05-23T09:26:34","slug":"panvica-s-povrchovou-upravou-2","status":"publish","type":"product","link":"https:\/\/cormac.eu\/sk\/product\/coating-pan\/","title":{"rendered":"Panvica s n\u00e1terom"},"content":{"rendered":"<p>Povlakovaciu panvicu typu CTG 50 alebo Cteg100 mo\u017eno pou\u017ei\u0165 pri r\u00f4znych procesoch povrchovej \u00fapravy, ako aj na le\u0161tenie. Tieto univerz\u00e1lne po\u0165ahovacie panvice sa m\u00f4\u017eu pou\u017e\u00edva\u0165 nielen v cukr\u00e1renskom priemysle, ale aj vo farmaceutick\u00fdch z\u00e1vodoch. Zariadenie sa dod\u00e1va kompletn\u00e9 so v\u0161etk\u00fdmi integrovan\u00fdmi elektrick\u00fdmi komponentmi, \u010derpadlami a potrub\u00edm. Tieto po\u0165ahovacie panvice sa \u013eahko in\u0161taluj\u00fa a obsluhuj\u00fa. Medzi aplik\u00e1cie patr\u00ed napr\u00edklad oba\u013eovanie cukroviniek, kuriatok, \u0161o\u0161ovice , a le\u0161tenie obalen\u00fdch v\u00fdrobkov.<\/p>\n<p><img decoding=\"async\" class=\"alignnone wp-image-2687\" src=\"https:\/\/cormac.eu\/wp-content\/uploads\/2022\/04\/capsulas.webp\" alt=\"\" width=\"163\" height=\"163\" srcset=\"https:\/\/cormac.eu\/wp-content\/uploads\/2022\/04\/capsulas.webp 200w, https:\/\/cormac.eu\/wp-content\/uploads\/2022\/04\/capsulas-150x150.webp 150w, https:\/\/cormac.eu\/wp-content\/uploads\/2022\/04\/capsulas-100x100.webp 100w\" sizes=\"(max-width: 163px) 100vw, 163px\" \/> <img decoding=\"async\" class=\"alignnone wp-image-2686\" src=\"https:\/\/cormac.eu\/wp-content\/uploads\/2022\/04\/Huevos.webp\" alt=\"\" width=\"164\" height=\"164\" srcset=\"https:\/\/cormac.eu\/wp-content\/uploads\/2022\/04\/Huevos.webp 200w, https:\/\/cormac.eu\/wp-content\/uploads\/2022\/04\/Huevos-150x150.webp 150w, https:\/\/cormac.eu\/wp-content\/uploads\/2022\/04\/Huevos-100x100.webp 100w\" sizes=\"(max-width: 164px) 100vw, 164px\" \/><img decoding=\"async\" class=\"alignnone wp-image-2685\" src=\"https:\/\/cormac.eu\/wp-content\/uploads\/2022\/04\/bolas.webp\" alt=\"\" width=\"163\" height=\"163\" srcset=\"https:\/\/cormac.eu\/wp-content\/uploads\/2022\/04\/bolas.webp 200w, https:\/\/cormac.eu\/wp-content\/uploads\/2022\/04\/bolas-150x150.webp 150w, https:\/\/cormac.eu\/wp-content\/uploads\/2022\/04\/bolas-100x100.webp 100w\" sizes=\"(max-width: 163px) 100vw, 163px\" \/><\/p>\n<p>&nbsp;<\/p>\n<table>\n<tbody>\n<tr>\n<td width=\"222\"><strong>Funkcie<\/strong><\/td>\n<td width=\"240\">\u00a0<strong>V\u00fdhody<\/strong><\/td>\n<\/tr>\n<tr>\n<td>Funk\u010dn\u00fd dizajn<\/td>\n<td>\n<ul>\n<li>Pr\u00edvetivos\u0165 pre oper\u00e1tora<\/li>\n<li>Jednoduch\u00e1 \u00fadr\u017eba<\/li>\n<\/ul>\n<\/td>\n<\/tr>\n<tr>\n<td>Nerezov\u00e1 oce\u013e 304 alebo 316<\/td>\n<td>\n<ul>\n<li>Hygiena<\/li>\n<li>Jednoduch\u00e9 \u010distenie<\/li>\n<\/ul>\n<\/td>\n<\/tr>\n<tr>\n<td>Extern\u00e9 presn\u00e9 tesnenie hriade\u013ea<\/td>\n<td>\n<ul>\n<li>Plynul\u00e9 ot\u00e1\u010danie<\/li>\n<\/ul>\n<\/td>\n<\/tr>\n<tr>\n<td>Volite\u013en\u00e9<\/td>\n<td>\n<ul>\n<li>Rebrovan\u00fd povrch panvice na povrchov\u00fa \u00fapravu<\/li>\n<li>Hladk\u00fd povrch panvice na le\u0161tenie<\/li>\n<\/ul>\n<\/td>\n<\/tr>\n<\/tbody>\n<\/table>\n<p>&nbsp;<\/p>\n<table>\n<tbody>\n<tr>\n<td width=\"132\"><strong>\u00a0<\/strong><\/td>\n<td width=\"170\">\n<p style=\"text-align: center;\"><strong>CTG 50<\/strong><\/p>\n<\/td>\n<td width=\"170\">\n<p style=\"text-align: center;\"><strong>CTEG 100<\/strong><\/p>\n<\/td>\n<\/tr>\n<tr>\n<td width=\"132\"><strong>Kapacita<\/strong><\/td>\n<td width=\"170\">\n<p style=\"text-align: center;\">50 litrov<\/p>\n<\/td>\n<td width=\"170\">\n<p style=\"text-align: center;\">100 litrov<\/p>\n<\/td>\n<\/tr>\n<tr>\n<td width=\"132\"><strong>Vonkaj\u0161\u00ed priemer<\/strong><\/td>\n<td width=\"170\">\n<p style=\"text-align: center;\">500 mm<\/p>\n<\/td>\n<td width=\"170\">\n<p style=\"text-align: center;\">1000 mm<\/p>\n<\/td>\n<\/tr>\n<tr>\n<td width=\"132\"><strong>Vn\u00fatorn\u00fd priemer<\/strong><\/td>\n<td width=\"170\">\n<p style=\"text-align: center;\">250 mm<\/p>\n<\/td>\n<td width=\"170\">\n<p style=\"text-align: center;\">500 mm<\/p>\n<\/td>\n<\/tr>\n<tr>\n<td width=\"132\"><strong>RPM<\/strong><\/td>\n<td width=\"170\">\n<p style=\"text-align: center;\">0-35<\/p>\n<\/td>\n<td width=\"170\">\n<p style=\"text-align: center;\">0-35<\/p>\n<\/td>\n<\/tr>\n<tr>\n<td width=\"132\"><strong>Vyp\u00fa\u0161\u0165anie<\/strong><\/td>\n<td width=\"170\">\n<p style=\"text-align: center;\">Manu\u00e1lne<\/p>\n<\/td>\n<td width=\"170\">\n<p style=\"text-align: center;\">Manu\u00e1lne<\/p>\n<\/td>\n<\/tr>\n<tr>\n<td width=\"132\"><strong>Nap\u00e1janie<\/strong><\/td>\n<td width=\"170\">\n<p style=\"text-align: center;\">0,75 kW<\/p>\n<\/td>\n<td width=\"170\">\n<p style=\"text-align: center;\">1,5 kW<\/p>\n<\/td>\n<\/tr>\n<\/tbody>\n<\/table>","protected":false},"excerpt":{"rendered":"<p>Povlakovacie panvice s objemom 50 alebo 100 litrov na povrchov\u00fa \u00fapravu alebo le\u0161tenie.<\/p>","protected":false},"featured_media":2684,"comment_status":"open","ping_status":"closed","template":"","meta":{"uix_meta_title":"","uix_meta_description":"","uix_canonical_url":""},"product_brand":[],"product_cat":[107,104],"product_tag":[],"class_list":{"0":"post-2688","1":"product","2":"type-product","3":"status-publish","4":"has-post-thumbnail","6":"product_cat-artisanal","7":"product_cat-processing","9":"first","10":"instock","11":"shipping-taxable","12":"product-type-simple"},"_links":{"self":[{"href":"https:\/\/cormac.eu\/sk\/wp-json\/wp\/v2\/product\/2688","targetHints":{"allow":["GET"]}}],"collection":[{"href":"https:\/\/cormac.eu\/sk\/wp-json\/wp\/v2\/product"}],"about":[{"href":"https:\/\/cormac.eu\/sk\/wp-json\/wp\/v2\/types\/product"}],"replies":[{"embeddable":true,"href":"https:\/\/cormac.eu\/sk\/wp-json\/wp\/v2\/comments?post=2688"}],"wp:featuredmedia":[{"embeddable":true,"href":"https:\/\/cormac.eu\/sk\/wp-json\/wp\/v2\/media\/2684"}],"wp:attachment":[{"href":"https:\/\/cormac.eu\/sk\/wp-json\/wp\/v2\/media?parent=2688"}],"wp:term":[{"taxonomy":"product_brand","embeddable":true,"href":"https:\/\/cormac.eu\/sk\/wp-json\/wp\/v2\/product_brand?post=2688"},{"taxonomy":"product_cat","embeddable":true,"href":"https:\/\/cormac.eu\/sk\/wp-json\/wp\/v2\/product_cat?post=2688"},{"taxonomy":"product_tag","embeddable":true,"href":"https:\/\/cormac.eu\/sk\/wp-json\/wp\/v2\/product_tag?post=2688"}],"curies":[{"name":"wp","href":"https:\/\/api.w.org\/{rel}","templated":true}]}}