{"id":2681,"date":"2022-04-12T21:43:50","date_gmt":"2022-04-12T19:43:50","guid":{"rendered":"https:\/\/cormac.eu\/?post_type=product&#038;p=2681"},"modified":"2023-08-16T17:05:39","modified_gmt":"2023-08-16T15:05:39","slug":"linka-na-tvarovanie-gulocok","status":"publish","type":"product","link":"https:\/\/cormac.eu\/sk\/product\/ball-forming-line\/","title":{"rendered":"Linka na tvarovanie gu\u013e\u00f4\u010dok"},"content":{"rendered":"<p>Gu\u013eov\u00e9 tv\u00e1rniace linky Carugil umo\u017e\u0148uj\u00fa vyr\u00e1ba\u0165 pln\u00e9 alebo stredom plnen\u00e9 valcov\u00e9 v\u00fdrobky. Stredov\u00e1 n\u00e1pl\u0148 m\u00f4\u017ee by\u0165 pr\u00e1\u0161kov\u00e1 alebo polotekut\u00e1. Linka m\u00f4\u017ee za\u010d\u00edna\u0165 cukr\u00e1renskou kuchy\u0148ou, po ktorej nasleduje hneta\u010d, vytl\u00e1\u010da\u010d, stroj na tvarovanie gu\u013e\u00f4\u010dok a chladiaci tunel, po ktorom nasleduj\u00fa napr\u00edklad po\u0165ahovacie panvice a prietokov\u00e9 bali\u010dky na prim\u00e1rne balenie. Spolo\u010dnos\u0165 Carugil je schopn\u00e1 doda\u0165 kompletn\u00e9 syst\u00e9my na tvarovanie gu\u013e\u00f4\u010dok na k\u013e\u00fa\u010d vr\u00e1tane predsunut\u00fdch mie\u0161a\u010dov a varn\u00fdch zariaden\u00ed. Tieto linky m\u00f4\u017eu ma\u0165 kapacitu a\u017e 380 000 v\u00fdrobkov za hodinu. S nov\u00fdmi konfigur\u00e1ciami dvojit\u00fdch liniek mo\u017eno dosiahnu\u0165 v\u00fdrobn\u00e9 v\u00fdkony a\u017e do 1500 kg\/hod, pri\u010dom sa vyu\u017eije priestor a pracovn\u00e1 sila, ktor\u00e9 zaber\u00e1 len jedna linka.<\/p>\n<p>&nbsp;<\/p>\n<p><img decoding=\"async\" class=\"alignnone size-medium wp-image-2683\" src=\"https:\/\/cormac.eu\/wp-content\/uploads\/2022\/04\/Complete-ball-forming-line-Knipsel-300x98.jpg\" alt=\"\" width=\"300\" height=\"98\" srcset=\"https:\/\/cormac.eu\/wp-content\/uploads\/2022\/04\/Complete-ball-forming-line-Knipsel-300x98.jpg 300w, https:\/\/cormac.eu\/wp-content\/uploads\/2022\/04\/Complete-ball-forming-line-Knipsel-1024x335.jpg 1024w, https:\/\/cormac.eu\/wp-content\/uploads\/2022\/04\/Complete-ball-forming-line-Knipsel-768x252.jpg 768w, https:\/\/cormac.eu\/wp-content\/uploads\/2022\/04\/Complete-ball-forming-line-Knipsel-600x197.jpg 600w, https:\/\/cormac.eu\/wp-content\/uploads\/2022\/04\/Complete-ball-forming-line-Knipsel.jpg 1093w\" sizes=\"(max-width: 300px) 100vw, 300px\" \/><\/p>\n<p><img decoding=\"async\" class=\"alignnone wp-image-2641\" src=\"https:\/\/cormac.eu\/wp-content\/uploads\/2022\/04\/Gum-tennis-balls-300x208.jpg\" alt=\"\" width=\"166\" height=\"116\" srcset=\"https:\/\/cormac.eu\/wp-content\/uploads\/2022\/04\/Gum-tennis-balls-300x208.jpg 300w, https:\/\/cormac.eu\/wp-content\/uploads\/2022\/04\/Gum-tennis-balls.jpg 600w\" sizes=\"(max-width: 166px) 100vw, 166px\" \/><img decoding=\"async\" class=\"alignnone wp-image-2516\" src=\"https:\/\/cormac.eu\/wp-content\/uploads\/2022\/04\/Gum-center-filled-300x197.jpg\" alt=\"\" width=\"164\" height=\"108\" srcset=\"https:\/\/cormac.eu\/wp-content\/uploads\/2022\/04\/Gum-center-filled-300x197.jpg 300w, https:\/\/cormac.eu\/wp-content\/uploads\/2022\/04\/Gum-center-filled.jpg 600w\" sizes=\"(max-width: 164px) 100vw, 164px\" \/><img loading=\"lazy\" decoding=\"async\" class=\"alignnone wp-image-2671\" src=\"https:\/\/cormac.eu\/wp-content\/uploads\/2022\/04\/Gum-center-filled2-275x300.jpg\" alt=\"\" width=\"149\" height=\"163\" srcset=\"https:\/\/cormac.eu\/wp-content\/uploads\/2022\/04\/Gum-center-filled2-275x300.jpg 275w, https:\/\/cormac.eu\/wp-content\/uploads\/2022\/04\/Gum-center-filled2.jpg 600w\" sizes=\"(max-width: 149px) 100vw, 149px\" \/><img loading=\"lazy\" decoding=\"async\" class=\"alignnone wp-image-2676\" src=\"https:\/\/cormac.eu\/wp-content\/uploads\/2022\/04\/Gum-barrels2-300x209.jpg\" alt=\"\" width=\"154\" height=\"107\" srcset=\"https:\/\/cormac.eu\/wp-content\/uploads\/2022\/04\/Gum-barrels2-300x209.jpg 300w, https:\/\/cormac.eu\/wp-content\/uploads\/2022\/04\/Gum-barrels2.jpg 600w\" sizes=\"(max-width: 154px) 100vw, 154px\" \/><img loading=\"lazy\" decoding=\"async\" class=\"alignnone wp-image-2395\" src=\"https:\/\/cormac.eu\/wp-content\/uploads\/2022\/03\/Gum-fruits2-2.jpg\" alt=\"\" width=\"169\" height=\"103\" \/><\/p>\n<table style=\"height: 424px\" width=\"616\">\n<tbody>\n<tr>\n<td width=\"243\">\u00a0<strong>Funkcie<\/strong><\/td>\n<td width=\"253\">\u00a0<strong>V\u00fdhody<\/strong><\/td>\n<\/tr>\n<tr>\n<td>Extrud\u00e9r STR s plniacim zariaden\u00edm<\/td>\n<td>\n<ul>\n<li>plnenie pr\u00e1\u0161kom<\/li>\n<li>polotekut\u00e1 n\u00e1pl\u0148<\/li>\n<li>vysoko presn\u00e9 d\u00e1vkovanie<\/li>\n<\/ul>\n<\/td>\n<\/tr>\n<tr>\n<td>Mie\u0161acie skrutky na mieru<\/td>\n<td>\n<ul>\n<li>prisp\u00f4soben\u00e9 potreb\u00e1m z\u00e1kazn\u00edka<\/li>\n<\/ul>\n<\/td>\n<\/tr>\n<tr>\n<td>Automatick\u00e9 riadenie denn\u00e9ho re\u017eimu<\/td>\n<td>\n<ul>\n<li>konzistentn\u00fd produkt<\/li>\n<\/ul>\n<\/td>\n<\/tr>\n<tr>\n<td>Gu\u013e\u00f4\u010dkov\u00e1 hlavica je poh\u00e1\u0148an\u00e1 servomotorom<\/td>\n<td>\n<ul>\n<li>riadenie r\u00fdchlosti a pohybu<\/li>\n<\/ul>\n<\/td>\n<\/tr>\n<tr>\n<td>Zariadenie na predbe\u017en\u00e9 vyrovn\u00e1vanie na gu\u013e\u00f4\u010dkovom formova\u010di<\/td>\n<td>\n<ul>\n<li>zabr\u00e1ni\u0165 \u00faniku kvapalnej n\u00e1plne<\/li>\n<\/ul>\n<\/td>\n<\/tr>\n<\/tbody>\n<\/table>\n<p>&nbsp;<\/p>","protected":false},"excerpt":{"rendered":"<p>Linka na tvarovanie gu\u013e\u00f4\u010dok na v\u00fdrobu pln\u00fdch alebo stredom plnen\u00fdch valcov\u00fdch v\u00fdrobkov s v\u00fdkonom a\u017e 380 000 kusov za hodinu.<\/p>","protected":false},"featured_media":2680,"comment_status":"open","ping_status":"closed","template":"","meta":{"uix_meta_title":"","uix_meta_description":"","uix_canonical_url":""},"product_brand":[],"product_cat":[104],"product_tag":[],"class_list":{"0":"post-2681","1":"product","2":"type-product","3":"status-publish","4":"has-post-thumbnail","6":"product_cat-processing","8":"first","9":"instock","10":"shipping-taxable","11":"product-type-simple"},"_links":{"self":[{"href":"https:\/\/cormac.eu\/sk\/wp-json\/wp\/v2\/product\/2681","targetHints":{"allow":["GET"]}}],"collection":[{"href":"https:\/\/cormac.eu\/sk\/wp-json\/wp\/v2\/product"}],"about":[{"href":"https:\/\/cormac.eu\/sk\/wp-json\/wp\/v2\/types\/product"}],"replies":[{"embeddable":true,"href":"https:\/\/cormac.eu\/sk\/wp-json\/wp\/v2\/comments?post=2681"}],"wp:featuredmedia":[{"embeddable":true,"href":"https:\/\/cormac.eu\/sk\/wp-json\/wp\/v2\/media\/2680"}],"wp:attachment":[{"href":"https:\/\/cormac.eu\/sk\/wp-json\/wp\/v2\/media?parent=2681"}],"wp:term":[{"taxonomy":"product_brand","embeddable":true,"href":"https:\/\/cormac.eu\/sk\/wp-json\/wp\/v2\/product_brand?post=2681"},{"taxonomy":"product_cat","embeddable":true,"href":"https:\/\/cormac.eu\/sk\/wp-json\/wp\/v2\/product_cat?post=2681"},{"taxonomy":"product_tag","embeddable":true,"href":"https:\/\/cormac.eu\/sk\/wp-json\/wp\/v2\/product_tag?post=2681"}],"curies":[{"name":"wp","href":"https:\/\/api.w.org\/{rel}","templated":true}]}}