{"id":2665,"date":"2022-04-12T20:53:35","date_gmt":"2022-04-12T18:53:35","guid":{"rendered":"https:\/\/cormac.eu\/?post_type=product&#038;p=2665"},"modified":"2022-05-30T16:24:43","modified_gmt":"2022-05-30T14:24:43","slug":"4-stranny-obal-na-tesnenie-cwls","status":"publish","type":"product","link":"https:\/\/cormac.eu\/sk\/product\/4-sided-seal-wrapper-cwls\/","title":{"rendered":"4-strann\u00fd tesniaci obal CWLS"},"content":{"rendered":"<p>\u0160tvorstrann\u00fd baliaci stroj je \u0161peci\u00e1lny stroj na balenie gu\u013e\u00f4\u010dok, 3D v\u00fdrobkov a ploch\u00fdch l\u00edzaniek. Umo\u017e\u0148uje v\u00fdrobcovi l\u00edzaniek pon\u00faknu\u0165 na trhu alternat\u00edvne balenie, ktor\u00e9 obsahuje viac inform\u00e1ci\u00ed na etikete v\u00fdrobku a vizu\u00e1lnych efektov, farieb at\u010f. Model CWL-4S 600 bol navrhnut\u00fd pre v\u00fdrobcov z\u00e1kladnej \u00farovne a mdnej ve\u013ekosti, zatia\u013e \u010do model CWL-4S 800 je vhodnej\u0161\u00ed pre vysokor\u00fdchlostn\u00e9 aplik\u00e1cie v priemysle. Ke\u010f\u017ee t\u00e1to bali\u010dka nie je mechanicky spojen\u00e1 s chladiacim tunelom na l\u00edzanky, m\u00f4\u017ee pracova\u0165 nez\u00e1visle od svojich predch\u00e1dzaj\u00facich strojov. Form\u00e1t balenia, pri ktorom sa uzatv\u00e1raj\u00fa \u0161tyri strany, zabezpe\u010duje vysok\u00fd stupe\u0148 integrity balenia.<\/p>\n<p><img decoding=\"async\" class=\"alignnone wp-image-2666\" src=\"https:\/\/cormac.eu\/wp-content\/uploads\/2022\/04\/application-Knipsel.jpg\" alt=\"\" width=\"205\" height=\"223\" \/><\/p>\n<p>&nbsp;<\/p>\n<table style=\"height: 231px;\" width=\"619\">\n<tbody>\n<tr>\n<td width=\"302\"><strong>Funkcie<\/strong><\/td>\n<td width=\"302\"><strong>V\u00fdhody<\/strong><\/td>\n<\/tr>\n<tr>\n<td width=\"302\">Vyhotovenie z nehrdzavej\u00facej ocele<\/td>\n<td width=\"302\">\n<ul>\n<li>Jednoduch\u00e9 \u010distenie<\/li>\n<li>Hygienick\u00fd dizajn<\/li>\n<\/ul>\n<\/td>\n<\/tr>\n<tr>\n<td width=\"302\">Robustn\u00fd r\u00e1m stroja<\/td>\n<td width=\"302\">\n<ul>\n<li>Spo\u013eahliv\u00e9<\/li>\n<li>Dlh\u00e1 technick\u00e1 \u017eivotnos\u0165<\/li>\n<\/ul>\n<\/td>\n<\/tr>\n<\/tbody>\n<\/table>\n<p>&nbsp;<\/p>\n<table>\n<tbody>\n<tr>\n<td width=\"201\"><strong>\u00a0 \u00a0 \u00a0 \u00a0 \u00a0 \u00a0 \u00a0 \u00a0 \u00a0 \u00a0 \u00a0 \u00a0 \u00a0 \u00a0 \u00a0 \u00a0 \u00a0 \u00a0\u00a0<\/strong><\/p>\n<p><strong>Model<\/strong><\/td>\n<td width=\"201\">\n<p style=\"text-align: center;\"><strong>CWLS-600<\/strong><\/p>\n<\/td>\n<td width=\"201\">\n<p style=\"text-align: center;\"><strong>CWLS-800<\/strong><\/p>\n<\/td>\n<\/tr>\n<tr>\n<td width=\"201\"><strong>Kapacita<\/strong><\/td>\n<td width=\"201\">\n<p style=\"text-align: center;\">600 ppm<\/p>\n<\/td>\n<td width=\"201\">\n<p style=\"text-align: center;\">800 ppm<\/p>\n<\/td>\n<\/tr>\n<tr>\n<td width=\"201\"><strong>Rozsah priemerov v\u00fdrobkov<\/strong><\/td>\n<td width=\"201\">\n<p style=\"text-align: center;\">18-35 mm<\/p>\n<\/td>\n<td width=\"201\">\n<p style=\"text-align: center;\">18-35 mm<\/p>\n<\/td>\n<\/tr>\n<tr>\n<td width=\"201\"><strong>Rozsah priemerov ty\u010d\u00ed<\/strong><\/td>\n<td width=\"201\">\n<p style=\"text-align: center;\">3,2 - 6,0 mm<\/p>\n<\/td>\n<td width=\"201\">\n<p style=\"text-align: center;\">3,2-6,0 mm<\/p>\n<\/td>\n<\/tr>\n<tr>\n<td width=\"201\"><strong>Nap\u00e1janie<\/strong><\/td>\n<td width=\"201\">\n<p style=\"text-align: center;\">8,5 kW<\/p>\n<\/td>\n<td width=\"201\">\n<p style=\"text-align: center;\">9,5 kW<\/p>\n<\/td>\n<\/tr>\n<\/tbody>\n<\/table>","protected":false},"excerpt":{"rendered":"<p>\u0160tvorstrann\u00fd baliaci stroj na balenie gu\u013e\u00f4\u010dok, 3D v\u00fdrobkov a ploch\u00fdch l\u00edzaniek, su\u0161ienok, keksov at\u010f.<\/p>","protected":false},"featured_media":2667,"comment_status":"open","ping_status":"closed","template":"","meta":{"uix_meta_title":"","uix_meta_description":"","uix_canonical_url":""},"product_brand":[],"product_cat":[105],"product_tag":[],"class_list":{"0":"post-2665","1":"product","2":"type-product","3":"status-publish","4":"has-post-thumbnail","6":"product_cat-packaging","8":"first","9":"instock","10":"shipping-taxable","11":"product-type-simple"},"_links":{"self":[{"href":"https:\/\/cormac.eu\/sk\/wp-json\/wp\/v2\/product\/2665","targetHints":{"allow":["GET"]}}],"collection":[{"href":"https:\/\/cormac.eu\/sk\/wp-json\/wp\/v2\/product"}],"about":[{"href":"https:\/\/cormac.eu\/sk\/wp-json\/wp\/v2\/types\/product"}],"replies":[{"embeddable":true,"href":"https:\/\/cormac.eu\/sk\/wp-json\/wp\/v2\/comments?post=2665"}],"wp:featuredmedia":[{"embeddable":true,"href":"https:\/\/cormac.eu\/sk\/wp-json\/wp\/v2\/media\/2667"}],"wp:attachment":[{"href":"https:\/\/cormac.eu\/sk\/wp-json\/wp\/v2\/media?parent=2665"}],"wp:term":[{"taxonomy":"product_brand","embeddable":true,"href":"https:\/\/cormac.eu\/sk\/wp-json\/wp\/v2\/product_brand?post=2665"},{"taxonomy":"product_cat","embeddable":true,"href":"https:\/\/cormac.eu\/sk\/wp-json\/wp\/v2\/product_cat?post=2665"},{"taxonomy":"product_tag","embeddable":true,"href":"https:\/\/cormac.eu\/sk\/wp-json\/wp\/v2\/product_tag?post=2665"}],"curies":[{"name":"wp","href":"https:\/\/api.w.org\/{rel}","templated":true}]}}