{"id":2664,"date":"2022-04-12T19:01:48","date_gmt":"2022-04-12T17:01:48","guid":{"rendered":"https:\/\/cormac.eu\/?post_type=product&#038;p=2664"},"modified":"2022-05-23T11:26:12","modified_gmt":"2022-05-23T09:26:12","slug":"balenie-zvazkov-cwlb-600-800","status":"publish","type":"product","link":"https:\/\/cormac.eu\/sk\/product\/bunch-wrapper-cwlb-600-800\/","title":{"rendered":"Bali\u010dka bal\u00edkov CWLB 600-800"},"content":{"rendered":"<p>Tento vysokor\u00fdchlostn\u00fd stroj na balenie bal\u00ed\u010dkov l\u00edzaniek m\u00f4\u017ee dosiahnu\u0165 r\u00fdchlos\u0165 a\u017e 800 kusov za min\u00fatu pri zachovan\u00ed mechanickej spo\u013eahlivosti a kvality balenia. Ve\u013ek\u00e1 baliaca hlava je vybaven\u00e1 12 baliacimi stanicami, ktor\u00e9 s\u00fa \u013eahko odn\u00edmate\u013en\u00e9. Inovat\u00edvny odoln\u00fd tesniaci syst\u00e9m n\u00e1s rob\u00ed odoln\u00fdmi pri minim\u00e1lnej spotrebe elektrickej energie a umo\u017e\u0148uje r\u00fdchlu a jednoduch\u00fa demont\u00e1\u017e. Stroj obsahuje syst\u00e9m, ktor\u00fd nepretr\u017eite monitoruje a automaticky upravuje baliaci materi\u00e1l, \u010d\u00edm zabra\u0148uje zbyto\u010dn\u00e9mu opotrebovaniu pod\u00e1vacieho valca. Stroj je mo\u017en\u00e9 doda\u0165 s automatick\u00fdm syst\u00e9mom pod\u00e1vania a zberu s cie\u013eom zn\u00ed\u017ei\u0165 n\u00e1klady na pracovn\u00fa silu a zv\u00fd\u0161i\u0165 efekt\u00edvnos\u0165.<\/p>\n<p><img fetchpriority=\"high\" decoding=\"async\" class=\"alignnone wp-image-2660\" src=\"https:\/\/cormac.eu\/wp-content\/uploads\/2022\/04\/Bunch-lollies-300x214.jpg\" alt=\"\" width=\"300\" height=\"214\" srcset=\"https:\/\/cormac.eu\/wp-content\/uploads\/2022\/04\/Bunch-lollies-300x214.jpg 300w, https:\/\/cormac.eu\/wp-content\/uploads\/2022\/04\/Bunch-lollies.jpg 600w\" sizes=\"(max-width: 300px) 100vw, 300px\" \/><img decoding=\"async\" class=\"alignnone size-medium wp-image-2661\" src=\"https:\/\/cormac.eu\/wp-content\/uploads\/2022\/04\/Lollipop-with-flag-142x300.jpg\" alt=\"\" width=\"142\" height=\"300\" srcset=\"https:\/\/cormac.eu\/wp-content\/uploads\/2022\/04\/Lollipop-with-flag-142x300.jpg 142w, https:\/\/cormac.eu\/wp-content\/uploads\/2022\/04\/Lollipop-with-flag-486x1024.jpg 486w, https:\/\/cormac.eu\/wp-content\/uploads\/2022\/04\/Lollipop-with-flag.jpg 600w\" sizes=\"(max-width: 142px) 100vw, 142px\" \/><img decoding=\"async\" class=\"alignnone size-medium wp-image-2662\" src=\"https:\/\/cormac.eu\/wp-content\/uploads\/2022\/04\/Lollipop-with-tattoo-300x260.jpg\" alt=\"\" width=\"300\" height=\"260\" srcset=\"https:\/\/cormac.eu\/wp-content\/uploads\/2022\/04\/Lollipop-with-tattoo-300x260.jpg 300w, https:\/\/cormac.eu\/wp-content\/uploads\/2022\/04\/Lollipop-with-tattoo.jpg 600w\" sizes=\"(max-width: 300px) 100vw, 300px\" \/><\/p>\n<p>&nbsp;<\/p>\n<p>&nbsp;<\/p>\n<table width=\"571\">\n<tbody>\n<tr>\n<td width=\"286\"><strong>Funkcie<\/strong><\/td>\n<td width=\"286\"><strong>V\u00fdhody<\/strong><\/td>\n<\/tr>\n<tr>\n<td width=\"286\">Vyhotovenie z nehrdzavej\u00facej ocele<\/td>\n<td width=\"286\">\n<ul>\n<li>Jednoduch\u00e9 \u010distenie<\/li>\n<li>Hygienick\u00fd dizajn<\/li>\n<\/ul>\n<\/td>\n<\/tr>\n<tr>\n<td width=\"286\">Robustn\u00fd r\u00e1m stroja<\/td>\n<td width=\"286\">\n<ul>\n<li>Spo\u013eahliv\u00e9<\/li>\n<li>Dlh\u00e1 technick\u00e1 \u017eivotnos\u0165<\/li>\n<\/ul>\n<\/td>\n<\/tr>\n<tr>\n<td width=\"286\">Integrovan\u00fd teleskopick\u00fd syst\u00e9m<\/td>\n<td width=\"286\">\n<ul>\n<li>Jednoduch\u00e9 odpojenie baliacich stan\u00edc<\/li>\n<li>Jednoduch\u00e1 \u00fadr\u017eba baliacej hlavy<\/li>\n<\/ul>\n<\/td>\n<\/tr>\n<tr>\n<td width=\"286\">Dotykov\u00fd displej<\/td>\n<td width=\"286\">\n<ul>\n<li>Jednoduch\u00e9 ovl\u00e1danie synchroniz\u00e1cie<\/li>\n<li>zobrazenie alarmu<\/li>\n<li>Ukladanie nastaven\u00ed<\/li>\n<\/ul>\n<\/td>\n<\/tr>\n<tr>\n<td width=\"286\">Pripojenie modemu<\/td>\n<td width=\"286\">\n<ul>\n<li>Vzdialen\u00e1 podpora<\/li>\n<li>jednoduch\u00e1 integr\u00e1cia do intranetu pou\u017e\u00edvate\u013ea<\/li>\n<\/ul>\n<\/td>\n<\/tr>\n<tr>\n<td width=\"286\">Mo\u017enosti automatiz\u00e1cie<\/td>\n<td width=\"286\">\n<ul>\n<li>Pod\u00e1vac\u00ed p\u00e1s<\/li>\n<li>vyp\u00fa\u0161\u0165ac\u00ed\/zbern\u00fd p\u00e1s<\/li>\n<li>Po\u010d\u00edtanie produktov riaden\u00e9 PLC<\/li>\n<\/ul>\n<\/td>\n<\/tr>\n<\/tbody>\n<\/table>\n<p>&nbsp;<\/p>\n<table>\n<tbody>\n<tr>\n<td width=\"230\"><\/td>\n<td width=\"115\">\n<p style=\"text-align: center;\"><strong>CLWB 400<\/strong><\/p>\n<\/td>\n<td style=\"text-align: center;\" width=\"115\"><strong>CLWB 600<\/strong><\/td>\n<td width=\"115\">\n<p style=\"text-align: center;\"><strong>CLWB 800<\/strong><\/p>\n<\/td>\n<\/tr>\n<tr>\n<td width=\"230\"><strong>Kapacita<\/strong><\/td>\n<td width=\"115\">\n<p style=\"text-align: center;\">400 ppm<\/p>\n<\/td>\n<td style=\"text-align: center;\" width=\"115\">600 ppm<\/td>\n<td width=\"115\">\n<p style=\"text-align: center;\">800 ppm<\/p>\n<\/td>\n<\/tr>\n<tr>\n<td width=\"230\"><strong>lollypop <\/strong><strong>Rozsah \u00d8<\/strong><\/td>\n<td width=\"115\">\n<p style=\"text-align: center;\">18 - 35 mm<\/p>\n<\/td>\n<td style=\"text-align: center;\" width=\"115\">18 - 35 mm<\/td>\n<td width=\"115\">\n<p style=\"text-align: center;\">18 - 35 mm<\/p>\n<\/td>\n<\/tr>\n<tr>\n<td width=\"230\"><strong>Maxim\u00e1lna d\u013a\u017eka lopty<\/strong><\/td>\n<td width=\"115\">\n<p style=\"text-align: center;\">40 mm<\/p>\n<\/td>\n<td style=\"text-align: center;\" width=\"115\">40 mm<\/td>\n<td width=\"115\">\n<p style=\"text-align: center;\">40 mm<\/p>\n<\/td>\n<\/tr>\n<tr>\n<td width=\"230\"><strong>Stick <\/strong><strong>Rozsah \u00d8<\/strong><\/td>\n<td width=\"115\">\n<p style=\"text-align: center;\">3,2 - 6 mm<\/p>\n<\/td>\n<td style=\"text-align: center;\" width=\"115\">3,2 - 6 mm<\/td>\n<td width=\"115\">\n<p style=\"text-align: center;\">3,2 - 6 mm<\/p>\n<\/td>\n<\/tr>\n<tr>\n<td width=\"230\"><strong>\u0160\u00edrka baliaceho materi\u00e1lu<\/strong><\/td>\n<td width=\"115\">\n<p style=\"text-align: center;\">80 - 135 mm<\/p>\n<\/td>\n<td style=\"text-align: center;\" width=\"115\">80 - 135 mm<\/td>\n<td width=\"115\">\n<p style=\"text-align: center;\">80 - 135 mm<\/p>\n<\/td>\n<\/tr>\n<tr>\n<td width=\"230\"><strong>Maxim\u00e1lna d\u013a\u017eka baliaceho materi\u00e1lu<\/strong><\/td>\n<td width=\"115\">\n<p style=\"text-align: center;\">135 mm<\/p>\n<\/td>\n<td style=\"text-align: center;\" width=\"115\">135 mm<\/td>\n<td width=\"115\">\n<p style=\"text-align: center;\">135 mm<\/p>\n<\/td>\n<\/tr>\n<tr>\n<td width=\"230\"><strong>Rozsah hmotnosti baliaceho materi\u00e1lu<\/strong><\/td>\n<td width=\"115\">\n<p style=\"text-align: center;\">35-45 gr\/m2<\/p>\n<\/td>\n<td style=\"text-align: center;\" width=\"115\">35-45 gr\/m2<\/td>\n<td width=\"115\">\n<p style=\"text-align: center;\">35-45 gr\/m2<\/p>\n<\/td>\n<\/tr>\n<tr>\n<td width=\"230\"><strong>Max. vonkaj\u0161\u00ed<\/strong><strong> \u00d8 cievky <\/strong><\/td>\n<td width=\"115\">\n<p style=\"text-align: center;\">300 mm<\/p>\n<\/td>\n<td style=\"text-align: center;\" width=\"115\">300 mm<\/td>\n<td width=\"115\">\n<p style=\"text-align: center;\">300 mm<\/p>\n<\/td>\n<\/tr>\n<tr>\n<td width=\"230\"><strong>Vn\u00fatorn\u00e1 cievka <\/strong><strong>Rozsah \u00d8<\/strong><\/td>\n<td width=\"115\">\n<p style=\"text-align: center;\">70 - 76 mm<\/p>\n<\/td>\n<td style=\"text-align: center;\" width=\"115\">70 - 76 mm<\/td>\n<td width=\"115\">\n<p style=\"text-align: center;\">70 - 76 mm<\/p>\n<\/td>\n<\/tr>\n<tr>\n<td width=\"230\"><strong>Z\u00e1va\u017eie stroj<\/strong><\/td>\n<td width=\"115\">\n<p style=\"text-align: center;\">1100 kg<\/p>\n<\/td>\n<td style=\"text-align: center;\" width=\"115\">1200 kg<\/td>\n<td width=\"115\">\n<p style=\"text-align: center;\">2500 kg<\/p>\n<\/td>\n<\/tr>\n<tr>\n<td width=\"230\"><strong>Nap\u00e1janie<\/strong><\/td>\n<td width=\"115\">\n<p style=\"text-align: center;\">5,5 kW<\/p>\n<\/td>\n<td style=\"text-align: center;\" width=\"115\">9,0 kW<\/td>\n<td width=\"115\">\n<p style=\"text-align: center;\">14,0 kW<\/p>\n<\/td>\n<\/tr>\n<\/tbody>\n<\/table>","protected":false},"excerpt":{"rendered":"<p>Vysokor\u00fdchlostn\u00fd baliaci stroj na balenie l\u00edzaniek v tvare gule s r\u00fdchlos\u0165ou a\u017e 800 str.<\/p>","protected":false},"featured_media":2659,"comment_status":"open","ping_status":"closed","template":"","meta":{"uix_meta_title":"","uix_meta_description":"","uix_canonical_url":""},"product_brand":[],"product_cat":[104],"product_tag":[],"class_list":{"0":"post-2664","1":"product","2":"type-product","3":"status-publish","4":"has-post-thumbnail","6":"product_cat-processing","8":"first","9":"instock","10":"shipping-taxable","11":"product-type-simple"},"_links":{"self":[{"href":"https:\/\/cormac.eu\/sk\/wp-json\/wp\/v2\/product\/2664","targetHints":{"allow":["GET"]}}],"collection":[{"href":"https:\/\/cormac.eu\/sk\/wp-json\/wp\/v2\/product"}],"about":[{"href":"https:\/\/cormac.eu\/sk\/wp-json\/wp\/v2\/types\/product"}],"replies":[{"embeddable":true,"href":"https:\/\/cormac.eu\/sk\/wp-json\/wp\/v2\/comments?post=2664"}],"wp:featuredmedia":[{"embeddable":true,"href":"https:\/\/cormac.eu\/sk\/wp-json\/wp\/v2\/media\/2659"}],"wp:attachment":[{"href":"https:\/\/cormac.eu\/sk\/wp-json\/wp\/v2\/media?parent=2664"}],"wp:term":[{"taxonomy":"product_brand","embeddable":true,"href":"https:\/\/cormac.eu\/sk\/wp-json\/wp\/v2\/product_brand?post=2664"},{"taxonomy":"product_cat","embeddable":true,"href":"https:\/\/cormac.eu\/sk\/wp-json\/wp\/v2\/product_cat?post=2664"},{"taxonomy":"product_tag","embeddable":true,"href":"https:\/\/cormac.eu\/sk\/wp-json\/wp\/v2\/product_tag?post=2664"}],"curies":[{"name":"wp","href":"https:\/\/api.w.org\/{rel}","templated":true}]}}