{"id":2657,"date":"2022-04-12T18:48:22","date_gmt":"2022-04-12T16:48:22","guid":{"rendered":"https:\/\/cormac.eu\/?post_type=product&#038;p=2657"},"modified":"2022-05-30T16:24:50","modified_gmt":"2022-05-30T14:24:50","slug":"extruder-cstr","status":"publish","type":"product","link":"https:\/\/cormac.eu\/sk\/product\/extruder-cstr\/","title":{"rendered":"Extrud\u00e9r CSTR"},"content":{"rendered":"<p>Protibe\u017en\u00e9 dvoj\u0161nekov\u00e9 extr\u00fadery na v\u00fdrobu v\u00fdrobkov, ako s\u00fa ovocn\u00e9 pasty, m\u00e4kk\u00e9 cukr\u00edky, karamelky, cere\u00e1lne a prote\u00ednov\u00e9 ty\u010dinky, \u017euva\u010dky a bublinkov\u00e9 \u017euva\u010dky, vytl\u00e1\u010dan\u00edm. Tento rad extrud\u00e9rov je obzvl\u00e1\u0161\u0165 vhodn\u00fd na v\u00fdrobu v\u00fdrobkov so stredovou n\u00e1pl\u0148ou. pod vysok\u00fdm tlakom sa hmota neust\u00e1le vytl\u00e1\u010da v rovnomernom toku. K vytl\u00e1\u010dacej hlave je mo\u017en\u00e9 pripoji\u0165 plniace zariadenia na pr\u00e1\u0161ky, granul\u00e1ty, polotekut\u00e9 alebo granulovan\u00e9 v\u00fdrobky, aby bolo mo\u017en\u00e9 vyr\u00e1ba\u0165 \u0161pecializovan\u00e9 v\u00fdrobky so stredovou n\u00e1pl\u0148ou. Ak sa skombinuj\u00fa 2 alebo viac vytla\u010dovac\u00edch zariaden\u00ed, mo\u017eno vyr\u00e1ba\u0165 spolo\u010dne vytl\u00e1\u010dan\u00e9 v\u00fdrobky. V\u010faka \u0161irok\u00e9mu sortimentu vytl\u00e1\u010dac\u00edch hl\u00e1v a \u0161peci\u00e1lnych trysiek mo\u017eno vyr\u00e1ba\u0165 mno\u017estvo kombin\u00e1ci\u00ed tvarov, pr\u00edchut\u00ed a farieb.<\/p>\n<p><img decoding=\"async\" class=\"alignnone wp-image-2655\" src=\"https:\/\/cormac.eu\/wp-content\/uploads\/2022\/04\/Gum-bazooka-300x188.jpg\" alt=\"\" width=\"209\" height=\"131\" srcset=\"https:\/\/cormac.eu\/wp-content\/uploads\/2022\/04\/Gum-bazooka-300x188.jpg 300w, https:\/\/cormac.eu\/wp-content\/uploads\/2022\/04\/Gum-bazooka.jpg 600w\" sizes=\"(max-width: 209px) 100vw, 209px\" \/><img decoding=\"async\" class=\"alignnone wp-image-2654\" src=\"https:\/\/cormac.eu\/wp-content\/uploads\/2022\/04\/Chewy-cubes2.jpg\" alt=\"\" width=\"214\" height=\"126\" \/><img decoding=\"async\" class=\"alignnone wp-image-2656\" src=\"https:\/\/cormac.eu\/wp-content\/uploads\/2022\/04\/Chewy-bar2-300x85.jpg\" alt=\"\" width=\"339\" height=\"96\" srcset=\"https:\/\/cormac.eu\/wp-content\/uploads\/2022\/04\/Chewy-bar2-300x85.jpg 300w, https:\/\/cormac.eu\/wp-content\/uploads\/2022\/04\/Chewy-bar2.jpg 600w\" sizes=\"(max-width: 339px) 100vw, 339px\" \/><\/p>\n<p>&nbsp;<\/p>\n<table width=\"604\">\n<tbody>\n<tr>\n<td width=\"302\"><strong>Funkcie<\/strong><\/td>\n<td width=\"302\"><strong>V\u00fdhody<\/strong><\/td>\n<\/tr>\n<tr>\n<td width=\"302\">Odoln\u00fd dizajn a kon\u0161trukcia<\/td>\n<td width=\"302\">\n<ul>\n<li>Dlh\u00e1 \u017eivotnos\u0165<\/li>\n<li>bezpe\u010dn\u00e1 prev\u00e1dzka<\/li>\n<\/ul>\n<\/td>\n<\/tr>\n<tr>\n<td width=\"302\">Nerezov\u00e1 oce\u013e pre oblasti kontaktu s v\u00fdrobkom<\/td>\n<td width=\"302\">\n<ul>\n<li>Bezpe\u010dnos\u0165 potrav\u00edn<\/li>\n<li>Hygiena<\/li>\n<\/ul>\n<\/td>\n<\/tr>\n<tr>\n<td width=\"302\">2-skrutkov\u00fd pr\u00edvod a protibe\u017en\u00e9 ot\u00e1\u010danie skrutiek<\/td>\n<td width=\"302\">\n<ul>\n<li>Stabiln\u00fd pr\u00edvod<\/li>\n<li>kon\u0161tantn\u00fd tok produktov<\/li>\n<\/ul>\n<\/td>\n<\/tr>\n<tr>\n<td width=\"302\">Vytla\u010dovacia hlava s dvojit\u00fdm pl\u00e1\u0161\u0165om s regul\u00e1ciou teploty electronix<\/td>\n<td width=\"302\">\n<ul>\n<li>Rovnomern\u00e1 teplota a regul\u00e1cia<\/li>\n<\/ul>\n<\/td>\n<\/tr>\n<tr>\n<td width=\"302\">Pohon s premenlivou r\u00fdchlos\u0165ou<\/td>\n<td width=\"302\">\n<ul>\n<li>Presn\u00e9 riadenie procesu a r\u00fdchlosti<\/li>\n<\/ul>\n<\/td>\n<\/tr>\n<tr>\n<td width=\"302\">Mo\u017enosti<\/td>\n<td width=\"302\">\n<ul>\n<li>Kombin\u00e1cie viacer\u00fdch vytl\u00e1\u010dac\u00edch zariaden\u00ed<\/li>\n<\/ul>\n<\/td>\n<\/tr>\n<\/tbody>\n<\/table>","protected":false},"excerpt":{"rendered":"<p>Dvoj\u0161nekov\u00fd extrud\u00e9r na v\u00fdrobu ovocn\u00fdch p\u00e1st, m\u00e4kk\u00fdch cukr\u00edkov, karameliek, cere\u00e1lnych a prote\u00ednov\u00fdch ty\u010diniek, \u017euva\u010diek a bublinkov\u00fdch \u017euva\u010diek.<\/p>","protected":false},"featured_media":2658,"comment_status":"open","ping_status":"closed","template":"","meta":{"uix_meta_title":"","uix_meta_description":"","uix_canonical_url":""},"product_brand":[],"product_cat":[104],"product_tag":[],"class_list":{"0":"post-2657","1":"product","2":"type-product","3":"status-publish","4":"has-post-thumbnail","6":"product_cat-processing","8":"first","9":"instock","10":"shipping-taxable","11":"product-type-simple"},"_links":{"self":[{"href":"https:\/\/cormac.eu\/sk\/wp-json\/wp\/v2\/product\/2657","targetHints":{"allow":["GET"]}}],"collection":[{"href":"https:\/\/cormac.eu\/sk\/wp-json\/wp\/v2\/product"}],"about":[{"href":"https:\/\/cormac.eu\/sk\/wp-json\/wp\/v2\/types\/product"}],"replies":[{"embeddable":true,"href":"https:\/\/cormac.eu\/sk\/wp-json\/wp\/v2\/comments?post=2657"}],"wp:featuredmedia":[{"embeddable":true,"href":"https:\/\/cormac.eu\/sk\/wp-json\/wp\/v2\/media\/2658"}],"wp:attachment":[{"href":"https:\/\/cormac.eu\/sk\/wp-json\/wp\/v2\/media?parent=2657"}],"wp:term":[{"taxonomy":"product_brand","embeddable":true,"href":"https:\/\/cormac.eu\/sk\/wp-json\/wp\/v2\/product_brand?post=2657"},{"taxonomy":"product_cat","embeddable":true,"href":"https:\/\/cormac.eu\/sk\/wp-json\/wp\/v2\/product_cat?post=2657"},{"taxonomy":"product_tag","embeddable":true,"href":"https:\/\/cormac.eu\/sk\/wp-json\/wp\/v2\/product_tag?post=2657"}],"curies":[{"name":"wp","href":"https:\/\/api.w.org\/{rel}","templated":true}]}}