{"id":2491,"date":"2022-04-08T17:47:59","date_gmt":"2022-04-08T15:47:59","guid":{"rendered":"https:\/\/cormac.eu\/?post_type=product&#038;p=2491"},"modified":"2022-05-30T16:26:38","modified_gmt":"2022-05-30T14:26:38","slug":"batvch-temperovaci-stroj","status":"publish","type":"product","link":"https:\/\/cormac.eu\/sk\/product\/batvch-tempering-machine\/","title":{"rendered":"D\u00e1vkov\u00e9 temperovacie zariadenie"},"content":{"rendered":"<p>T\u00e1to jednotka na temperovanie \u010dokol\u00e1dy sa pou\u017e\u00edva na pr\u00edpravu \u010dokol\u00e1dy na tvarovanie a po\u0165ahovanie. M\u00f4\u017ee sa dod\u00e1va\u0165 s kapacitou d\u00e1vky 40 KG alebo 100 KG.<\/p>\n<p>\u010cokol\u00e1da sa do dvojpl\u00e1\u0161\u0165ovej n\u00e1dr\u017ee priv\u00e1dza automaticky pomocou pod\u00e1vacieho \u010derpadla. Stroj umo\u017e\u0148uje automatick\u00fd pr\u00edvod studenej vody pomocou elektromagnetick\u00e9ho ventilu pripojen\u00e9ho k digit\u00e1lnemu teplomeru. Vo vn\u00fatri n\u00e1dr\u017ee s\u00fa na hriadeli poh\u00e1\u0148anom motorom namontovan\u00e9 ot\u00e1\u010dav\u00e9 dosky. Dosky s\u00fa umiestnen\u00e9 v oddelen\u00fdch priestoroch chladen\u00fdch cirkuluj\u00facou chladenou vodou. \u010cokol\u00e1da cirkuluje medzi plat\u0148ami a oddelen\u00edm, \u010d\u00edm sa zabezpe\u010duje \u00fa\u010dinn\u00fd prenos teploty. Digit\u00e1lny teplomer kontroluje po\u017eadovan\u00fd rozsah tepl\u00f4t prostredn\u00edctvom prepojenia s elektrick\u00fdm ohrevom alebo elektromagnetick\u00fdm ventilom pre pr\u00edvod studenej vody. Z temperovacieho zariadenia sa temperovan\u00e1 \u010dokol\u00e1da \u010derp\u00e1 do miesta spotreby, z ktor\u00e9ho sa nespotrebovan\u00e1 \u010dokol\u00e1da m\u00f4\u017ee vr\u00e1ti\u0165 do temperovacieho zariadenia. S\u00fa\u010das\u0165ou dod\u00e1vky m\u00f4\u017eu by\u0165 \u010derpadl\u00e1 a potrubia. Stroj m\u00f4\u017ee temperova\u0165 oby\u010dajn\u00fa \u010dokol\u00e1du, ako aj \u010dokol\u00e1du s inkl\u00faziami.<\/p>\n<p><em>Temperovanie je proces, pri ktorom sa kry\u0161t\u00e1ly kakaov\u00e9ho masla v \u010dokol\u00e1de obnovuj\u00fa a vytv\u00e1raj\u00fa stabiln\u00e9 kry\u0161t\u00e1ly beta. V\u0161eobecne plat\u00ed, \u017ee prv\u00fdm krokom tohto procesu je zahriatie \u010dokol\u00e1dy na teplotu 46 \u00b0C, v d\u00f4sledku \u010doho sa roztav\u00ed v\u0161etk\u00fdch \u0161es\u0165 foriem kry\u0161t\u00e1lov. Potom sa \u010dokol\u00e1da v druhom kroku ochlad\u00ed na pribli\u017ene 27 \u00b0C.  Pri tejto teplote sa \u010dokol\u00e1da mie\u0161a, aby sa v nej vytvorili mal\u00e9 kry\u0161t\u00e1liky.  Potom sa \u010dokol\u00e1da op\u00e4\u0165 zahreje na teplotu 31 \u00b0C, pri\u010dom v \u010dokol\u00e1dovej hmote zostan\u00fa len po\u017eadovan\u00e9 kry\u0161t\u00e1ly V. \u010cokol\u00e1da sa teraz mus\u00ed udr\u017eiava\u0165 na tejto teplote, aby bola pripraven\u00e1 na pou\u017eitie na formovanie alebo po\u0165ahovanie, \u010d\u00edm sa zabezpe\u010d\u00ed hladk\u00e1 a leskl\u00e1 \u010dokol\u00e1da.<\/em><\/p>\n<p>&nbsp;<\/p>\n<table width=\"604\">\n<tbody>\n<tr>\n<td width=\"302\"><strong>Funkcie<\/strong><\/td>\n<td width=\"302\"><strong>V\u00fdhody<\/strong><\/td>\n<\/tr>\n<tr>\n<td width=\"302\">Kompaktn\u00fd dizajn<\/td>\n<td width=\"302\">\n<ul>\n<li>Zaberanie mal\u00e9ho priestoru<\/li>\n<\/ul>\n<\/td>\n<\/tr>\n<tr>\n<td width=\"302\">Prieh\u013eadn\u00fd kryt<\/td>\n<td width=\"302\">\n<ul>\n<li>Vizu\u00e1lna kontrola po\u010das procesu<\/li>\n<li>Jednoduch\u00fd pr\u00edstup na \u010distenie<\/li>\n<\/ul>\n<\/td>\n<\/tr>\n<tr>\n<td width=\"302\">Mie\u0161adlo so \u0161krabkami<\/td>\n<td width=\"302\">\n<ul>\n<li>Udr\u017eujte \u010dokol\u00e1du homog\u00e9nnu<\/li>\n<li>Udr\u017eujte vn\u00fatorn\u00fa stenu n\u00e1dr\u017ee \u010dist\u00fa<\/li>\n<\/ul>\n<\/td>\n<\/tr>\n<tr>\n<td width=\"302\">Sonda PT-100 v strede n\u00e1dr\u017ee<\/td>\n<td width=\"302\">\n<ul>\n<li>Od\u010d\u00edtanie teploty v najteplej\u0161om bode<\/li>\n<\/ul>\n<\/td>\n<\/tr>\n<tr>\n<td width=\"302\"><\/td>\n<td width=\"302\"><\/td>\n<\/tr>\n<\/tbody>\n<\/table>","protected":false},"excerpt":{"rendered":"<p>\u010cokol\u00e1dov\u00fd temperovac\u00ed stroj na 40 alebo 100 kg<\/p>","protected":false},"featured_media":2482,"comment_status":"open","ping_status":"closed","template":"","meta":{"uix_meta_title":"","uix_meta_description":"","uix_canonical_url":""},"product_brand":[],"product_cat":[104,107],"product_tag":[],"class_list":{"0":"post-2491","1":"product","2":"type-product","3":"status-publish","4":"has-post-thumbnail","6":"product_cat-processing","7":"product_cat-artisanal","9":"first","10":"instock","11":"shipping-taxable","12":"product-type-simple"},"_links":{"self":[{"href":"https:\/\/cormac.eu\/sk\/wp-json\/wp\/v2\/product\/2491","targetHints":{"allow":["GET"]}}],"collection":[{"href":"https:\/\/cormac.eu\/sk\/wp-json\/wp\/v2\/product"}],"about":[{"href":"https:\/\/cormac.eu\/sk\/wp-json\/wp\/v2\/types\/product"}],"replies":[{"embeddable":true,"href":"https:\/\/cormac.eu\/sk\/wp-json\/wp\/v2\/comments?post=2491"}],"wp:featuredmedia":[{"embeddable":true,"href":"https:\/\/cormac.eu\/sk\/wp-json\/wp\/v2\/media\/2482"}],"wp:attachment":[{"href":"https:\/\/cormac.eu\/sk\/wp-json\/wp\/v2\/media?parent=2491"}],"wp:term":[{"taxonomy":"product_brand","embeddable":true,"href":"https:\/\/cormac.eu\/sk\/wp-json\/wp\/v2\/product_brand?post=2491"},{"taxonomy":"product_cat","embeddable":true,"href":"https:\/\/cormac.eu\/sk\/wp-json\/wp\/v2\/product_cat?post=2491"},{"taxonomy":"product_tag","embeddable":true,"href":"https:\/\/cormac.eu\/sk\/wp-json\/wp\/v2\/product_tag?post=2491"}],"curies":[{"name":"wp","href":"https:\/\/api.w.org\/{rel}","templated":true}]}}