{"id":2446,"date":"2022-04-02T15:45:33","date_gmt":"2022-04-02T13:45:33","guid":{"rendered":"https:\/\/cormac.eu\/?post_type=product&#038;p=2446"},"modified":"2022-06-06T00:37:52","modified_gmt":"2022-06-05T22:37:52","slug":"systemy-na-manipulaciu-s-kosom-2","status":"publish","type":"product","link":"https:\/\/cormac.eu\/sk\/product\/basket-handling-systems\/","title":{"rendered":"Syst\u00e9my na manipul\u00e1ciu s ko\u0161om"},"content":{"rendered":"<p>Zariadenia na manipul\u00e1ciu s ko\u0161om zah\u0155\u0148aj\u00fa napr\u00edklad: Ko\u0161ov\u00e9 elev\u00e1tory, stohova\u010de a odklada\u010de ko\u0161ov, dopravn\u00edky na pod\u00e1vanie ko\u0161ov, naklada\u010de ko\u0161ov at\u010f. Tieto zariadenia sa dod\u00e1vaj\u00fa v r\u00f4znych typoch strojov a konfigur\u00e1ci\u00e1ch, v\u017edy pod\u013ea po\u017eiadaviek z\u00e1kazn\u00edka.<\/p>\n<p>&nbsp;<\/p>\n<table width=\"604\">\n<tbody>\n<tr>\n<td width=\"302\"><strong>Funkcie<\/strong><\/td>\n<td width=\"302\"><strong>V\u00fdhody<\/strong><\/td>\n<\/tr>\n<tr>\n<td width=\"302\">Kon\u0161trukcia z nehrdzavej\u00facej ocele<\/td>\n<td width=\"302\">\n<ul>\n<li>Pevn\u00e9<\/li>\n<li>Hygenic<\/li>\n<\/ul>\n<\/td>\n<\/tr>\n<tr>\n<td width=\"302\">Integr\u00e1cia syst\u00e9mu<\/td>\n<td width=\"302\">\n<ul>\n<li>Zariadenie je mo\u017en\u00e9 integrova\u0165 s existuj\u00facim zariaden\u00edm z\u00e1vodu<\/li>\n<\/ul>\n<\/td>\n<\/tr>\n<tr>\n<td width=\"302\"><\/td>\n<td width=\"302\"><\/td>\n<\/tr>\n<tr>\n<td width=\"302\">Cykly prania, pl\u00e1kania a su\u0161enia<\/td>\n<td width=\"302\">\n<ul>\n<li>Vynikaj\u00face v\u00fdsledky \u010distenia<\/li>\n<\/ul>\n<\/td>\n<\/tr>\n<tr>\n<td width=\"302\">Volite\u013en\u00e9<\/td>\n<td width=\"302\">\n<ul>\n<li>Syst\u00e9my na k\u013e\u00fa\u010d<\/li>\n<li>Integr\u00e1cia syst\u00e9mov<\/li>\n<\/ul>\n<\/td>\n<\/tr>\n<\/tbody>\n<\/table>","protected":false},"excerpt":{"rendered":"<p>Syst\u00e9m manipul\u00e1cie s ko\u0161\u00edkmi a prepravkami pod\u013ea po\u017eiadaviek z\u00e1kazn\u00edka.<\/p>","protected":false},"featured_media":2447,"comment_status":"open","ping_status":"closed","template":"","meta":{"uix_meta_title":"","uix_meta_description":"","uix_canonical_url":""},"product_brand":[],"product_cat":[108],"product_tag":[],"class_list":{"0":"post-2446","1":"product","2":"type-product","3":"status-publish","4":"has-post-thumbnail","6":"product_cat-hygiene","8":"first","9":"instock","10":"shipping-taxable","11":"product-type-simple"},"_links":{"self":[{"href":"https:\/\/cormac.eu\/sk\/wp-json\/wp\/v2\/product\/2446","targetHints":{"allow":["GET"]}}],"collection":[{"href":"https:\/\/cormac.eu\/sk\/wp-json\/wp\/v2\/product"}],"about":[{"href":"https:\/\/cormac.eu\/sk\/wp-json\/wp\/v2\/types\/product"}],"replies":[{"embeddable":true,"href":"https:\/\/cormac.eu\/sk\/wp-json\/wp\/v2\/comments?post=2446"}],"wp:featuredmedia":[{"embeddable":true,"href":"https:\/\/cormac.eu\/sk\/wp-json\/wp\/v2\/media\/2447"}],"wp:attachment":[{"href":"https:\/\/cormac.eu\/sk\/wp-json\/wp\/v2\/media?parent=2446"}],"wp:term":[{"taxonomy":"product_brand","embeddable":true,"href":"https:\/\/cormac.eu\/sk\/wp-json\/wp\/v2\/product_brand?post=2446"},{"taxonomy":"product_cat","embeddable":true,"href":"https:\/\/cormac.eu\/sk\/wp-json\/wp\/v2\/product_cat?post=2446"},{"taxonomy":"product_tag","embeddable":true,"href":"https:\/\/cormac.eu\/sk\/wp-json\/wp\/v2\/product_tag?post=2446"}],"curies":[{"name":"wp","href":"https:\/\/api.w.org\/{rel}","templated":true}]}}