{"id":2444,"date":"2022-04-02T15:07:52","date_gmt":"2022-04-02T13:07:52","guid":{"rendered":"https:\/\/cormac.eu\/?post_type=product&#038;p=2444"},"modified":"2022-06-06T00:41:45","modified_gmt":"2022-06-05T22:41:45","slug":"umyvacka-prepraviek-2","status":"publish","type":"product","link":"https:\/\/cormac.eu\/sk\/product\/crate-washer\/","title":{"rendered":"Um\u00fdva\u010dka prepraviek"},"content":{"rendered":"<p>Pr\u00e1\u010dky na um\u00fdvanie prepraviek sa m\u00f4\u017eu vyr\u00e1ba\u0165 v \u0161irokom rozsahu s kapacitou a\u017e do 8000 prepraviek za hodinu. Vo v\u0161eobecnosti s\u00fa kon\u0161truovan\u00e9 pod\u013ea \u0161pecifik\u00e1cie z\u00e1kazn\u00edka a m\u00f4\u017eu by\u0165 dod\u00e1van\u00e9 od viacn\u00e1sobn\u00fdch dezinfek\u010dn\u00fdch jednotiek a\u017e po viacn\u00e1sobn\u00e9 o\u0161etrovacie jednotky s programom su\u0161enia Newsmith.<br \/>\n\u0160\u00edrku dopravn\u00edka a v\u00fd\u0161ku tunela mo\u017eno prisp\u00f4sobi\u0165 \u010disten\u00fdm predmetom. Teplota \u010distiaceho roztoku je regulovan\u00e1 termostatom.<\/p>\n<table width=\"604\">\n<tbody>\n<tr>\n<td width=\"302\">\n<p style=\"text-align: center\"><strong>Funkcie<\/strong><\/p>\n<\/td>\n<td width=\"302\">\n<p style=\"text-align: center\"><strong>V\u00fdhody<\/strong><\/p>\n<\/td>\n<\/tr>\n<tr>\n<td width=\"302\">Kon\u0161trukcia z nehrdzavej\u00facej ocele<\/td>\n<td width=\"302\">\n<ul>\n<li>Pevn\u00e9<\/li>\n<li>Hygenic<\/li>\n<\/ul>\n<\/td>\n<\/tr>\n<tr>\n<td width=\"302\">Vysokokvalitn\u00e9 filtre<\/td>\n<td width=\"302\">\n<ul>\n<li>Jednoduch\u00e9 \u010distenie a pr\u00edstup k filtrom<\/li>\n<\/ul>\n<\/td>\n<\/tr>\n<tr>\n<td width=\"302\">Tryskov\u00e9 syst\u00e9my<\/td>\n<td width=\"302\">\n<ul>\n<li>Optim\u00e1lne \u010distenie<\/li>\n<\/ul>\n<\/td>\n<\/tr>\n<tr>\n<td width=\"302\">Cykly prania, pl\u00e1kania a su\u0161enia<\/td>\n<td width=\"302\">\n<ul>\n<li>Vynikaj\u00face v\u00fdsledky \u010distenia<\/li>\n<\/ul>\n<\/td>\n<\/tr>\n<tr>\n<td width=\"302\">Volite\u013en\u00e9<\/td>\n<td width=\"302\">\n<ul>\n<li>skl\u00e1pa\u010d stohov<\/li>\n<li>Odstr\u00e1nenie vysokotlakov\u00e9ho \u0161t\u00edtku<\/li>\n<li>Vysokor\u00fdchlostn\u00e9 su\u0161enie vzduchov\u00fdm no\u017eom<\/li>\n<li>modely s viacer\u00fdmi\/jedn\u00fdm pruhom<\/li>\n<li>elektrick\u00e9, plynov\u00e9 alebo parn\u00e9 vykurovanie<\/li>\n<li>sp\u00e4tn\u00fd dopravn\u00edk na u\u013eah\u010denie pr\u00e1ce 1 mu\u017ea)<\/li>\n<li>z\u00e1vere\u010dn\u00e9 opl\u00e1chnutie sladkou vodou<\/li>\n<\/ul>\n<\/td>\n<\/tr>\n<\/tbody>\n<\/table>","protected":false},"excerpt":{"rendered":"<p>Um\u00fdva\u010dka prepraviek do 8000 prepraviek za hodinu, spravidla vyroben\u00e1 pod\u013ea \u0161pecifik\u00e1cie z\u00e1kazn\u00edka.<\/p>","protected":false},"featured_media":2445,"comment_status":"open","ping_status":"closed","template":"","meta":{"uix_meta_title":"","uix_meta_description":"","uix_canonical_url":""},"product_brand":[],"product_cat":[108],"product_tag":[],"class_list":{"0":"post-2444","1":"product","2":"type-product","3":"status-publish","4":"has-post-thumbnail","6":"product_cat-hygiene","8":"first","9":"instock","10":"shipping-taxable","11":"product-type-simple"},"_links":{"self":[{"href":"https:\/\/cormac.eu\/sk\/wp-json\/wp\/v2\/product\/2444","targetHints":{"allow":["GET"]}}],"collection":[{"href":"https:\/\/cormac.eu\/sk\/wp-json\/wp\/v2\/product"}],"about":[{"href":"https:\/\/cormac.eu\/sk\/wp-json\/wp\/v2\/types\/product"}],"replies":[{"embeddable":true,"href":"https:\/\/cormac.eu\/sk\/wp-json\/wp\/v2\/comments?post=2444"}],"wp:featuredmedia":[{"embeddable":true,"href":"https:\/\/cormac.eu\/sk\/wp-json\/wp\/v2\/media\/2445"}],"wp:attachment":[{"href":"https:\/\/cormac.eu\/sk\/wp-json\/wp\/v2\/media?parent=2444"}],"wp:term":[{"taxonomy":"product_brand","embeddable":true,"href":"https:\/\/cormac.eu\/sk\/wp-json\/wp\/v2\/product_brand?post=2444"},{"taxonomy":"product_cat","embeddable":true,"href":"https:\/\/cormac.eu\/sk\/wp-json\/wp\/v2\/product_cat?post=2444"},{"taxonomy":"product_tag","embeddable":true,"href":"https:\/\/cormac.eu\/sk\/wp-json\/wp\/v2\/product_tag?post=2444"}],"curies":[{"name":"wp","href":"https:\/\/api.w.org\/{rel}","templated":true}]}}