{"id":2439,"date":"2022-04-02T15:02:33","date_gmt":"2022-04-02T13:02:33","guid":{"rendered":"https:\/\/cormac.eu\/?post_type=product&#038;p=2439"},"modified":"2022-06-06T00:44:06","modified_gmt":"2022-06-05T22:44:06","slug":"stojanova-umyvacka","status":"publish","type":"product","link":"https:\/\/cormac.eu\/sk\/product\/rack-washer\/","title":{"rendered":"Um\u00fdva\u010dka stojanov"},"content":{"rendered":"<p>T\u00e1to flexibiln\u00e1 um\u00fdva\u010dka reg\u00e1lov si porad\u00ed s reg\u00e1lmi, ve\u013ek\u00fdmi n\u00e1dobami a voz\u00edkmi s maxim\u00e1lnym v\u00fdsledkom \u010distenia. M\u00f4\u017ee by\u0165 vyhotoven\u00e1 so \u0161\u00edrkou dver\u00ed a ve\u013ekos\u0165ou skrinky pod\u013ea \u0161pecifick\u00fdch po\u017eiadaviek z\u00e1kazn\u00edka. Aj um\u00fdvac\u00ed priestor je mo\u017en\u00e9 prisp\u00f4sobi\u0165. Tento \u00fa\u010dinn\u00fd stroj je vhodn\u00fd na obsluhu jednou osobou. Stroj m\u00f4\u017ee by\u0165 vybaven\u00fd rampou, ak je umiestnen\u00fd na vy\u0161\u0161ej \u00farovni podlahy. Taktie\u017e m\u00f4\u017ee by\u0165 vyhotoven\u00fd na mont\u00e1\u017e do jamy.<\/p>\n<table width=\"604\">\n<tbody>\n<tr>\n<td width=\"302\"><strong>Funkcie<\/strong><\/td>\n<td width=\"302\"><strong>V\u00fdhody<\/strong><\/td>\n<\/tr>\n<tr>\n<td width=\"302\">Kon\u0161trukcia z nehrdzavej\u00facej ocele<\/td>\n<td width=\"302\">\n<ul>\n<li>Pevn\u00e9<\/li>\n<li>Hygenic<\/li>\n<\/ul>\n<\/td>\n<\/tr>\n<tr>\n<td width=\"302\">Rota\u010dn\u00e9 striekacie trysky<\/td>\n<td width=\"302\">\n<ul>\n<li>Intenz\u00edvny um\u00fdvac\u00ed v\u00fdkon<\/li>\n<\/ul>\n<\/td>\n<\/tr>\n<tr>\n<td width=\"302\">Recirkula\u010dn\u00e9 um\u00fdvanie z\u00e1sobn\u00edkov<\/td>\n<td width=\"302\">\n<ul>\n<li>Zn\u00ed\u017eenie spotreby vody<\/li>\n<\/ul>\n<\/td>\n<\/tr>\n<tr>\n<td width=\"302\">Ovl\u00e1danie pomocou dotykovej obrazovky<\/td>\n<td width=\"302\">\n<ul>\n<li>V\u00fdber parametrov<\/li>\n<li>Zaznamen\u00e1vanie a ukladanie \u00fadajov<\/li>\n<li>\u010casov\u00e9 riadenie um\u00fdvania a oplachovania<\/li>\n<li>Viacero programov pracieho cyklu<\/li>\n<\/ul>\n<\/td>\n<\/tr>\n<tr>\n<td width=\"302\">Energeticky \u00fasporn\u00fd dizajn<\/td>\n<td width=\"302\">\n<ul>\n<li>Zn\u00ed\u017een\u00e1 spotreba pracieho prostriedku<\/li>\n<li>Ni\u017e\u0161ie prev\u00e1dzkov\u00e9 n\u00e1klady<\/li>\n<li>Men\u0161\u00ed vplyv na \u017eivotn\u00e9 prostredie<\/li>\n<\/ul>\n<\/td>\n<\/tr>\n<tr>\n<td width=\"302\">Cykly prania, pl\u00e1kania a su\u0161enia<\/td>\n<td width=\"302\">\n<ul>\n<li>Vynikaj\u00face v\u00fdsledky \u010distenia<\/li>\n<\/ul>\n<\/td>\n<\/tr>\n<tr>\n<td width=\"302\">Volite\u013en\u00e9<\/td>\n<td width=\"302\">\n<ul>\n<li>Automatick\u00fd ohrev oplachovacej n\u00e1dr\u017ee<\/li>\n<li>Oplachovacie \u010derpadlo<\/li>\n<li>Ods\u00e1vac\u00ed ventil\u00e1tor pary<\/li>\n<li>Priechodn\u00fd dizajn s dvomi dverami<\/li>\n<li>Parn\u00e9, elektrick\u00e9 alebo plynov\u00e9 vykurovanie<\/li>\n<\/ul>\n<\/td>\n<\/tr>\n<\/tbody>\n<\/table>","protected":false},"excerpt":{"rendered":"<p>Flexibiln\u00e1 um\u00fdva\u010dka reg\u00e1lov pre reg\u00e1ly, ve\u013ek\u00e9 n\u00e1doby a voz\u00edky.<\/p>","protected":false},"featured_media":2438,"comment_status":"open","ping_status":"closed","template":"","meta":{"uix_meta_title":"","uix_meta_description":"","uix_canonical_url":""},"product_brand":[],"product_cat":[108],"product_tag":[],"class_list":{"0":"post-2439","1":"product","2":"type-product","3":"status-publish","4":"has-post-thumbnail","6":"product_cat-hygiene","8":"first","9":"instock","10":"shipping-taxable","11":"product-type-simple"},"_links":{"self":[{"href":"https:\/\/cormac.eu\/sk\/wp-json\/wp\/v2\/product\/2439","targetHints":{"allow":["GET"]}}],"collection":[{"href":"https:\/\/cormac.eu\/sk\/wp-json\/wp\/v2\/product"}],"about":[{"href":"https:\/\/cormac.eu\/sk\/wp-json\/wp\/v2\/types\/product"}],"replies":[{"embeddable":true,"href":"https:\/\/cormac.eu\/sk\/wp-json\/wp\/v2\/comments?post=2439"}],"wp:featuredmedia":[{"embeddable":true,"href":"https:\/\/cormac.eu\/sk\/wp-json\/wp\/v2\/media\/2438"}],"wp:attachment":[{"href":"https:\/\/cormac.eu\/sk\/wp-json\/wp\/v2\/media?parent=2439"}],"wp:term":[{"taxonomy":"product_brand","embeddable":true,"href":"https:\/\/cormac.eu\/sk\/wp-json\/wp\/v2\/product_brand?post=2439"},{"taxonomy":"product_cat","embeddable":true,"href":"https:\/\/cormac.eu\/sk\/wp-json\/wp\/v2\/product_cat?post=2439"},{"taxonomy":"product_tag","embeddable":true,"href":"https:\/\/cormac.eu\/sk\/wp-json\/wp\/v2\/product_tag?post=2439"}],"curies":[{"name":"wp","href":"https:\/\/api.w.org\/{rel}","templated":true}]}}