{"id":2437,"date":"2022-04-01T23:08:48","date_gmt":"2022-04-01T21:08:48","guid":{"rendered":"https:\/\/cormac.eu\/?post_type=product&#038;p=2437"},"modified":"2022-06-06T00:35:29","modified_gmt":"2022-06-05T22:35:29","slug":"umyvacka-odpadkovych-kosov-2","status":"publish","type":"product","link":"https:\/\/cormac.eu\/sk\/product\/bin-washer\/","title":{"rendered":"Um\u00fdva\u010dka ko\u0161ov"},"content":{"rendered":"<p>Um\u00fdva\u010dky odpadkov\u00fdch ko\u0161ov mo\u017eno pou\u017ei\u0165 na um\u00fdvanie a \u010distenie r\u00f4znych typov odpadkov\u00fdch ko\u0161ov na kolieskach alebo bez koliesok. S\u00fa tie\u017e ide\u00e1lne na um\u00fdvanie paliet a IBC kontajnerov. Stroje sa vyr\u00e1baj\u00fa na mieru v z\u00e1vislosti od rozmerov a vlastnost\u00ed va\u0161ich ko\u0161ov\/kontajnerov na potraviny a odpad. Stroj m\u00f4\u017ee by\u0165 vybaven\u00fd rampou v pr\u00edpade, \u017ee je podlaha zv\u00fd\u0161en\u00e1. A v opa\u010dnom pr\u00edpade je mo\u017en\u00e9 doda\u0165 aj kon\u0161trukciu vhodn\u00fa na in\u0161tal\u00e1ciu do jamy. K\u00f4\u0161 sa ot\u00e1\u010da pomocou PLC riaden\u00e9ho indexovacieho modelu, ktor\u00fd poskytuje nekone\u010dn\u00fa variabilitu cyklu. T\u00fdmto sp\u00f4sobom sa dezinfikuj\u00fa v\u0161etky povrchy na vn\u00fatornej aj vonkaj\u0161ej strane z\u00e1sobn\u00edkov. Stroj m\u00f4\u017ee obsluhova\u0165 jedna osoba.<\/p>\n<p>&nbsp;<\/p>\n<table width=\"604\">\n<tbody>\n<tr>\n<td width=\"302\"><strong>Funkcie<\/strong><\/td>\n<td width=\"302\"><strong>V\u00fdhody<\/strong><\/td>\n<\/tr>\n<tr>\n<td width=\"302\">Kon\u0161trukcia z nehrdzavej\u00facej ocele<\/td>\n<td width=\"302\">\n<ul>\n<li>Pevn\u00e9<\/li>\n<li>Hygenic<\/li>\n<\/ul>\n<\/td>\n<\/tr>\n<tr>\n<td width=\"302\">Vysoko\u00fa\u010dinn\u00fd syst\u00e9m na \u010distenie vody<\/td>\n<td width=\"302\">\n<ul>\n<li>Intenz\u00edvny \u010distiaci v\u00fdkon<\/li>\n<\/ul>\n<\/td>\n<\/tr>\n<tr>\n<td width=\"302\">Recirkula\u010dn\u00e9 um\u00fdvanie z\u00e1sobn\u00edkov<\/td>\n<td width=\"302\">\n<ul>\n<li>Zn\u00ed\u017eenie spotreby vody<\/li>\n<\/ul>\n<\/td>\n<\/tr>\n<tr>\n<td width=\"302\">Ovl\u00e1danie pomocou dotykovej obrazovky<\/td>\n<td width=\"302\">\n<ul>\n<li>V\u00fdber parametrov<\/li>\n<li>Zaznamen\u00e1vanie a ukladanie \u00fadajov<\/li>\n<li>\u010casov\u00e9 riadenie um\u00fdvania a oplachovania<\/li>\n<li>Viacero programov pracieho cyklu<\/li>\n<\/ul>\n<\/td>\n<\/tr>\n<tr>\n<td width=\"302\">Energeticky \u00fasporn\u00fd dizajn<\/td>\n<td width=\"302\">\n<ul>\n<li>Zn\u00ed\u017een\u00e1 spotreba pracieho prostriedku<\/li>\n<li>Ni\u017e\u0161ie prev\u00e1dzkov\u00e9 n\u00e1klady<\/li>\n<li>Men\u0161\u00ed vplyv na \u017eivotn\u00e9 prostredie<\/li>\n<\/ul>\n<\/td>\n<\/tr>\n<tr>\n<td width=\"302\">Cykly prania, pl\u00e1kania a su\u0161enia<\/td>\n<td width=\"302\">\n<ul>\n<li>Vynikaj\u00face v\u00fdsledky \u010distenia<\/li>\n<\/ul>\n<\/td>\n<\/tr>\n<tr>\n<td width=\"302\">Volite\u013en\u00e9 vybavenie<\/td>\n<td width=\"302\">\n<ul>\n<li>N\u00e1dr\u017e na oplachovanie ( s \u010derpadlom)<\/li>\n<li>Parn\u00e9, plynov\u00e9 alebo elektrick\u00e9 vykurovanie<\/li>\n<li>Vyhotovenie dvoch dver\u00ed<\/li>\n<li>Ventil\u00e1tor na ods\u00e1vanie pary (oce\u013e St.)<\/li>\n<li>D\u00e1vkova\u010d pracieho a oplachovacieho prostriedku<\/li>\n<li>Automatick\u00e9 pod\u00e1vanie a vypr\u00e1zd\u0148ovanie dopravn\u00edka<\/li>\n<li>Automatick\u00fd dezinfik\u00e1tor odpadkov\u00fdch ko\u0161ov<\/li>\n<li>\u0160peci\u00e1lny stojan na um\u00fdvanie veka<\/li>\n<li>Z\u00e1vere\u010dn\u00e9 opl\u00e1chnutie sladkou vodou<\/li>\n<\/ul>\n<\/td>\n<\/tr>\n<\/tbody>\n<\/table>","protected":false},"excerpt":{"rendered":"<p>Um\u00fdvac\u00ed stroj pre z\u00e1sobn\u00edky na kolieskach alebo bez koliesok, palety a kontajnery IBC.<\/p>","protected":false},"featured_media":2436,"comment_status":"open","ping_status":"closed","template":"","meta":{"uix_meta_title":"","uix_meta_description":"","uix_canonical_url":""},"product_brand":[],"product_cat":[108],"product_tag":[],"class_list":{"0":"post-2437","1":"product","2":"type-product","3":"status-publish","4":"has-post-thumbnail","6":"product_cat-hygiene","8":"first","9":"instock","10":"shipping-taxable","11":"product-type-simple"},"_links":{"self":[{"href":"https:\/\/cormac.eu\/sk\/wp-json\/wp\/v2\/product\/2437","targetHints":{"allow":["GET"]}}],"collection":[{"href":"https:\/\/cormac.eu\/sk\/wp-json\/wp\/v2\/product"}],"about":[{"href":"https:\/\/cormac.eu\/sk\/wp-json\/wp\/v2\/types\/product"}],"replies":[{"embeddable":true,"href":"https:\/\/cormac.eu\/sk\/wp-json\/wp\/v2\/comments?post=2437"}],"wp:featuredmedia":[{"embeddable":true,"href":"https:\/\/cormac.eu\/sk\/wp-json\/wp\/v2\/media\/2436"}],"wp:attachment":[{"href":"https:\/\/cormac.eu\/sk\/wp-json\/wp\/v2\/media?parent=2437"}],"wp:term":[{"taxonomy":"product_brand","embeddable":true,"href":"https:\/\/cormac.eu\/sk\/wp-json\/wp\/v2\/product_brand?post=2437"},{"taxonomy":"product_cat","embeddable":true,"href":"https:\/\/cormac.eu\/sk\/wp-json\/wp\/v2\/product_cat?post=2437"},{"taxonomy":"product_tag","embeddable":true,"href":"https:\/\/cormac.eu\/sk\/wp-json\/wp\/v2\/product_tag?post=2437"}],"curies":[{"name":"wp","href":"https:\/\/api.w.org\/{rel}","templated":true}]}}