{"id":2433,"date":"2022-04-01T22:38:57","date_gmt":"2022-04-01T20:38:57","guid":{"rendered":"https:\/\/cormac.eu\/?post_type=product&#038;p=2433"},"modified":"2022-06-06T00:36:17","modified_gmt":"2022-06-05T22:36:17","slug":"podlozky-pod-cokoladove-plakety-2","status":"publish","type":"product","link":"https:\/\/cormac.eu\/sk\/product\/chocolate-plaque-washers\/","title":{"rendered":"\u010cokol\u00e1dov\u00e9 formy a podlo\u017eky pod plakety"},"content":{"rendered":"<p>\u010cokol\u00e1dov\u00e9 formy a podlo\u017eky Newsmith sa daj\u00fa vyrobi\u0165 v jednop\u00e1sovom aj viacp\u00e1sovom vyhotoven\u00ed. Pou\u017e\u00edvaj\u00fa sa nielen na um\u00fdvanie \u010dokol\u00e1dov\u00fdch foriem a plakiet, ale aj r\u00f4znych plastov\u00fdch podnosov.<br \/>\nVo v\u0161eobecnosti s\u00fa kompaktnej\u0161ie ako in\u00e9 stroje podobn\u00e9ho ur\u010denia na trhu, v\u00e4\u010d\u0161inou s d\u013a\u017ekou pod 4 metre.Ide o \u0161peci\u00e1lne stroje vyroben\u00e9 pod\u013ea po\u017eiadaviek z\u00e1kazn\u00edka. Viacer\u00e9 mo\u017enosti cyklu zah\u0155\u0148aj\u00fa napr\u00edklad predpieranie, pranie, viacn\u00e1sobn\u00e9 oplachovanie a su\u0161enie.<\/p>\n<p>&nbsp;<\/p>\n<table width=\"604\">\n<tbody>\n<tr>\n<td width=\"302\"><strong>Funkcie<\/strong><\/td>\n<td width=\"302\"><strong>V\u00fdhody<\/strong><\/td>\n<\/tr>\n<tr>\n<td width=\"302\">Kon\u0161trukcia z nehrdzavej\u00facej ocele<\/td>\n<td width=\"302\">\n<ul>\n<li>Pevn\u00e9<\/li>\n<li>Hygenic<\/li>\n<\/ul>\n<\/td>\n<\/tr>\n<tr>\n<td width=\"302\">Vetran\u00e1 nakladacia a pracovn\u00e1 stanica<\/td>\n<td width=\"302\">\n<ul>\n<li>Pr\u00edvetivos\u0165 pre oper\u00e1tora<\/li>\n<\/ul>\n<\/td>\n<\/tr>\n<tr>\n<td width=\"302\">Ovl\u00e1danie pomocou dotykovej obrazovky<\/td>\n<td width=\"302\">\n<ul>\n<li>M\u00e4kk\u00fd \u0161tart<\/li>\n<li>V\u00fdber parametrov<\/li>\n<li>Zaznamen\u00e1vanie a ukladanie \u00fadajov<\/li>\n<li>Tla\u010d &amp; r<span style=\"font-family: inherit;font-size: inherit\">emot\u00edvne stiahnutie<\/span><\/li>\n<\/ul>\n<\/td>\n<\/tr>\n<tr>\n<td width=\"302\">Energeticky \u00fasporn\u00fd dizajn<\/td>\n<td width=\"302\">\n<ul>\n<li>Zn\u00ed\u017een\u00e1 spotreba pracieho prostriedku<\/li>\n<li>Ni\u017e\u0161ie prev\u00e1dzkov\u00e9 n\u00e1klady<\/li>\n<li>Men\u0161\u00ed vplyv na \u017eivotn\u00e9 prostredie<\/li>\n<\/ul>\n<\/td>\n<\/tr>\n<tr>\n<td width=\"302\">Mo\u017enos\u0165 \u00fapln\u00e9ho su\u0161enia<\/td>\n<td width=\"302\">\n<ul>\n<li>Extra such\u00e9 predmety<\/li>\n<\/ul>\n<\/td>\n<\/tr>\n<tr>\n<td width=\"302\">Cykly prania, pl\u00e1kania a su\u0161enia<\/td>\n<td width=\"302\">\n<ul>\n<li>Vynikaj\u00face v\u00fdsledky \u010distenia<\/li>\n<\/ul>\n<\/td>\n<\/tr>\n<tr>\n<td width=\"302\">Volite\u013en\u00e9 vybavenie<\/td>\n<td width=\"302\">\n<ul>\n<li>Parn\u00e9, plynov\u00e9, elektrick\u00e9 alebo teplovodn\u00e9 vykurovanie<\/li>\n<\/ul>\n<\/td>\n<\/tr>\n<\/tbody>\n<\/table>\n<p>&nbsp;<\/p>","protected":false},"excerpt":{"rendered":"<p>Um\u00fdva\u010dka v jednop\u00e1smovom alebo viacp\u00e1smovom preveden\u00ed pre formy na \u010dokol\u00e1du, \u010dokol\u00e1dov\u00e9 tabu\u013eky a plastov\u00e9 podnosy.<\/p>","protected":false},"featured_media":2434,"comment_status":"open","ping_status":"closed","template":"","meta":{"uix_meta_title":"","uix_meta_description":"","uix_canonical_url":""},"product_brand":[],"product_cat":[108],"product_tag":[],"class_list":{"0":"post-2433","1":"product","2":"type-product","3":"status-publish","4":"has-post-thumbnail","6":"product_cat-hygiene","8":"first","9":"instock","10":"shipping-taxable","11":"product-type-simple"},"_links":{"self":[{"href":"https:\/\/cormac.eu\/sk\/wp-json\/wp\/v2\/product\/2433","targetHints":{"allow":["GET"]}}],"collection":[{"href":"https:\/\/cormac.eu\/sk\/wp-json\/wp\/v2\/product"}],"about":[{"href":"https:\/\/cormac.eu\/sk\/wp-json\/wp\/v2\/types\/product"}],"replies":[{"embeddable":true,"href":"https:\/\/cormac.eu\/sk\/wp-json\/wp\/v2\/comments?post=2433"}],"wp:featuredmedia":[{"embeddable":true,"href":"https:\/\/cormac.eu\/sk\/wp-json\/wp\/v2\/media\/2434"}],"wp:attachment":[{"href":"https:\/\/cormac.eu\/sk\/wp-json\/wp\/v2\/media?parent=2433"}],"wp:term":[{"taxonomy":"product_brand","embeddable":true,"href":"https:\/\/cormac.eu\/sk\/wp-json\/wp\/v2\/product_brand?post=2433"},{"taxonomy":"product_cat","embeddable":true,"href":"https:\/\/cormac.eu\/sk\/wp-json\/wp\/v2\/product_cat?post=2433"},{"taxonomy":"product_tag","embeddable":true,"href":"https:\/\/cormac.eu\/sk\/wp-json\/wp\/v2\/product_tag?post=2433"}],"curies":[{"name":"wp","href":"https:\/\/api.w.org\/{rel}","templated":true}]}}