{"id":2418,"date":"2022-04-01T17:30:31","date_gmt":"2022-04-01T15:30:31","guid":{"rendered":"https:\/\/cormac.eu\/?post_type=product&#038;p=2418"},"modified":"2022-06-06T00:37:12","modified_gmt":"2022-06-05T22:37:12","slug":"podlozka-pod-kos-2","status":"publish","type":"product","link":"https:\/\/cormac.eu\/sk\/product\/basket-washer\/","title":{"rendered":"Podlo\u017eka pod k\u00f4\u0161"},"content":{"rendered":"<p>Pr\u00e1\u010dky na um\u00fdvanie ko\u0161ov, ktor\u00e9 mo\u017eno doda\u0165 pod\u013ea \u0161pecifik\u00e1cie z\u00e1kazn\u00edka, poskytuj\u00fa z\u00e1kazn\u00edkovi efekt\u00edvne a v\u0161estrann\u00e9 rie\u0161enie um\u00fdvania v\u0161etk\u00fdch typov debien, prepraviek a ko\u0161ov. Tento sortiment strojov je mo\u017en\u00e9 doda\u0165 s variabiln\u00fdm v\u00fdkonom od 100 do 8 000 ko\u0161ov za hodinu. Tieto um\u00fdva\u010dky m\u00f4\u017eu ma\u0165 r\u00f4zne mo\u017enosti filtr\u00e1cie v z\u00e1vislosti od odvetvia a stup\u0148a zne\u010distenia. Cykly stroja zah\u0155\u0148aj\u00fa cyklus predumytia, um\u00fdvania, oplachovania (recyklovate\u013en\u00e9ho) ko\u0161a a su\u0161enia. Ohrev, ktor\u00fd je riaden\u00fd termostatom, sa m\u00f4\u017ee vykon\u00e1va\u0165 pomocou elektriny, pary alebo plynu.<\/p>\n<p>&nbsp;<\/p>\n<table>\n<tbody>\n<tr>\n<td width=\"302\"><strong>Funkcie<\/strong><\/td>\n<td width=\"302\"><strong>V\u00fdhody<\/strong><\/td>\n<\/tr>\n<tr>\n<td width=\"302\">Ve\u013ek\u00fd hnev v\u00fdstupov<\/td>\n<td width=\"302\">\n<ul>\n<li>forma 100 ko\u0161ov\/hod.<\/li>\n<li>a\u017e 8 000 ko\u0161ov\/hod.<\/li>\n<\/ul>\n<\/td>\n<\/tr>\n<tr>\n<td width=\"302\">Modul\u00e1rny form\u00e1t kon\u0161trukcie<\/td>\n<td width=\"302\">\n<ul>\n<li>v\u0161estrann\u00fd<\/li>\n<li>m\u00f4\u017ee um\u00fdva\u0165 v\u0161etky typy ko\u0161ov<\/li>\n<li>mo\u017enosti filtr\u00e1cie na mieru<\/li>\n<li>jedno- a viacp\u00e1sov\u00e9 stroje<\/li>\n<\/ul>\n<\/td>\n<\/tr>\n<tr>\n<td width=\"302\">Vzduchov\u00e9 su\u0161enie no\u017eov<\/p>\n<p>&nbsp;<\/td>\n<td width=\"302\">\n<ul>\n<li>excelentn\u00e1 schopnos\u0165 su\u0161enia<\/li>\n<\/ul>\n<\/td>\n<\/tr>\n<tr>\n<td width=\"302\">Dotykov\u00fd displej<\/td>\n<td width=\"302\">\n<ul>\n<li>nastavite\u013en\u00e9 ovl\u00e1danie parametrov<\/li>\n<li>ukladanie receptov<\/li>\n<\/ul>\n<\/td>\n<\/tr>\n<tr>\n<td width=\"302\">Integr\u00e1cia<\/td>\n<td width=\"302\">\n<ul>\n<li>m\u00f4\u017eu by\u0165 integrovan\u00e9 do roz\u0161\u00edren\u00fdch syst\u00e9mov s automatick\u00fdm ukladan\u00edm a odkladan\u00edm<\/li>\n<\/ul>\n<\/td>\n<\/tr>\n<tr>\n<td width=\"302\">\u017diadne n\u00e1stroje na \u00fadr\u017ebu<\/td>\n<td width=\"302\">\n<ul>\n<li>Jednoduch\u00fd pr\u00edstup na \u00fadr\u017ebu<\/li>\n<\/ul>\n<\/td>\n<\/tr>\n<\/tbody>\n<\/table>\n<p>&nbsp;<\/p>","protected":false},"excerpt":{"rendered":"<p>Univerz\u00e1lny stroj na um\u00fdvanie ko\u0161ov, prepraviek a debien s v\u00fdkonom od 100 do 8 000 ko\u0161ov za hodinu, vyroben\u00fd pod\u013ea \u0161pecifik\u00e1cie z\u00e1kazn\u00edka.<\/p>","protected":false},"featured_media":2420,"comment_status":"open","ping_status":"closed","template":"","meta":{"uix_meta_title":"","uix_meta_description":"","uix_canonical_url":""},"product_brand":[],"product_cat":[108],"product_tag":[],"class_list":{"0":"post-2418","1":"product","2":"type-product","3":"status-publish","4":"has-post-thumbnail","6":"product_cat-hygiene","8":"first","9":"instock","10":"shipping-taxable","11":"product-type-simple"},"_links":{"self":[{"href":"https:\/\/cormac.eu\/sk\/wp-json\/wp\/v2\/product\/2418","targetHints":{"allow":["GET"]}}],"collection":[{"href":"https:\/\/cormac.eu\/sk\/wp-json\/wp\/v2\/product"}],"about":[{"href":"https:\/\/cormac.eu\/sk\/wp-json\/wp\/v2\/types\/product"}],"replies":[{"embeddable":true,"href":"https:\/\/cormac.eu\/sk\/wp-json\/wp\/v2\/comments?post=2418"}],"wp:featuredmedia":[{"embeddable":true,"href":"https:\/\/cormac.eu\/sk\/wp-json\/wp\/v2\/media\/2420"}],"wp:attachment":[{"href":"https:\/\/cormac.eu\/sk\/wp-json\/wp\/v2\/media?parent=2418"}],"wp:term":[{"taxonomy":"product_brand","embeddable":true,"href":"https:\/\/cormac.eu\/sk\/wp-json\/wp\/v2\/product_brand?post=2418"},{"taxonomy":"product_cat","embeddable":true,"href":"https:\/\/cormac.eu\/sk\/wp-json\/wp\/v2\/product_cat?post=2418"},{"taxonomy":"product_tag","embeddable":true,"href":"https:\/\/cormac.eu\/sk\/wp-json\/wp\/v2\/product_tag?post=2418"}],"curies":[{"name":"wp","href":"https:\/\/api.w.org\/{rel}","templated":true}]}}