{"id":1911,"date":"2021-08-12T16:01:33","date_gmt":"2021-08-12T14:01:33","guid":{"rendered":"https:\/\/cormac.tijdelijk.org\/?post_type=product&#038;p=1911"},"modified":"2022-06-06T00:45:26","modified_gmt":"2022-06-05T22:45:26","slug":"newsmith-batch-galaxy","status":"publish","type":"product","link":"https:\/\/cormac.eu\/sk\/product\/newsmith-batch-galaxy\/","title":{"rendered":"D\u00e1vka Galaxy"},"content":{"rendered":"<p>Kompaktn\u00e1 viac\u00fa\u010delov\u00e1 pr\u00e1\u010dka s vysok\u00fdm v\u00fdkonom, ide\u00e1lna pre zariadenia s mal\u00fdm priestorom. V\u00fdkonn\u00e1, ale jednoduch\u00e1 pr\u00e1\u010dka vyroben\u00e1 v\u00fdlu\u010dne z nehrdzavej\u00facej ocele. Plynul\u00fd chod rota\u010dnej pr\u00e1\u010dky zabezpe\u010duje \"drhnutie ako\". Oto\u010dn\u00fd st\u00f4l zabezpe\u010duje, \u017ee \u010disten\u00e9 predmety s\u00fa vystaven\u00e9 vysokotlakov\u00fdm hor\u00facim postrekom pracieho prostriedku pod r\u00f4znymi uhlami. Zariadenie Batch Galaxy sa dod\u00e1va v r\u00f4znych ve\u013ekostiach, ktor\u00e9 s\u00fa schopn\u00e9 prija\u0165 r\u00f4znorod\u00e9 za\u0165a\u017eenie v s\u00falade s po\u017eiadavkami na\u0161ich z\u00e1kazn\u00edkov. Jeho cykly zah\u0155\u0148aj\u00fa um\u00fdvanie, oplachovanie a su\u0161enie. Tento stroj sa \u010dasto pou\u017e\u00edva na um\u00fdvanie foriem na \u010dokol\u00e1du a n\u00e1\u010dinia v cukr\u00e1rensk\u00fdch alebo pek\u00e1rensk\u00fdch z\u00e1vodoch, ale je vhodn\u00fd aj pre in\u00e9 potravin\u00e1rske odvetvia.<\/p>\n<p>&nbsp;<\/p>\n<h3>Rozsah kapacity<\/h3>\n<p>V z\u00e1vislosti od ve\u013ekosti a tvaru um\u00fdvan\u00fdch predmetov<\/p>\n<p>&nbsp;<\/p>\n<table class=\"features\" border=\"0\">\n<tbody>\n<tr>\n<td><strong>Funkcie<\/strong><\/td>\n<td><strong>V\u00fdhody<\/strong><\/td>\n<\/tr>\n<tr>\n<td>Kompaktn\u00fd stroj<\/td>\n<td>\n<ul>\n<li>\u00faspora miesta<\/li>\n<li>jednoduch\u00e1 obsluha<\/li>\n<\/ul>\n<\/td>\n<\/tr>\n<tr>\n<td>\u00a05,5 kW um\u00fdvacie \u010derpadlo<\/td>\n<td>\n<ul>\n<li>Vysok\u00fd \u010distiaci v\u00fdkon<\/li>\n<\/ul>\n<\/td>\n<\/tr>\n<tr>\n<td>Automaticky riaden\u00e9 cykly stroja<\/td>\n<td>\n<ul>\n<li>Minimalizujte spotrebu energie, vody a \u010distiacich prostriedkov<\/li>\n<\/ul>\n<\/td>\n<\/tr>\n<tr>\n<td>Odn\u00edmate\u013en\u00e9 panely<\/td>\n<td>\n<ul>\n<li>Celkov\u00fd pr\u00edstup<\/li>\n<\/ul>\n<\/td>\n<\/tr>\n<tr>\n<td>Ve\u013ek\u00e9 dvere<\/td>\n<td>\n<ul>\n<li>Jednoduch\u00e9 na\u010d\u00edtanie<\/li>\n<\/ul>\n<\/td>\n<\/tr>\n<\/tbody>\n<\/table>","protected":false},"excerpt":{"rendered":"<p>V\u00fdkonn\u00e1, ale jednoduch\u00e1 kompaktn\u00e1 a v\u0161estrann\u00e1 viac\u00fa\u010delov\u00e1 pr\u00e1\u010dka s vysok\u00fdm v\u00fdkonom, ide\u00e1lna pre zariadenia s mal\u00fdm priestorom, vyroben\u00e1 v\u00fdlu\u010dne z nehrdzavej\u00facej ocele.<\/p>","protected":false},"featured_media":2417,"comment_status":"open","ping_status":"closed","template":"","meta":{"uix_meta_title":"","uix_meta_description":"","uix_canonical_url":""},"product_brand":[],"product_cat":[108],"product_tag":[],"class_list":{"0":"post-1911","1":"product","2":"type-product","3":"status-publish","4":"has-post-thumbnail","6":"product_cat-hygiene","8":"first","9":"instock","10":"shipping-taxable","11":"purchasable","12":"product-type-simple"},"_links":{"self":[{"href":"https:\/\/cormac.eu\/sk\/wp-json\/wp\/v2\/product\/1911","targetHints":{"allow":["GET"]}}],"collection":[{"href":"https:\/\/cormac.eu\/sk\/wp-json\/wp\/v2\/product"}],"about":[{"href":"https:\/\/cormac.eu\/sk\/wp-json\/wp\/v2\/types\/product"}],"replies":[{"embeddable":true,"href":"https:\/\/cormac.eu\/sk\/wp-json\/wp\/v2\/comments?post=1911"}],"wp:featuredmedia":[{"embeddable":true,"href":"https:\/\/cormac.eu\/sk\/wp-json\/wp\/v2\/media\/2417"}],"wp:attachment":[{"href":"https:\/\/cormac.eu\/sk\/wp-json\/wp\/v2\/media?parent=1911"}],"wp:term":[{"taxonomy":"product_brand","embeddable":true,"href":"https:\/\/cormac.eu\/sk\/wp-json\/wp\/v2\/product_brand?post=1911"},{"taxonomy":"product_cat","embeddable":true,"href":"https:\/\/cormac.eu\/sk\/wp-json\/wp\/v2\/product_cat?post=1911"},{"taxonomy":"product_tag","embeddable":true,"href":"https:\/\/cormac.eu\/sk\/wp-json\/wp\/v2\/product_tag?post=1911"}],"curies":[{"name":"wp","href":"https:\/\/api.w.org\/{rel}","templated":true}]}}