{"id":1904,"date":"2021-08-12T15:51:32","date_gmt":"2021-08-12T13:51:32","guid":{"rendered":"https:\/\/cormac.tijdelijk.org\/?post_type=product&#038;p=1904"},"modified":"2022-04-21T22:28:06","modified_gmt":"2022-04-21T20:28:06","slug":"rasch-fi-wrapper-2","status":"publish","type":"product","link":"https:\/\/cormac.eu\/sk\/product\/rasch-fi-wrapper\/","title":{"rendered":"Obr\u00e1zok baliaci stroj FI"},"content":{"rendered":"<p>Baliaci stroj vyroben\u00fd na mieru \u0161peci\u00e1lne pre dut\u00e9 fig\u00farky (symetrick\u00e9 a asymetrick\u00e9), ako s\u00fa kr\u00e1liky, sediaci kr\u00e1liky, Santa Clause a podobn\u00e9 fig\u00farky. Rasch \u0161peci\u00e1lne vyvinul tzv. Z-sklad, \u010do je vlastne trojit\u00fd sklad na zadnej strane fig\u00farky, ktor\u00fd zabra\u0148uje tomu, aby bola na \u0161ve vidite\u013en\u00e1 nepotla\u010den\u00e1 leskl\u00e1 \u010das\u0165 f\u00f3lie. V kombin\u00e1cii s prec\u00edznou technikou tepeln\u00e9ho zatavovania s\u00fa v\u00fdsledkom dokonale zabalen\u00e9 v\u00fdrobky, pri ktor\u00fdch s\u00fa dodr\u017ean\u00e9 v\u0161etky detaily reli\u00e9fu.  Pod\u00e1vanie stroja sa m\u00f4\u017ee vykon\u00e1va\u0165 ru\u010dne alebo automaticky pomocou nieko\u013ek\u00fdch dostupn\u00fdch syst\u00e9mov pod\u00e1vania. Hmotnos\u0165 pribli\u017ene 3400 kg; v\u00fdkon 3,5 kVA;<\/p>\n<p>Pou\u017eitie: fig\u00farky, v\u0161etky druhy dut\u00fdch fig\u00farok, ako napr: Santa Claus, anjel, kur\u010da, medved\u00edk, tu\u010dniak, kr\u00e1lik, zajac, komiksov\u00e9 postavi\u010dky at\u010f.<br \/>\nSp\u00f4sob balenia: predn\u00e9 skladanie, tepeln\u00e9 tesnenie, ozna\u010dovanie, f\u00f3liovanie, zadn\u00fd \u0161ev;<\/p>\n<p><img decoding=\"async\" class=\"alignnone wp-image-2698\" src=\"https:\/\/cormac.eu\/wp-content\/uploads\/2022\/04\/sample-2.jpg\" alt=\"\" width=\"120\" height=\"129\" \/><img decoding=\"async\" class=\"alignnone wp-image-2741\" src=\"https:\/\/cormac.eu\/wp-content\/uploads\/2022\/04\/Product-Knipsel.jpg\" alt=\"\" width=\"107\" height=\"148\" \/><img decoding=\"async\" class=\"alignnone wp-image-2697\" src=\"https:\/\/cormac.eu\/wp-content\/uploads\/2022\/04\/sample-1.jpg\" alt=\"\" width=\"163\" height=\"118\" \/><\/p>\n<p>Rozsah kapacity: A\u017e 33, 50 alebo 60 v\u00fdrobkov za min\u00fatu v z\u00e1vislosti od modelu a vlastnost\u00ed v\u00fdrobku.<\/p>\n<table>\n<tbody>\n<tr>\n<td width=\"293\">\n<p style=\"text-align: center\"><strong>Funkcie ( niektor\u00e9 volite\u013en\u00e9)<\/strong><\/p>\n<\/td>\n<td width=\"293\">\n<p style=\"text-align: center\"><strong>V\u00fdhody<\/strong><\/p>\n<\/td>\n<\/tr>\n<tr>\n<td width=\"293\">Pohon servomotorom<\/td>\n<td width=\"293\">\n<ul>\n<li>Presn\u00e1 synchroniz\u00e1cia modulov<\/li>\n<\/ul>\n<\/td>\n<\/tr>\n<tr>\n<td width=\"293\">R\u00fdchle syst\u00e9my v\u00fdmeny<\/td>\n<td width=\"293\">\n<ul>\n<li>Menej prestojov<\/li>\n<\/ul>\n<\/td>\n<\/tr>\n<tr>\n<td width=\"293\">\u0160peci\u00e1lne bez\u00fadr\u017ebov\u00e9 medvedie kr\u00fa\u017eky<\/td>\n<td width=\"293\">\n<ul>\n<li>N\u00edzke n\u00e1klady na \u00fadr\u017ebu<\/li>\n<\/ul>\n<\/td>\n<\/tr>\n<tr>\n<td width=\"293\">Fotoelektrick\u00fd \u010dl\u00e1nok<\/td>\n<td width=\"293\">\n<ul>\n<li>\u017diadny dotyk v\u00fdrobku<\/li>\n<\/ul>\n<\/td>\n<\/tr>\n<tr>\n<td width=\"293\">Programovate\u013en\u00fd riadiaci a monitorovac\u00ed syst\u00e9m sps<\/td>\n<td width=\"293\">\n<ul>\n<li>Nepretr\u017eit\u00e1 v\u00fdroba<\/li>\n<\/ul>\n<\/td>\n<\/tr>\n<tr>\n<td width=\"293\">Syst\u00e9m pod\u00e1vania Pick &amp; Place<\/td>\n<td width=\"293\">\n<ul>\n<li>Zv\u00fd\u0161enie efektivity a zlep\u0161enie hygieny<\/li>\n<\/ul>\n<\/td>\n<\/tr>\n<tr>\n<td width=\"293\">Odoln\u00e1 kon\u0161trukcia<\/td>\n<td width=\"293\">\n<ul>\n<li>Stabiln\u00fd chod Vysok\u00e1 hodnota odpo\u010dinku stroja<\/li>\n<\/ul>\n<\/td>\n<\/tr>\n<tr>\n<td width=\"293\">Z-skladanie \/ trojit\u00fd sklad<\/td>\n<td width=\"293\">\n<ul>\n<li>\u017diadne leskl\u00e9 nepotla\u010den\u00e9 \u010dasti f\u00f3lie vidite\u013en\u00e9 na \u0161ve<\/li>\n<\/ul>\n<\/td>\n<\/tr>\n<tr>\n<td width=\"293\">Obr\u00e1zok vyhladzovacia stanica<\/td>\n<td width=\"293\">\n<ul>\n<li>Hladk\u00fd vzh\u013ead a jemn\u00fd dotyk<\/li>\n<\/ul>\n<\/td>\n<\/tr>\n<tr>\n<td width=\"293\">Zariadenie na pripevnenie \u0161t\u00edtkov<\/td>\n<td width=\"293\">\n<ul>\n<li>\u010eal\u0161ie inform\u00e1cie o produkte<\/li>\n<\/ul>\n<\/td>\n<\/tr>\n<\/tbody>\n<\/table>","protected":false},"excerpt":{"rendered":"<p>Rasch s\u00e9rie FI-14, FI-15 a FI-16 s\u00fa \u0161peci\u00e1lne baliace stroje na dut\u00e9 fig\u00farky (symetrick\u00e9 a asymetrick\u00e9), ako s\u00fa zajace, sediaci zajaci, Santa Clause a podobn\u00e9 fig\u00farky.<\/p>","protected":false},"featured_media":2742,"comment_status":"open","ping_status":"closed","template":"","meta":{"uix_meta_title":"","uix_meta_description":"","uix_canonical_url":""},"product_brand":[],"product_cat":[105],"product_tag":[],"class_list":{"0":"post-1904","1":"product","2":"type-product","3":"status-publish","4":"has-post-thumbnail","6":"product_cat-packaging","8":"first","9":"instock","10":"shipping-taxable","11":"product-type-simple"},"_links":{"self":[{"href":"https:\/\/cormac.eu\/sk\/wp-json\/wp\/v2\/product\/1904","targetHints":{"allow":["GET"]}}],"collection":[{"href":"https:\/\/cormac.eu\/sk\/wp-json\/wp\/v2\/product"}],"about":[{"href":"https:\/\/cormac.eu\/sk\/wp-json\/wp\/v2\/types\/product"}],"replies":[{"embeddable":true,"href":"https:\/\/cormac.eu\/sk\/wp-json\/wp\/v2\/comments?post=1904"}],"wp:featuredmedia":[{"embeddable":true,"href":"https:\/\/cormac.eu\/sk\/wp-json\/wp\/v2\/media\/2742"}],"wp:attachment":[{"href":"https:\/\/cormac.eu\/sk\/wp-json\/wp\/v2\/media?parent=1904"}],"wp:term":[{"taxonomy":"product_brand","embeddable":true,"href":"https:\/\/cormac.eu\/sk\/wp-json\/wp\/v2\/product_brand?post=1904"},{"taxonomy":"product_cat","embeddable":true,"href":"https:\/\/cormac.eu\/sk\/wp-json\/wp\/v2\/product_cat?post=1904"},{"taxonomy":"product_tag","embeddable":true,"href":"https:\/\/cormac.eu\/sk\/wp-json\/wp\/v2\/product_tag?post=1904"}],"curies":[{"name":"wp","href":"https:\/\/api.w.org\/{rel}","templated":true}]}}