{"id":1897,"date":"2021-08-12T15:43:34","date_gmt":"2021-08-12T13:43:34","guid":{"rendered":"https:\/\/cormac.tijdelijk.org\/?post_type=product&#038;p=1897"},"modified":"2022-04-11T15:31:47","modified_gmt":"2022-04-11T13:31:47","slug":"tecnopack-fp020e-flowpacker","status":"publish","type":"product","link":"https:\/\/cormac.eu\/sk\/product\/tecnopack-fp020e-flowpacker\/","title":{"rendered":"TecnoPack FP020E Flowpacker"},"content":{"rendered":"<p>TecnoPack&#8217;s flowpacker FP 020E horizontal electronic packaging machine is TecnoPack&#8217;s solution for clients requiring a compact, average featured and easy to use machine which is both robust and reliable as well as being suited to industrial use. This new model is named after our first packaging machine (FP 020), followed by the letter E, which stands both for electronic and as an indication of the technological evolution in our manufacturing techniques which has now been ongoing for 25 years. Past and present experience, know-how and new technologies have all been employed wisely in this small packaging machine to provide a quality solution even for the most demanding of applications.<\/p>\n<p>&nbsp;<\/p>\n<h3>Aplik\u00e1cia<\/h3>\n<p>flowpacking of fod and non-food articles. Max product dimensions: width 200mm * height 120mm; Reel dimensions: max band 520mm &#8211; (max 350mm); Packaging materials: heat-sealing film and cold sealers<\/p>\n<p>&nbsp;<\/p>\n<h3>Rozsah kapacity<\/h3>\n<p>up to 200 ppm<\/p>\n<p>&nbsp;<\/p>\n<table class=\"features\" border=\"0\">\n<tbody>\n<tr>\n<td><strong>Funkcie<\/strong><\/td>\n<td><strong>V\u00fdhody<\/strong><\/td>\n<\/tr>\n<tr>\n<td>Cantilevered frame<\/td>\n<td>\n<ul>\n<li>Easy access all over<\/li>\n<li>Jednoduch\u00e9 \u010distenie<\/li>\n<\/ul>\n<\/td>\n<\/tr>\n<tr>\n<td>Longitudinal sealing unit with 3 roller pairs<\/td>\n<td>\n<ul>\n<li>perfect film alignment and control;<\/li>\n<\/ul>\n<\/td>\n<\/tr>\n<tr>\n<td>3 motors managed by axis control<\/td>\n<td>\n<ul>\n<li>perfect machine control<\/li>\n<\/ul>\n<\/td>\n<\/tr>\n<tr>\n<td>Operator terminal with alphanumerical display and keyboard<\/td>\n<td>\n<ul>\n<li>pr\u00edvetiv\u00e9 pre obsluhu<\/li>\n<\/ul>\n<\/td>\n<\/tr>\n<tr>\n<td>Electronic thermostat regulated temperature control<\/td>\n<td>\n<ul>\n<li>high sealing integrity<\/li>\n<\/ul>\n<\/td>\n<\/tr>\n<\/tbody>\n<\/table>","protected":false},"excerpt":{"rendered":"<p>Horizont\u00e1lny elektronick\u00fd baliaci stroj Flowpacker FP 020E od spolo\u010dnosti TecnoPack je rie\u0161en\u00edm pre klientov, ktor\u00ed potrebuj\u00fa kompaktn\u00fd, priemerne vybaven\u00fd a \u013eahko ovl\u00e1date\u013en\u00fd stroj, ktor\u00fd je robustn\u00fd a spo\u013eahliv\u00fd a z\u00e1rove\u0148 vhodn\u00fd na priemyseln\u00e9 pou\u017eitie.<\/p>","protected":false},"featured_media":1898,"comment_status":"open","ping_status":"closed","template":"","meta":{"uix_meta_title":"","uix_meta_description":"","uix_canonical_url":""},"product_brand":[],"product_cat":[105],"product_tag":[],"class_list":{"0":"post-1897","1":"product","2":"type-product","3":"status-publish","4":"has-post-thumbnail","6":"product_cat-packaging","8":"first","9":"instock","10":"shipping-taxable","11":"product-type-simple"},"_links":{"self":[{"href":"https:\/\/cormac.eu\/sk\/wp-json\/wp\/v2\/product\/1897","targetHints":{"allow":["GET"]}}],"collection":[{"href":"https:\/\/cormac.eu\/sk\/wp-json\/wp\/v2\/product"}],"about":[{"href":"https:\/\/cormac.eu\/sk\/wp-json\/wp\/v2\/types\/product"}],"replies":[{"embeddable":true,"href":"https:\/\/cormac.eu\/sk\/wp-json\/wp\/v2\/comments?post=1897"}],"wp:featuredmedia":[{"embeddable":true,"href":"https:\/\/cormac.eu\/sk\/wp-json\/wp\/v2\/media\/1898"}],"wp:attachment":[{"href":"https:\/\/cormac.eu\/sk\/wp-json\/wp\/v2\/media?parent=1897"}],"wp:term":[{"taxonomy":"product_brand","embeddable":true,"href":"https:\/\/cormac.eu\/sk\/wp-json\/wp\/v2\/product_brand?post=1897"},{"taxonomy":"product_cat","embeddable":true,"href":"https:\/\/cormac.eu\/sk\/wp-json\/wp\/v2\/product_cat?post=1897"},{"taxonomy":"product_tag","embeddable":true,"href":"https:\/\/cormac.eu\/sk\/wp-json\/wp\/v2\/product_tag?post=1897"}],"curies":[{"name":"wp","href":"https:\/\/api.w.org\/{rel}","templated":true}]}}