{"id":1892,"date":"2021-08-12T15:34:50","date_gmt":"2021-08-12T13:34:50","guid":{"rendered":"https:\/\/cormac.tijdelijk.org\/?post_type=product&#038;p=1892"},"modified":"2022-06-06T00:46:13","modified_gmt":"2022-06-05T22:46:13","slug":"podlozka-pod-palety-newsmith-2","status":"publish","type":"product","link":"https:\/\/cormac.eu\/sk\/product\/newsmith-pallet-washer\/","title":{"rendered":"Um\u00fdva\u010dka paliet"},"content":{"rendered":"<p>Sortiment um\u00fdva\u010diek paliet Newsmith zah\u0155\u0148a stroje na jednoduch\u00e9 um\u00fdvanie a oplachovanie jednotliv\u00fdch paliet naraz, ako aj plne automatick\u00e9 syst\u00e9my na um\u00fdvanie paliet. Tieto syst\u00e9my s\u00fa schopn\u00e9 automaticky odklada\u0165, um\u00fdva\u0165, su\u0161i\u0165 a znovu uklada\u0165 zna\u010dn\u00e9 mno\u017estvo paliet za hodinu. Stroje m\u00f4\u017eu by\u0165 volite\u013ene vykonan\u00e9 ako plne automatick\u00e9 dopravn\u00e9 um\u00fdva\u010dky paliet, ktor\u00e9 pon\u00fakaj\u00fa postup od \u0161pinav\u00fdch po \u010dist\u00e9. R\u00fdchlo uvo\u013enite\u013en\u00e9 tryskov\u00e9 potrubia na jednoduch\u00e9 \u010distenie. Mo\u017enosti vykurovac\u00edch syst\u00e9mov, poh\u00e1\u0148an\u00fdch vstupn\u00fdch a v\u00fdstupn\u00fdch dopravn\u00edkov na u\u013eah\u010denie manipul\u00e1cie.<\/p>\n<p>&nbsp;<\/p>\n<table width=\"604\">\n<tbody>\n<tr>\n<td width=\"302\"><strong>Funkcie<\/strong><\/td>\n<td width=\"302\"><strong>V\u00fdhody<\/strong><\/td>\n<\/tr>\n<tr>\n<td width=\"302\">Kon\u0161trukcia z nehrdzavej\u00facej ocele<\/td>\n<td width=\"302\">\n<ul>\n<li>Pevn\u00e9<\/li>\n<li>Hygenic<\/li>\n<\/ul>\n<\/td>\n<\/tr>\n<tr>\n<td width=\"302\">Termostatick\u00e1 regul\u00e1cia teploty<\/td>\n<td width=\"302\">\n<ul>\n<li>Kontrola teploty v n\u00e1dr\u017ei<\/li>\n<\/ul>\n<\/td>\n<\/tr>\n<tr>\n<td width=\"302\">\u013dahko odn\u00edmate\u013en\u00e9 tryskov\u00e9 potrubia<\/td>\n<td width=\"302\">\n<ul>\n<li>Nie s\u00fa potrebn\u00e9 \u017eiadne n\u00e1stroje<\/li>\n<li>jednoduch\u00e1 kontrola a \u010distenie<\/li>\n<\/ul>\n<\/td>\n<\/tr>\n<tr>\n<td width=\"302\">Volite\u013en\u00e9 su\u0161enie vzduchov\u00fdm no\u017eom<\/td>\n<td width=\"302\">\n<ul>\n<li>extra such\u00e9 palety<\/li>\n<\/ul>\n<\/td>\n<\/tr>\n<tr>\n<td width=\"302\">Cykly prania, pl\u00e1kania a su\u0161enia<\/td>\n<td width=\"302\">\n<ul>\n<li>Vynikaj\u00face v\u00fdsledky \u010distenia<\/li>\n<\/ul>\n<\/td>\n<\/tr>\n<tr>\n<td width=\"302\">\u0160ikm\u00e9 dn\u00e1 n\u00e1dr\u017e\u00ed<\/td>\n<td width=\"302\">\n<ul>\n<li>Hygiena n\u00e1dr\u017e\u00ed<\/li>\n<\/ul>\n<\/td>\n<\/tr>\n<tr>\n<td width=\"302\">Volite\u013en\u00e9<\/td>\n<td width=\"302\">\n<ul>\n<li>Vzduchov\u00e9 su\u0161enie no\u017eov<\/li>\n<li>Parn\u00e9, plynov\u00e9 alebo elektrick\u00e9 vykurovanie<\/li>\n<li>Zosil\u0148ovacia n\u00e1dr\u017e na oplachovanie<\/li>\n<li>Ovl\u00e1danie PLC\/HMI<\/li>\n<li>\u00daprava vody<\/li>\n<li>Manu\u00e1lne tla\u010denie trhough<\/li>\n<li>Dopravn\u00edk<\/li>\n<\/ul>\n<\/td>\n<\/tr>\n<\/tbody>\n<\/table>\n<p>&nbsp;<\/p>","protected":false},"excerpt":{"rendered":"<p>Plne automatick\u00fd dopravn\u00edkov\u00fd um\u00fdvac\u00ed stroj na um\u00fdvanie jednotliv\u00fdch paliet alebo ako kompletn\u00fd syst\u00e9m na plne automatick\u00e9 um\u00fdvanie paliet s kapacitou do 100 paliet za hodinu.<\/p>","protected":false},"featured_media":2425,"comment_status":"open","ping_status":"closed","template":"","meta":{"uix_meta_title":"","uix_meta_description":"","uix_canonical_url":""},"product_brand":[],"product_cat":[108],"product_tag":[],"class_list":{"0":"post-1892","1":"product","2":"type-product","3":"status-publish","4":"has-post-thumbnail","6":"product_cat-hygiene","8":"first","9":"instock","10":"shipping-taxable","11":"product-type-simple"},"_links":{"self":[{"href":"https:\/\/cormac.eu\/sk\/wp-json\/wp\/v2\/product\/1892","targetHints":{"allow":["GET"]}}],"collection":[{"href":"https:\/\/cormac.eu\/sk\/wp-json\/wp\/v2\/product"}],"about":[{"href":"https:\/\/cormac.eu\/sk\/wp-json\/wp\/v2\/types\/product"}],"replies":[{"embeddable":true,"href":"https:\/\/cormac.eu\/sk\/wp-json\/wp\/v2\/comments?post=1892"}],"wp:featuredmedia":[{"embeddable":true,"href":"https:\/\/cormac.eu\/sk\/wp-json\/wp\/v2\/media\/2425"}],"wp:attachment":[{"href":"https:\/\/cormac.eu\/sk\/wp-json\/wp\/v2\/media?parent=1892"}],"wp:term":[{"taxonomy":"product_brand","embeddable":true,"href":"https:\/\/cormac.eu\/sk\/wp-json\/wp\/v2\/product_brand?post=1892"},{"taxonomy":"product_cat","embeddable":true,"href":"https:\/\/cormac.eu\/sk\/wp-json\/wp\/v2\/product_cat?post=1892"},{"taxonomy":"product_tag","embeddable":true,"href":"https:\/\/cormac.eu\/sk\/wp-json\/wp\/v2\/product_tag?post=1892"}],"curies":[{"name":"wp","href":"https:\/\/api.w.org\/{rel}","templated":true}]}}