{"id":184,"date":"2021-02-02T11:30:23","date_gmt":"2021-02-02T11:30:23","guid":{"rendered":"https:\/\/cormac.tijdelijk.org\/?post_type=product&#038;p=184"},"modified":"2022-05-30T16:27:13","modified_gmt":"2022-05-30T14:27:13","slug":"lloveras-sire-enrobing-line","status":"publish","type":"product","link":"https:\/\/cormac.eu\/sk\/product\/lloveras-sire-enrobing-line\/","title":{"rendered":"Lloveras Sire enrobing line"},"content":{"rendered":"<p>Lloveras Sire-N(N) pon\u00faka kompletn\u00e9 a \u010diasto\u010dn\u00e9 n\u00e1terov\u00e9 linky. Dod\u00e1vaj\u00fa sa v \u0161iestich \u0161\u00edrkach \u00f4k od 400 do 12 000 MM a pon\u00fakaj\u00fa \u0161irok\u00fa \u0161k\u00e1lu mo\u017enost\u00ed oba\u013eovania.Oba\u013eova\u010dky Sire-N m\u00f4\u017eu oba\u013eova\u0165 ak\u00fdko\u013evek druh v\u00fdrobku, od cukr\u00e1rensk\u00fdch v\u00fdrobkov a\u017e po obl\u00e1tky, su\u0161ienky alebo in\u00e9 pek\u00e1rensk\u00e9 v\u00fdrobky. Linky je mo\u017en\u00e9 prisp\u00f4sobi\u0165 pridan\u00edm volite\u013en\u00fdch komponentov, ako s\u00fa napr\u00edklad preddno, dvojit\u00e9 enrobovacie hlavy, postrekova\u010de orechov a zdobi\u010de str\u00fan. Chladiace tunely linky sa daj\u00fa nastavi\u0165 tak, aby chladili v\u00fdrobky konvekciou a\/alebo s\u00e1lan\u00edm pod\u013ea potreby dan\u00e9ho v\u00fdrobku, a mo\u017eno prida\u0165 jednu alebo viac nez\u00e1visl\u00fdch chladiacich jednotiek. V\u0161etky funkcie sa ovl\u00e1daj\u00fa pomocou komplexn\u00e9ho ovl\u00e1dacieho panela. Do v\u0161etk\u00fdch mechanizmov, ktor\u00e9 si vy\u017eaduj\u00fa riadenie pohybu, boli za\u010dlenen\u00e9 nov\u00e9 motorizovan\u00e9 komponenty s cie\u013eom dosiahnu\u0165 \u0161tandardiz\u00e1ciu a jednoduch\u00fa v\u00fdmenu. Pou\u017eitie line\u00e1rnych a rota\u010dn\u00fdch pohonov eliminuje potrebu dod\u00e1vky stla\u010den\u00e9ho vzduchu.<\/p>\n<h3>Aplik\u00e1cia<\/h3>\n<p>Potiahnutie cukr\u00e1rskych a pek\u00e1rskych v\u00fdrobkov \u010dokol\u00e1dou alebo zmesou s n\u00e1sledn\u00fdm nanesen\u00edm orechov, zdoben\u00edm \u0161n\u00farkou a chladen\u00edm.<\/p>\n<p>&nbsp;<\/p>\n<h3>Rozsah kapacity<\/h3>\n<p>\u0160\u00edrky 400, 500, 600 800 a 12000 mm<br \/>\nKapacita z\u00e1vis\u00ed od v\u00fdrobku, hr\u00fabky vrstvy n\u00e1teru, typu n\u00e1terov\u00e9ho materi\u00e1lu a po\u017eadovan\u00e9ho \u010dasu chladenia.<\/p>\n<p>&nbsp;<\/p>\n<table class=\"features\" border=\"0\">\n<tbody>\n<tr>\n<td><strong>Funkcie<\/strong><\/td>\n<td><strong>V\u00fdhody<\/strong><\/td>\n<\/tr>\n<tr>\n<td>Dizajn Cantylever<\/td>\n<td>\n<ul>\n<li>Jednoduch\u00fd pr\u00edstup na \u00fadr\u017ebu<\/li>\n<li>Jednoduch\u00e9 \u010distenie<\/li>\n<\/ul>\n<\/td>\n<\/tr>\n<tr>\n<td>Cel\u00e9 prevedenie z nehrdzavej\u00facej ocele s materi\u00e1lmi schv\u00e1len\u00fdmi FDA<\/td>\n<td>\n<ul>\n<li>Kompaktn\u00fd koncept \"v\u0161etko v jednom<\/li>\n<\/ul>\n<\/td>\n<\/tr>\n<tr>\n<td>Odn\u00edmate\u013en\u00e1 spodn\u00e1 n\u00e1dr\u017e a dopravn\u00edk<\/td>\n<td>\n<ul>\n<li>Zabr\u00e1\u0148te zne\u010disteniu podlahy<\/li>\n<li>Jednoduch\u00e1 zmena na in\u00fd typ \u010dokol\u00e1dy<\/li>\n<li>Splachovac\u00ed spodn\u00fd modul ( \u010dokol\u00e1dov\u00e1 vani\u010dka)<\/li>\n<\/ul>\n<\/td>\n<\/tr>\n<tr>\n<td>Zabudovan\u00fd ovl\u00e1dac\u00ed panel<\/td>\n<td>\n<ul>\n<li>\u00dapln\u00e1 kontrola procesu<\/li>\n<li>Pr\u00edvetivos\u0165 pre oper\u00e1tora<\/li>\n<\/ul>\n<\/td>\n<\/tr>\n<tr>\n<td>Elektricky otitulkovate\u013en\u00fd sie\u0165ov\u00fd st\u00f4l<\/td>\n<td>\n<ul>\n<li>dobr\u00e1 ergon\u00f3mia<\/li>\n<\/ul>\n<\/td>\n<\/tr>\n<tr>\n<td>Pou\u017e\u00edvanie line\u00e1rnych a rota\u010dn\u00fdch pohonov<\/td>\n<td>\n<ul>\n<li>Vysok\u00e1 \u00farove\u0148 prisp\u00f4sobenia<\/li>\n<\/ul>\n<\/td>\n<\/tr>\n<\/tbody>\n<\/table>","protected":false},"excerpt":{"rendered":"<p>Lloveras Sire-N(N) pon\u00faka najmodernej\u0161ie linky na \u00fapln\u00e9 a \u010diasto\u010dn\u00e9 lakovanie. Dod\u00e1vaj\u00fa sa v \u0161iestich \u0161\u00edrkach \u00f4k od 400 do 12 000 MM a pon\u00fakaj\u00fa ve\u013ek\u00fd rozsah mo\u017enost\u00ed za\u010dis\u0165ovania.<\/p>","protected":false},"featured_media":995,"comment_status":"open","ping_status":"closed","template":"","meta":{"uix_meta_title":"","uix_meta_description":"","uix_canonical_url":""},"product_brand":[],"product_cat":[104],"product_tag":[],"class_list":{"0":"post-184","1":"product","2":"type-product","3":"status-publish","4":"has-post-thumbnail","6":"product_cat-processing","8":"first","9":"instock","10":"downloadable","11":"virtual","12":"product-type-simple"},"_links":{"self":[{"href":"https:\/\/cormac.eu\/sk\/wp-json\/wp\/v2\/product\/184","targetHints":{"allow":["GET"]}}],"collection":[{"href":"https:\/\/cormac.eu\/sk\/wp-json\/wp\/v2\/product"}],"about":[{"href":"https:\/\/cormac.eu\/sk\/wp-json\/wp\/v2\/types\/product"}],"replies":[{"embeddable":true,"href":"https:\/\/cormac.eu\/sk\/wp-json\/wp\/v2\/comments?post=184"}],"wp:featuredmedia":[{"embeddable":true,"href":"https:\/\/cormac.eu\/sk\/wp-json\/wp\/v2\/media\/995"}],"wp:attachment":[{"href":"https:\/\/cormac.eu\/sk\/wp-json\/wp\/v2\/media?parent=184"}],"wp:term":[{"taxonomy":"product_brand","embeddable":true,"href":"https:\/\/cormac.eu\/sk\/wp-json\/wp\/v2\/product_brand?post=184"},{"taxonomy":"product_cat","embeddable":true,"href":"https:\/\/cormac.eu\/sk\/wp-json\/wp\/v2\/product_cat?post=184"},{"taxonomy":"product_tag","embeddable":true,"href":"https:\/\/cormac.eu\/sk\/wp-json\/wp\/v2\/product_tag?post=184"}],"curies":[{"name":"wp","href":"https:\/\/api.w.org\/{rel}","templated":true}]}}