{"id":183,"date":"2021-02-02T11:30:04","date_gmt":"2021-02-02T11:30:04","guid":{"rendered":"https:\/\/cormac.tijdelijk.org\/?post_type=product&#038;p=183"},"modified":"2022-05-30T16:27:39","modified_gmt":"2022-05-30T14:27:39","slug":"chladiaci-tunel-lloveras-2","status":"publish","type":"product","link":"https:\/\/cormac.eu\/sk\/product\/lloveras-cooling-tunnel\/","title":{"rendered":"Chladiaci tunel Lloveras"},"content":{"rendered":"<p>Chladiaci tunel Lloveras je vyroben\u00fd zo siln\u00e9ho strojov\u00e9ho r\u00e1mu. Kryty s\u00fa opl\u00e1\u0161ten\u00e9 dekora\u010dn\u00fdm oce\u013eov\u00fdm plechom s pvc laminovan\u00fdm povrchom a polyuret\u00e1novou izol\u00e1ciou, pri\u010dom ich v\u00fdhodou je n\u00edzka hmotnos\u0165. D\u013a\u017eka chladiaceho tunela je flexibiln\u00e1 a sklad\u00e1 sa zo skladania sekci\u00ed \u0161tandardn\u00fdch rozmerov. Kryt ka\u017edej sekcie sa d\u00e1 \u00faplne otvori\u0165 na kontrolu a \u010distenie. Cirkul\u00e1cia vzduchu vo vn\u00fatri tunela je pozd\u013a\u017ena a jednotka obsahuje v\u0161etky kan\u00e1ly potrebn\u00e9 na optim\u00e1lne pr\u00fadenie vzduchu pozd\u013a\u017e tunela a rovnomern\u00e9 rozlo\u017eenie teploty. Chladiaci tunel je pripraven\u00fd na pr\u00e1cu s pr\u00faden\u00edm studen\u00e9ho vzduchu bu\u010f v konvekcii (priame chladenie), alebo v radi\u00e1cii (nepriame chladenie). V\u00fdparn\u00edk a turb\u00edny s\u00fa umiestnen\u00e9 v spodnej \u010dasti tunela. Kompresor a kondenz\u00e1tor sa dod\u00e1vaj\u00fa ako nez\u00e1visl\u00e9 jednotky, ktor\u00e9 sa umiestnia pod\u013ea \u017eelania z\u00e1kazn\u00edka. Odpor\u00fa\u010da sa, aby bol chladiaci tunel in\u0161talovan\u00fd v klimatizovanom priestore, kde je teplota 20 - 22 \u00b0C a maxim\u00e1lna vlhkos\u0165 55%.<\/p>\n<p>&nbsp;<\/p>\n<h3>Aplik\u00e1cia<\/h3>\n<p>Chladenie \u010dokol\u00e1dov\u00e9ho alebo zmesov\u00e9ho v\u00fdrobku<\/p>\n<p>&nbsp;<\/p>\n<h3>Rozsah kapacity<\/h3>\n<p>Kapacita je ur\u010den\u00e1 d\u013a\u017ekou chladiaceho tunela<\/p>\n<p>&nbsp;<\/p>\n<table class=\"features\" border=\"0\">\n<tbody>\n<tr>\n<td><strong>Funkcie<\/strong><\/td>\n<td><strong>V\u00fdhody<\/strong><\/td>\n<\/tr>\n<tr>\n<td>PVC laminovan\u00e9 oblo\u017eenie z nehrdzavej\u00facej ocele<\/td>\n<td>\n<ul>\n<li>Hygienick\u00fd dizajn<\/li>\n<li>Jednoduch\u00e1 kontrola a \u010distenie<\/li>\n<\/ul>\n<\/td>\n<\/tr>\n<tr>\n<td>Izol\u00e1cia PU<\/td>\n<td>\n<ul>\n<li>ni\u017e\u0161ia spotreba energie<\/li>\n<\/ul>\n<\/td>\n<\/tr>\n<tr>\n<td>Konvek\u010dn\u00e9 alebo radia\u010dn\u00e9 chladenie<\/td>\n<td>\n<ul>\n<li>Vynikaj\u00faca regul\u00e1cia pr\u00fadenia vzduchu<\/li>\n<li>Vynikaj\u00face chladiace schopnosti<\/li>\n<\/ul>\n<\/td>\n<\/tr>\n<tr>\n<td>Syst\u00e9m automatick\u00e9ho centrovania p\u00e1su<\/td>\n<td>\n<ul>\n<li>spo\u013eahliv\u00fd pohyb p\u00e1su<\/li>\n<li>Men\u0161ie zne\u010distenie p\u00e1su<\/li>\n<\/ul>\n<\/td>\n<\/tr>\n<tr>\n<td>Nez\u00e1visl\u00e1 zmena r\u00fdchlosti p\u00e1su a siete<\/td>\n<td>\n<ul>\n<li>dobr\u00e1 kontrola procesu<\/li>\n<\/ul>\n<\/td>\n<\/tr>\n<tr>\n<td>PLC plus LCD<\/td>\n<td>\n<ul>\n<li>pr\u00edvetiv\u00e9 pre obsluhu<\/li>\n<\/ul>\n<\/td>\n<\/tr>\n<\/tbody>\n<\/table>","protected":false},"excerpt":{"rendered":"<p>Chladiaci tunel Lloveras je vyroben\u00fd zo siln\u00e9ho strojov\u00e9ho r\u00e1mu. Kryty s\u00fa opl\u00e1\u0161ten\u00e9 dekora\u010dn\u00fdm oce\u013eov\u00fdm plechom s pvc laminovan\u00fdm povrchom a polyuret\u00e1novou izol\u00e1ciou, pri\u010dom ich v\u00fdhodou je n\u00edzka hmotnos\u0165.<\/p>","protected":false},"featured_media":996,"comment_status":"open","ping_status":"closed","template":"","meta":{"uix_meta_title":"","uix_meta_description":"","uix_canonical_url":""},"product_brand":[],"product_cat":[104],"product_tag":[],"class_list":{"0":"post-183","1":"product","2":"type-product","3":"status-publish","4":"has-post-thumbnail","6":"product_cat-processing","8":"first","9":"instock","10":"downloadable","11":"virtual","12":"product-type-simple"},"_links":{"self":[{"href":"https:\/\/cormac.eu\/sk\/wp-json\/wp\/v2\/product\/183","targetHints":{"allow":["GET"]}}],"collection":[{"href":"https:\/\/cormac.eu\/sk\/wp-json\/wp\/v2\/product"}],"about":[{"href":"https:\/\/cormac.eu\/sk\/wp-json\/wp\/v2\/types\/product"}],"replies":[{"embeddable":true,"href":"https:\/\/cormac.eu\/sk\/wp-json\/wp\/v2\/comments?post=183"}],"wp:featuredmedia":[{"embeddable":true,"href":"https:\/\/cormac.eu\/sk\/wp-json\/wp\/v2\/media\/996"}],"wp:attachment":[{"href":"https:\/\/cormac.eu\/sk\/wp-json\/wp\/v2\/media?parent=183"}],"wp:term":[{"taxonomy":"product_brand","embeddable":true,"href":"https:\/\/cormac.eu\/sk\/wp-json\/wp\/v2\/product_brand?post=183"},{"taxonomy":"product_cat","embeddable":true,"href":"https:\/\/cormac.eu\/sk\/wp-json\/wp\/v2\/product_cat?post=183"},{"taxonomy":"product_tag","embeddable":true,"href":"https:\/\/cormac.eu\/sk\/wp-json\/wp\/v2\/product_tag?post=183"}],"curies":[{"name":"wp","href":"https:\/\/api.w.org\/{rel}","templated":true}]}}