{"id":172,"date":"2021-02-02T11:27:41","date_gmt":"2021-02-02T11:27:41","guid":{"rendered":"https:\/\/cormac.tijdelijk.org\/?post_type=product&#038;p=172"},"modified":"2022-05-30T16:25:18","modified_gmt":"2022-05-30T14:25:18","slug":"carugil-omnia-bunch-wrapper","status":"publish","type":"product","link":"https:\/\/cormac.eu\/sk\/product\/carugil-omnia-bunch-wrapper\/","title":{"rendered":"Carugil Omnia Bunch wrapper"},"content":{"rendered":"<p>Baliace stroje na l\u00edzanky s\u00e9rie Omnia s\u00fa nov\u00e9 a inovat\u00edvne baliace stroje od spolo\u010dnosti Carugil. Stroj Omnia je v\u00fdsledkom dlhoro\u010dn\u00fdch sk\u00fasenost\u00ed, v\u00fdskumu a v\u00fdvoja a bol vyvinut\u00fd s prihliadnut\u00edm na n\u00e1vrhy a v\u00fdrobn\u00e9 sk\u00fasenosti z\u00e1kazn\u00edkov spolo\u010dnosti Carugil z cel\u00e9ho sveta. Tento nov\u00fd stroj poskytuje spo\u013eahlivos\u0165, flexibilitu, efekt\u00edvnos\u0165, vysok\u00fd v\u00fdkon a pon\u00faka v\u00fdrobcovi \u010fal\u0161ie funkcie, ktor\u00e9 posilnia jeho l\u00edzanky o pridan\u00fa hodnotu, v\u010faka ktorej vynikn\u00fa na trhu. Stroj integruje etiketova\u010de, atramentov\u00fa tla\u010diare\u0148, kontrolu kvality pomocou po\u010d\u00edta\u010dov\u00e9ho videnia, integr\u00e1lne ovl\u00e1danie a komunik\u00e1ciu, automatick\u00e9 plniace zariadenie,samo\u010distiaci syst\u00e9m na odstra\u0148ovanie v\u0161etk\u00fdch pr\u00e1\u0161kov v pod\u00e1vacom priestore, pohotovostn\u00fd dr\u017eiak kot\u00fa\u010da, automatick\u00fd splicer, centrovacie syst\u00e9my a \u010fal\u0161ie. Stroj m\u00f4\u017ee urobi\u0165 bu\u010f tesn\u00e9 utesnenie okolo ty\u010dinky, alebo ponecha\u0165 mal\u00fd \u013eahko otv\u00e1rate\u013en\u00fd okraj. Tesniace prvky vyu\u017e\u00edvaj\u00fa elektrick\u00e9 odporov\u00e9 ohrieva\u010de s n\u00edzkou spotrebou energie.<\/p>\n<p>&nbsp;<\/p>\n<h3>Aplik\u00e1cia<\/h3>\n<p>Jednoduch\u00e9 balenie zvitkov pre l\u00edzanky v tvare gule.<\/p>\n<p>&nbsp;<\/p>\n<h3>Rozsah kapacity<\/h3>\n<p>Omnia 600 :do 600 ppm<br \/>\nOmnia 2000: do 1500 ppm<\/p>\n<p>&nbsp;<\/p>\n<table class=\"features\" border=\"0\">\n<tbody>\n<tr>\n<td><strong>Funkcie<\/strong><\/td>\n<td><strong>V\u00fdhody<\/strong><\/td>\n<\/tr>\n<tr>\n<td>Kon\u0161trukcia z nehrdzavej\u00facej ocele<\/td>\n<td>\n<ul>\n<li>Hygienick\u00e9<\/li>\n<li>Jednoduch\u00e9 \u010distenie<\/li>\n<\/ul>\n<\/td>\n<\/tr>\n<tr>\n<td>Bezkart\u00e1\u010dov\u00fd syst\u00e9m servopohonu s n\u00edzkou zotrva\u010dnos\u0165ou<\/td>\n<td>\n<ul>\n<li>presn\u00e9 strihy filmu<\/li>\n<li>presn\u00e9 polohovanie f\u00f3lie pri vysokor\u00fdchlostnej prev\u00e1dzke<\/li>\n<\/ul>\n<\/td>\n<\/tr>\n<tr>\n<td>Jednoduch\u00e9 odstr\u00e1nenie tesniacich \u010de\u013eust\u00ed<\/td>\n<td>\n<ul>\n<li>r\u00fdchle \u010distenie<\/li>\n<\/ul>\n<\/td>\n<\/tr>\n<tr>\n<td>Integrovan\u00e9 WIFI + SCADA + RFID + Vision control<\/td>\n<td>\n<ul>\n<li>integr\u00e1cia do intranetu z\u00e1kazn\u00edka<\/li>\n<li>vedenie protokolov a \u0161tatist\u00edk pre ka\u017ed\u00e9ho oper\u00e1tora.<\/li>\n<li>jednoduch\u00e9 funkcie dotykov\u00e9ho displeja<\/li>\n<li>Detekcia a odmietnutie necentrovan\u00fdch l\u00edzaniek po sp\u00e1jan\u00ed<\/li>\n<li>Dia\u013ekov\u00e1 diagnostika<\/li>\n<\/ul>\n<\/td>\n<\/tr>\n<tr>\n<td>Ergonomick\u00fd dizajn<\/td>\n<td>\n<ul>\n<li>v\u0161etko vidite\u013en\u00e9<\/li>\n<li>\u013eahk\u00fd pr\u00edstup do vn\u00fatra stroja<\/li>\n<\/ul>\n<\/td>\n<\/tr>\n<tr>\n<td>Elektrostatick\u00fd v\u00fdbojov\u00fd syst\u00e9m<\/td>\n<td>\n<ul>\n<li>elimin\u00e1cia statick\u00e9ho n\u00e1boja filmov<\/li>\n<\/ul>\n<\/td>\n<\/tr>\n<tr>\n<td>Automatick\u00e9 pod\u00e1vacie a plniace zariadenia<\/td>\n<td>\n<ul>\n<li>Vysok\u00e1 \u00fa\u010dinnos\u0165 a zn\u00ed\u017eenie invest\u00edci\u00ed<\/li>\n<\/ul>\n<\/td>\n<\/tr>\n<\/tbody>\n<\/table>\n<p>&nbsp;<\/p>","protected":false},"excerpt":{"rendered":"<p>Baliace stroje na l\u00edzanky s\u00e9rie Omnia s\u00fa nov\u00e9 a inovat\u00edvne baliace stroje od spolo\u010dnosti Carugil. Stroj Omnia je v\u00fdsledkom dlhoro\u010dn\u00fdch sk\u00fasenost\u00ed, v\u00fdskumu a v\u00fdvoja.<\/p>","protected":false},"featured_media":997,"comment_status":"open","ping_status":"closed","template":"","meta":{"uix_meta_title":"","uix_meta_description":"","uix_canonical_url":""},"product_brand":[],"product_cat":[105],"product_tag":[],"class_list":{"0":"post-172","1":"product","2":"type-product","3":"status-publish","4":"has-post-thumbnail","6":"product_cat-packaging","8":"first","9":"instock","10":"shipping-taxable","11":"product-type-simple"},"_links":{"self":[{"href":"https:\/\/cormac.eu\/sk\/wp-json\/wp\/v2\/product\/172","targetHints":{"allow":["GET"]}}],"collection":[{"href":"https:\/\/cormac.eu\/sk\/wp-json\/wp\/v2\/product"}],"about":[{"href":"https:\/\/cormac.eu\/sk\/wp-json\/wp\/v2\/types\/product"}],"replies":[{"embeddable":true,"href":"https:\/\/cormac.eu\/sk\/wp-json\/wp\/v2\/comments?post=172"}],"wp:featuredmedia":[{"embeddable":true,"href":"https:\/\/cormac.eu\/sk\/wp-json\/wp\/v2\/media\/997"}],"wp:attachment":[{"href":"https:\/\/cormac.eu\/sk\/wp-json\/wp\/v2\/media?parent=172"}],"wp:term":[{"taxonomy":"product_brand","embeddable":true,"href":"https:\/\/cormac.eu\/sk\/wp-json\/wp\/v2\/product_brand?post=172"},{"taxonomy":"product_cat","embeddable":true,"href":"https:\/\/cormac.eu\/sk\/wp-json\/wp\/v2\/product_cat?post=172"},{"taxonomy":"product_tag","embeddable":true,"href":"https:\/\/cormac.eu\/sk\/wp-json\/wp\/v2\/product_tag?post=172"}],"curies":[{"name":"wp","href":"https:\/\/api.w.org\/{rel}","templated":true}]}}