{"id":4065,"date":"2023-11-10T14:43:58","date_gmt":"2023-11-10T13:43:58","guid":{"rendered":"https:\/\/cormac.eu\/?post_type=product&#038;p=4065"},"modified":"2023-11-10T14:47:56","modified_gmt":"2023-11-10T13:47:56","slug":"maszyna-do-tulejowania","status":"publish","type":"product","link":"https:\/\/cormac.eu\/pl\/product\/sleeving-machine\/","title":{"rendered":"Maszyna do r\u0119kaw\u00f3w"},"content":{"rendered":"<p>Maszyny do pakowania w r\u0119kawy s\u0105 przeznaczone do umieszczania kartonowego r\u0119kawa wok\u00f3\u0142 pojedynczego produktu (np. tacki na gotowe posi\u0142ki, kubki deserowe itp.) lub grupy produkt\u00f3w (np. kubki, ceg\u0142y, puszki itp.). Tuleja kartonowa jest owijana i mocowana za pomoc\u0105 kleju topliwego lub hak\u00f3w. Maszyny te s\u0105 dost\u0119pne z r\u00f3\u017cnymi rodzajami zamkni\u0119\u0107 (dolne, boczne, g\u00f3rne itp.) oraz z szybk\u0105 i \u0142atw\u0105 zmian\u0105 formatu. Pr\u0119dko\u015b\u0107 jest regulowana elektronicznie do maksymalnie 250 r\u0119kaw\u00f3w na minut\u0119. Gama maszyn do tulejowania zaprojektowanych przez VIMCO jest dost\u0119pna z szerok\u0105 gam\u0105 r\u00f3\u017cnych rozstaw\u00f3w maszyn, aby zaspokoi\u0107 r\u00f3\u017cne potrzeby klient\u00f3w i pracowa\u0107 z r\u00f3\u017cnymi produktami. Zesp\u00f3\u0142 Vimco jest do dyspozycji w celu zbadania i zaprojektowania niestandardowych maszyn do specjalnych rozmiar\u00f3w lub kszta\u0142t\u00f3w pude\u0142ek.<\/p>\n<p><img decoding=\"async\" class=\"alignnone size-medium wp-image-4042\" src=\"https:\/\/cormac.eu\/wp-content\/uploads\/2023\/11\/sleeving-process-300x120.jpg\" alt=\"\" width=\"300\" height=\"120\" srcset=\"https:\/\/cormac.eu\/wp-content\/uploads\/2023\/11\/sleeving-process-300x120.jpg 300w, https:\/\/cormac.eu\/wp-content\/uploads\/2023\/11\/sleeving-process.jpg 582w\" sizes=\"(max-width: 300px) 100vw, 300px\" \/><\/p>\n<p>&nbsp;<\/p>\n<p>DOST\u0118PNE MODELE:<\/p>\n<ul>\n<li>Maszyny do zaklejania tacek, maksymalna pr\u0119dko\u015b\u0107 do 120 sztuk\/min<\/li>\n<li>Maszyny do owijania r\u0119kawami doniczek i puszek, maksymalna pr\u0119dko\u015b\u0107 do 250 szt.<\/li>\n<li>SPECJALNE: maszyny do produkcji r\u0119kaw\u00f3w na zam\u00f3wienie<\/li>\n<\/ul>\n<p>&nbsp;<\/p>\n<table style=\"height: 358px\" width=\"828\">\n<tbody>\n<tr>\n<td width=\"264\"><strong>F<\/strong><strong>cechy<\/strong><\/td>\n<td width=\"340\"><strong>Korzy\u015bci<\/strong><\/td>\n<\/tr>\n<tr>\n<td width=\"264\">Kontrola pr\u0119dko\u015bci<\/td>\n<td width=\"340\">Regulowana pr\u0119dko\u015b\u0107<\/td>\n<\/tr>\n<tr>\n<td width=\"264\">Zamkni\u0119cie boczne, g\u00f3rne lub dolne<\/td>\n<td width=\"340\">Dost\u0119pne r\u00f3\u017cne systemy zamykania<\/td>\n<\/tr>\n<tr>\n<td width=\"264\">Szybka zmiana<\/td>\n<td width=\"340\">\u015arednia zmiana w czasie 5-10 minut<\/td>\n<\/tr>\n<tr>\n<td width=\"264\">Konstrukcja stalowa lub malowana<\/td>\n<td width=\"340\">Odpowiedni dla r\u00f3\u017cnych bran\u017c<\/td>\n<\/tr>\n<\/tbody>\n<\/table>\n<p>&nbsp;<\/p>","protected":false},"excerpt":{"rendered":"<p>R\u0119kawiarka zosta\u0142a zaprojektowana do umieszczania kartonowego r\u0119kawa wok\u00f3\u0142 pojedynczego produktu, grupy produkt\u00f3w lub tacki.<\/p>","protected":false},"featured_media":4041,"comment_status":"open","ping_status":"closed","template":"","meta":{"uix_meta_title":"","uix_meta_description":"","uix_canonical_url":""},"product_brand":[],"product_cat":[114],"product_tag":[],"class_list":{"0":"post-4065","1":"product","2":"type-product","3":"status-publish","4":"has-post-thumbnail","6":"product_cat-secondary-packaging","8":"first","9":"instock","10":"shipping-taxable","11":"product-type-simple"},"_links":{"self":[{"href":"https:\/\/cormac.eu\/pl\/wp-json\/wp\/v2\/product\/4065","targetHints":{"allow":["GET"]}}],"collection":[{"href":"https:\/\/cormac.eu\/pl\/wp-json\/wp\/v2\/product"}],"about":[{"href":"https:\/\/cormac.eu\/pl\/wp-json\/wp\/v2\/types\/product"}],"replies":[{"embeddable":true,"href":"https:\/\/cormac.eu\/pl\/wp-json\/wp\/v2\/comments?post=4065"}],"wp:featuredmedia":[{"embeddable":true,"href":"https:\/\/cormac.eu\/pl\/wp-json\/wp\/v2\/media\/4041"}],"wp:attachment":[{"href":"https:\/\/cormac.eu\/pl\/wp-json\/wp\/v2\/media?parent=4065"}],"wp:term":[{"taxonomy":"product_brand","embeddable":true,"href":"https:\/\/cormac.eu\/pl\/wp-json\/wp\/v2\/product_brand?post=4065"},{"taxonomy":"product_cat","embeddable":true,"href":"https:\/\/cormac.eu\/pl\/wp-json\/wp\/v2\/product_cat?post=4065"},{"taxonomy":"product_tag","embeddable":true,"href":"https:\/\/cormac.eu\/pl\/wp-json\/wp\/v2\/product_tag?post=4065"}],"curies":[{"name":"wp","href":"https:\/\/api.w.org\/{rel}","templated":true}]}}