{"id":4064,"date":"2023-11-10T14:38:19","date_gmt":"2023-11-10T13:38:19","guid":{"rendered":"https:\/\/cormac.eu\/?post_type=product&#038;p=4064"},"modified":"2023-11-10T14:43:29","modified_gmt":"2023-11-10T13:43:29","slug":"zrobotyzowana-jednostka-ladujaca","status":"publish","type":"product","link":"https:\/\/cormac.eu\/pl\/product\/robotic-loading-unit\/","title":{"rendered":"Zrobotyzowana jednostka \u0142aduj\u0105ca"},"content":{"rendered":"<p>Zaprojektowane wewn\u0119trznie <strong>Delta i robot dwuosiowy dla I<\/strong>nsertowanie produktu lub grupy produkt\u00f3w do wcze\u015bniej uformowanego pude\u0142ka. Roboty mog\u0105 by\u0107 zintegrowane zar\u00f3wno w samodzielnych jednostkach \u0142aduj\u0105cych, jak i w rozwi\u0105zaniach monoblokowych. Roboty te mog\u0105 by\u0107 r\u00f3wnie\u017c wykorzystywane jako rozwi\u0105zanie pomocnicze do przygotowywania r\u00f3\u017cnych konfiguracji produkt\u00f3w na wej\u015bciu urz\u0105dze\u0144 innych firm. Zrobotyzowane jednostki \u0142aduj\u0105ce mog\u0105 by\u0107 wyposa\u017cone w systemy wizyjne do kontroli produkt\u00f3w, zdolne do sprawdzania wymiar\u00f3w, jako\u015bci i orientacji produkt\u00f3w oraz komunikowania robotom, kt\u00f3re produkty wybra\u0107, a kt\u00f3re odrzuci\u0107. Zrobotyzowane jednostki \u0142aduj\u0105ce mog\u0105 by\u0107 wykorzystywane do r\u00f3\u017cnych zastosowa\u0144: od pakowania pierwotnego i wt\u00f3rnego po rozwi\u0105zania na ko\u0144cu linii do pakowania w skrzynie wysy\u0142kowe.<b> <\/b>Ka\u017cdy projekt jest szczeg\u00f3\u0142owo badany i analizowany w celu zaprojektowania rozwi\u0105za\u0144 dostosowanych do indywidualnych potrzeb, kt\u00f3re s\u0105 w pe\u0142ni dedykowane produktom, kt\u00f3re maj\u0105 by\u0107 obs\u0142ugiwane; zapewniaj\u0105c w ten spos\u00f3b wysoce elastyczne i najnowocze\u015bniejsze rozwi\u0105zania.<\/p>\n<p><img fetchpriority=\"high\" decoding=\"async\" class=\"alignnone size-medium wp-image-4039\" src=\"https:\/\/cormac.eu\/wp-content\/uploads\/2023\/11\/Robotic-loading-process-288x300.jpg\" alt=\"\" width=\"288\" height=\"300\" srcset=\"https:\/\/cormac.eu\/wp-content\/uploads\/2023\/11\/Robotic-loading-process-288x300.jpg 288w, https:\/\/cormac.eu\/wp-content\/uploads\/2023\/11\/Robotic-loading-process.jpg 407w\" sizes=\"(max-width: 288px) 100vw, 288px\" \/><\/p>\n<p>&nbsp;<\/p>\n<table style=\"height: 285px\" width=\"867\">\n<tbody>\n<tr>\n<td width=\"264\"><strong>F<\/strong><strong>cechy<\/strong><\/td>\n<td width=\"340\"><strong>Korzy\u015bci<\/strong><\/td>\n<\/tr>\n<tr>\n<td width=\"264\">Wszechstronno\u015b\u0107<\/td>\n<td width=\"340\">Konfiguracje samodzielne lub monoblokowe<\/td>\n<\/tr>\n<tr>\n<td width=\"264\">W\u0142asny projekt<\/td>\n<td width=\"340\">Integracja systemu; natychmiastowe wsparcie posprzeda\u017cowe<\/td>\n<\/tr>\n<tr>\n<td width=\"264\">Elastyczno\u015b\u0107<\/td>\n<td width=\"340\">Rozwi\u0105zania szyte na miar\u0119<\/td>\n<\/tr>\n<\/tbody>\n<\/table>\n<p><strong>\u00a0<\/strong><\/p>\n<p>&nbsp;<\/p>","protected":false},"excerpt":{"rendered":"<p>Zrobotyzowana jednostka \u0142aduj\u0105ca jest przeznaczona do automatycznego pobierania produkt\u00f3w i umieszczania ich w pude\u0142ku.<\/p>","protected":false},"featured_media":4040,"comment_status":"open","ping_status":"closed","template":"","meta":{"uix_meta_title":"","uix_meta_description":"","uix_canonical_url":""},"product_brand":[],"product_cat":[114],"product_tag":[],"class_list":{"0":"post-4064","1":"product","2":"type-product","3":"status-publish","4":"has-post-thumbnail","6":"product_cat-secondary-packaging","8":"first","9":"instock","10":"shipping-taxable","11":"product-type-simple"},"_links":{"self":[{"href":"https:\/\/cormac.eu\/pl\/wp-json\/wp\/v2\/product\/4064","targetHints":{"allow":["GET"]}}],"collection":[{"href":"https:\/\/cormac.eu\/pl\/wp-json\/wp\/v2\/product"}],"about":[{"href":"https:\/\/cormac.eu\/pl\/wp-json\/wp\/v2\/types\/product"}],"replies":[{"embeddable":true,"href":"https:\/\/cormac.eu\/pl\/wp-json\/wp\/v2\/comments?post=4064"}],"wp:featuredmedia":[{"embeddable":true,"href":"https:\/\/cormac.eu\/pl\/wp-json\/wp\/v2\/media\/4040"}],"wp:attachment":[{"href":"https:\/\/cormac.eu\/pl\/wp-json\/wp\/v2\/media?parent=4064"}],"wp:term":[{"taxonomy":"product_brand","embeddable":true,"href":"https:\/\/cormac.eu\/pl\/wp-json\/wp\/v2\/product_brand?post=4064"},{"taxonomy":"product_cat","embeddable":true,"href":"https:\/\/cormac.eu\/pl\/wp-json\/wp\/v2\/product_cat?post=4064"},{"taxonomy":"product_tag","embeddable":true,"href":"https:\/\/cormac.eu\/pl\/wp-json\/wp\/v2\/product_tag?post=4064"}],"curies":[{"name":"wp","href":"https:\/\/api.w.org\/{rel}","templated":true}]}}