{"id":4063,"date":"2023-11-10T14:34:54","date_gmt":"2023-11-10T13:34:54","guid":{"rendered":"https:\/\/cormac.eu\/?post_type=product&#038;p=4063"},"modified":"2023-11-10T14:38:03","modified_gmt":"2023-11-10T13:38:03","slug":"maszyna-zakrywajaca","status":"publish","type":"product","link":"https:\/\/cormac.eu\/pl\/product\/lidding-machine\/","title":{"rendered":"Maszyna zakrywaj\u0105ca"},"content":{"rendered":"<p>Maszyny do przykrywania s\u0105 przeznaczone do pozycjonowania i przyklejania wieczek kartonowych do tacek lub pude\u0142ek ekspozycyjnych. Wieczka s\u0105 formowane z p\u0142askich wykroj\u00f3w. Pr\u0119dko\u015b\u0107 jest regulowana elektronicznie do maksymalnie 20 pude\u0142ek na minut\u0119 w przypadku maszyn z pojedyncz\u0105 g\u0142owic\u0105 zakrywaj\u0105c\u0105. Mo\u017cliwe jest zaprojektowanie maszyn z podw\u00f3jn\u0105 g\u0142owic\u0105 dla wi\u0119kszej pr\u0119dko\u015bci (do 40 szt.\/min), w zale\u017cno\u015bci od wymaganej pr\u0119dko\u015bci i charakterystyki wykroj\u00f3w.<\/p>\n<p><img fetchpriority=\"high\" decoding=\"async\" class=\"alignnone size-medium wp-image-4038\" src=\"https:\/\/cormac.eu\/wp-content\/uploads\/2023\/11\/lidding-process-300x232.jpg\" alt=\"\" width=\"300\" height=\"232\" srcset=\"https:\/\/cormac.eu\/wp-content\/uploads\/2023\/11\/lidding-process-300x232.jpg 300w, https:\/\/cormac.eu\/wp-content\/uploads\/2023\/11\/lidding-process.jpg 453w\" sizes=\"(max-width: 300px) 100vw, 300px\" \/><\/p>\n<p>&nbsp;<\/p>\n<p>DOST\u0118PNE MODELE:<\/p>\n<ul>\n<li>Pionowa maszyna zamykaj\u0105ca, maksymalna pr\u0119dko\u015b\u0107 20 sztuk\/min na g\u0142owic\u0119<\/li>\n<li>Maszyna zakrywaj\u0105ca, maksymalna pr\u0119dko\u015b\u0107 18szt\/min na g\u0142owic\u0119<\/li>\n<li>SPECJALNE: Specjalna maszyna do zakrywania dostosowana do wymaga\u0144 klienta<\/li>\n<\/ul>\n<p>&nbsp;<\/p>\n<table style=\"height: 522px\" width=\"843\">\n<tbody>\n<tr>\n<td width=\"264\"><strong>F<\/strong><strong>cechy<\/strong><\/td>\n<td width=\"340\"><strong>Korzy\u015bci<\/strong><\/td>\n<\/tr>\n<tr>\n<td width=\"264\">Pojedyncza lub podw\u00f3jna g\u0142owica zakrywaj\u0105ca<\/td>\n<td width=\"340\">Wyb\u00f3r zakresu pr\u0119dko\u015bci<\/td>\n<\/tr>\n<tr>\n<td width=\"264\">Elektryczna kontrola pr\u0119dko\u015bci<\/td>\n<td width=\"340\">Regulowana pr\u0119dko\u015b\u0107<\/td>\n<\/tr>\n<tr>\n<td width=\"264\">Zamykanie za pomoc\u0105 kleju topliwego<\/td>\n<td width=\"340\">Bezpieczny system klejenia<\/td>\n<\/tr>\n<tr>\n<td width=\"264\">Szybka zmiana<\/td>\n<td width=\"340\">\u015arednia zmiana formatu 5-10 minut<\/td>\n<\/tr>\n<tr>\n<td width=\"264\">Mo\u017cliwa integracja<\/td>\n<td width=\"340\">Do tworzenia kompletnych linii pakuj\u0105cych<\/td>\n<\/tr>\n<tr>\n<td width=\"264\">In\u017cynieria specjalna<\/td>\n<td width=\"340\">Mo\u017cliwe r\u00f3\u017cne konfiguracje<\/td>\n<\/tr>\n<tr>\n<td width=\"264\">Konstrukcja ze stali nierdzewnej lub malowanej<\/td>\n<td width=\"340\">Odpowiedni dla r\u00f3\u017cnych bran\u017c<\/td>\n<\/tr>\n<\/tbody>\n<\/table>","protected":false},"excerpt":{"rendered":"<p>Maszyna do przyklejania pokrywek zosta\u0142a zaprojektowana do pozycjonowania i przyklejania kartonowych pokrywek do tacek lub pude\u0142ek ekspozycyjnych.<\/p>","protected":false},"featured_media":4037,"comment_status":"open","ping_status":"closed","template":"","meta":{"uix_meta_title":"","uix_meta_description":"","uix_canonical_url":""},"product_brand":[],"product_cat":[114],"product_tag":[],"class_list":{"0":"post-4063","1":"product","2":"type-product","3":"status-publish","4":"has-post-thumbnail","6":"product_cat-secondary-packaging","8":"first","9":"instock","10":"shipping-taxable","11":"product-type-simple"},"_links":{"self":[{"href":"https:\/\/cormac.eu\/pl\/wp-json\/wp\/v2\/product\/4063","targetHints":{"allow":["GET"]}}],"collection":[{"href":"https:\/\/cormac.eu\/pl\/wp-json\/wp\/v2\/product"}],"about":[{"href":"https:\/\/cormac.eu\/pl\/wp-json\/wp\/v2\/types\/product"}],"replies":[{"embeddable":true,"href":"https:\/\/cormac.eu\/pl\/wp-json\/wp\/v2\/comments?post=4063"}],"wp:featuredmedia":[{"embeddable":true,"href":"https:\/\/cormac.eu\/pl\/wp-json\/wp\/v2\/media\/4037"}],"wp:attachment":[{"href":"https:\/\/cormac.eu\/pl\/wp-json\/wp\/v2\/media?parent=4063"}],"wp:term":[{"taxonomy":"product_brand","embeddable":true,"href":"https:\/\/cormac.eu\/pl\/wp-json\/wp\/v2\/product_brand?post=4063"},{"taxonomy":"product_cat","embeddable":true,"href":"https:\/\/cormac.eu\/pl\/wp-json\/wp\/v2\/product_cat?post=4063"},{"taxonomy":"product_tag","embeddable":true,"href":"https:\/\/cormac.eu\/pl\/wp-json\/wp\/v2\/product_tag?post=4063"}],"curies":[{"name":"wp","href":"https:\/\/api.w.org\/{rel}","templated":true}]}}