{"id":4061,"date":"2023-11-10T14:25:58","date_gmt":"2023-11-10T13:25:58","guid":{"rendered":"https:\/\/cormac.eu\/?post_type=product&#038;p=4061"},"modified":"2024-02-05T13:59:15","modified_gmt":"2024-02-05T12:59:15","slug":"maszyny-do-owijania","status":"publish","type":"product","link":"https:\/\/cormac.eu\/pl\/product\/wrap-around-machines\/","title":{"rendered":"Owijanie wok\u00f3\u0142 maszyn"},"content":{"rendered":"<p>Maszyny owijaj\u0105ce s\u0105 zaprojektowane do formowania, \u0142adowania i zamykania opakowa\u0144 transportowych lub ekspozycyjnych, zaczynaj\u0105c od pojedynczego p\u0142askiego kartonu. Wykr\u00f3j ten jest owijany wok\u00f3\u0142 produktu lub grupy produkt\u00f3w, a nast\u0119pnie przenoszony do kolejnych stacji w celu zamkni\u0119cia za pomoc\u0105 kleju topliwego. Maszyny te s\u0105 bardzo elastyczne i pozwalaj\u0105 na realizacj\u0119 r\u00f3\u017cnych rodzaj\u00f3w opakowa\u0144, takich jak kompletne pude\u0142ka, tacki, tacki + pokrywki, pude\u0142ka ekspozycyjne itp. z szybkimi i ograniczonymi operacjami zmiany formatu.<\/p>\n<p>DOST\u0118PNE MODELE:<\/p>\n<ul>\n<li>Owijarka z pojedynczym magazynkiem<\/li>\n<li>Maszyna do owijania z podw\u00f3jnym magazynkiem na rozwi\u0105zania typu tacka + pokrywka<\/li>\n<\/ul>\n<p>&nbsp;<\/p>\n<table style=\"height: 298px\" width=\"800\">\n<tbody>\n<tr>\n<td width=\"264\"><strong>F<\/strong><strong>cechy<\/strong><\/td>\n<td width=\"340\"><strong>Korzy\u015bci<\/strong><\/td>\n<\/tr>\n<tr>\n<td width=\"264\">\u00a0Kontrola pr\u0119dko\u015bci<\/td>\n<td width=\"340\">Regulowana pr\u0119dko\u015b\u0107<\/td>\n<\/tr>\n<tr>\n<td width=\"264\">Szybka zmiana<\/td>\n<td width=\"340\">\u015arednia zmiana w czasie 5-10 minut<\/td>\n<\/tr>\n<tr>\n<td width=\"264\">Opcje \u0142adowania od g\u00f3ry lub z boku<\/td>\n<td width=\"340\">Najlepsza mo\u017cliwa metoda \u0142adowania produktu\/pojemnika<\/td>\n<\/tr>\n<tr>\n<td width=\"264\">Bezstopniowa konstrukcja z malowanej stali<\/td>\n<td width=\"340\">Odpowiedni dla r\u00f3\u017cnych bran\u017c<\/td>\n<\/tr>\n<\/tbody>\n<\/table>","protected":false},"excerpt":{"rendered":"<p>Maszyna do owijania pobiera p\u00f3\u0142fabrykat z magazynu i owija go wok\u00f3\u0142 produktu, grupy produkt\u00f3w lub opakowania zawieraj\u0105cego produkty.<\/p>","protected":false},"featured_media":4035,"comment_status":"open","ping_status":"closed","template":"","meta":{"uix_meta_title":"","uix_meta_description":"","uix_canonical_url":""},"product_brand":[],"product_cat":[114],"product_tag":[],"class_list":{"0":"post-4061","1":"product","2":"type-product","3":"status-publish","4":"has-post-thumbnail","6":"product_cat-secondary-packaging","8":"first","9":"instock","10":"shipping-taxable","11":"product-type-simple"},"_links":{"self":[{"href":"https:\/\/cormac.eu\/pl\/wp-json\/wp\/v2\/product\/4061","targetHints":{"allow":["GET"]}}],"collection":[{"href":"https:\/\/cormac.eu\/pl\/wp-json\/wp\/v2\/product"}],"about":[{"href":"https:\/\/cormac.eu\/pl\/wp-json\/wp\/v2\/types\/product"}],"replies":[{"embeddable":true,"href":"https:\/\/cormac.eu\/pl\/wp-json\/wp\/v2\/comments?post=4061"}],"wp:featuredmedia":[{"embeddable":true,"href":"https:\/\/cormac.eu\/pl\/wp-json\/wp\/v2\/media\/4035"}],"wp:attachment":[{"href":"https:\/\/cormac.eu\/pl\/wp-json\/wp\/v2\/media?parent=4061"}],"wp:term":[{"taxonomy":"product_brand","embeddable":true,"href":"https:\/\/cormac.eu\/pl\/wp-json\/wp\/v2\/product_brand?post=4061"},{"taxonomy":"product_cat","embeddable":true,"href":"https:\/\/cormac.eu\/pl\/wp-json\/wp\/v2\/product_cat?post=4061"},{"taxonomy":"product_tag","embeddable":true,"href":"https:\/\/cormac.eu\/pl\/wp-json\/wp\/v2\/product_tag?post=4061"}],"curies":[{"name":"wp","href":"https:\/\/api.w.org\/{rel}","templated":true}]}}