{"id":4060,"date":"2023-11-10T14:19:52","date_gmt":"2023-11-10T13:19:52","guid":{"rendered":"https:\/\/cormac.eu\/?post_type=product&#038;p=4060"},"modified":"2023-11-10T14:25:30","modified_gmt":"2023-11-10T13:25:30","slug":"pakowacz-skrzyn","status":"publish","type":"product","link":"https:\/\/cormac.eu\/pl\/product\/case-packer\/","title":{"rendered":"Pakowacz skrzy\u0144"},"content":{"rendered":"<p>Maszyny do pakowania w kartony to urz\u0105dzenia ko\u0144cowe zaprojektowane do formowania i nape\u0142niania karton\u00f3w ameryka\u0144skich. Maszyny te otwieraj\u0105 wst\u0119pnie sklejon\u0105 skrzynk\u0119 i wk\u0142adaj\u0105 produkt (lub grup\u0119 produkt\u00f3w) do skrzynki za pomoc\u0105 systemu za\u0142adunku bocznego lub zrobotyzowanej jednostki za\u0142adunku g\u00f3rnego.<br \/>\nPude\u0142ko jest zamykane za pomoc\u0105 kleju topliwego lub ta\u015bmy samoprzylepnej. Te maszyny pakuj\u0105ce w kartony s\u0105 bardzo elastyczne, a zmiana formatu mo\u017ce by\u0107 \u0142atwo i szybko przeprowadzona w celu wydajnej obs\u0142ugi r\u00f3\u017cnych rodzaj\u00f3w produkt\u00f3w.<\/p>\n<p><img decoding=\"async\" class=\"alignnone size-medium wp-image-4033\" src=\"https:\/\/cormac.eu\/wp-content\/uploads\/2023\/11\/case-packer-process-300x159.jpg\" alt=\"\" width=\"300\" height=\"159\" srcset=\"https:\/\/cormac.eu\/wp-content\/uploads\/2023\/11\/case-packer-process-300x159.jpg 300w, https:\/\/cormac.eu\/wp-content\/uploads\/2023\/11\/case-packer-process.jpg 437w\" sizes=\"(max-width: 300px) 100vw, 300px\" \/><\/p>\n<p>&nbsp;<\/p>\n<p>DOST\u0118PNE MODELE:<\/p>\n<ul>\n<li>Maszyna do pakowania pude\u0142ek z zamkni\u0119ciem za pomoc\u0105 kleju topliwego<\/li>\n<li>Maszyna do pakowania pude\u0142ek z zamkni\u0119ciem za pomoc\u0105 ta\u015bmy samoprzylepnej<\/li>\n<\/ul>\n<p>&nbsp;<\/p>\n<table style=\"height: 311px\" width=\"730\">\n<tbody>\n<tr>\n<td width=\"264\"><strong>F<\/strong><strong>cechy<\/strong><\/td>\n<td width=\"340\"><strong>Korzy\u015bci<\/strong><\/td>\n<\/tr>\n<tr>\n<td width=\"264\">\u00a0Kontrola pr\u0119dko\u015bci<\/td>\n<td width=\"340\">Regulowana pr\u0119dko\u015b\u0107<\/td>\n<\/tr>\n<tr>\n<td width=\"264\">Szybka zmiana<\/td>\n<td width=\"340\">\u015arednia zmiana w czasie 5-10 minut<\/td>\n<\/tr>\n<tr>\n<td width=\"264\">Opcje \u0142adowania od g\u00f3ry lub z boku<\/td>\n<td width=\"340\">Najlepsza mo\u017cliwa metoda \u0142adowania produktu\/pojemnika<\/td>\n<\/tr>\n<tr>\n<td width=\"264\">Bezstopniowa konstrukcja z malowanej stali<\/td>\n<td width=\"340\">Odpowiedni dla r\u00f3\u017cnych bran\u017c<\/td>\n<\/tr>\n<\/tbody>\n<\/table>","protected":false},"excerpt":{"rendered":"<p>Maszyna do formowania ameryka\u0144skich skrzynek z bloku i \u0142adowania ich z boku lub od g\u00f3ry.<\/p>","protected":false},"featured_media":4034,"comment_status":"open","ping_status":"closed","template":"","meta":{"uix_meta_title":"","uix_meta_description":"","uix_canonical_url":""},"product_brand":[],"product_cat":[114],"product_tag":[],"class_list":{"0":"post-4060","1":"product","2":"type-product","3":"status-publish","4":"has-post-thumbnail","6":"product_cat-secondary-packaging","8":"first","9":"instock","10":"shipping-taxable","11":"product-type-simple"},"_links":{"self":[{"href":"https:\/\/cormac.eu\/pl\/wp-json\/wp\/v2\/product\/4060","targetHints":{"allow":["GET"]}}],"collection":[{"href":"https:\/\/cormac.eu\/pl\/wp-json\/wp\/v2\/product"}],"about":[{"href":"https:\/\/cormac.eu\/pl\/wp-json\/wp\/v2\/types\/product"}],"replies":[{"embeddable":true,"href":"https:\/\/cormac.eu\/pl\/wp-json\/wp\/v2\/comments?post=4060"}],"wp:featuredmedia":[{"embeddable":true,"href":"https:\/\/cormac.eu\/pl\/wp-json\/wp\/v2\/media\/4034"}],"wp:attachment":[{"href":"https:\/\/cormac.eu\/pl\/wp-json\/wp\/v2\/media?parent=4060"}],"wp:term":[{"taxonomy":"product_brand","embeddable":true,"href":"https:\/\/cormac.eu\/pl\/wp-json\/wp\/v2\/product_brand?post=4060"},{"taxonomy":"product_cat","embeddable":true,"href":"https:\/\/cormac.eu\/pl\/wp-json\/wp\/v2\/product_cat?post=4060"},{"taxonomy":"product_tag","embeddable":true,"href":"https:\/\/cormac.eu\/pl\/wp-json\/wp\/v2\/product_tag?post=4060"}],"curies":[{"name":"wp","href":"https:\/\/api.w.org\/{rel}","templated":true}]}}