{"id":4058,"date":"2023-11-10T13:26:28","date_gmt":"2023-11-10T12:26:28","guid":{"rendered":"https:\/\/cormac.eu\/?post_type=product&#038;p=4058"},"modified":"2023-11-10T13:36:51","modified_gmt":"2023-11-10T12:36:51","slug":"kompletna-linia-do-pakowania-wtornego","status":"publish","type":"product","link":"https:\/\/cormac.eu\/pl\/product\/complete-secondary-packaging-line\/","title":{"rendered":"Kompletna linia do pakowania wt\u00f3rnego"},"content":{"rendered":"<p>Wszystkie pojedyncze maszyny z dost\u0119pnej gamy maszyn do pakowania wt\u00f3rnego do r\u00f3\u017cnych zastosowa\u0144 mo\u017cna po\u0142\u0105czy\u0107 w jedn\u0105 kompletn\u0105 lini\u0119 pakuj\u0105c\u0105 \"pod klucz\". W takich kompletnych liniach wykorzystujemy w\u0142asnej konstrukcji dwu- i trzyosiowe roboty do umieszczania i orientowania produkt\u00f3w w r\u00f3\u017cnych konfiguracjach pude\u0142ek. Jednostki \u0142aduj\u0105ce mog\u0105 by\u0107 zrobotyzowane lub automatyczne. Nasz dzia\u0142 badawczo-rozwojowy projektuje i rozwija kompletne linie, tworz\u0105c rozwi\u0105zania, kt\u00f3re koncentruj\u0105 si\u0119 na produkcie i opakowaniu klienta. Linie te mog\u0105 by\u0107 ca\u0142kowicie dostosowane i zaprojektowane w celu spe\u0142nienia potrzeb klienta, przy u\u017cyciu najbardziej zaawansowanych technologii. Dostarczaj\u0105c kompletne linie, gwarantujemy jednolito\u015b\u0107 w logice r\u00f3\u017cnych maszyn, jednolito\u015b\u0107 w zarz\u0105dzaniu projektami, szybk\u0105 obs\u0142ug\u0119 posprzeda\u017cn\u0105 i dedykowany zesp\u00f3\u0142, kt\u00f3ry szybko reaguje na potrzeby klienta w zakresie wsparcia.<\/p>\n<p>&nbsp;<\/p>\n<p><img fetchpriority=\"high\" decoding=\"async\" class=\"alignnone size-medium wp-image-4039\" src=\"https:\/\/cormac.eu\/wp-content\/uploads\/2023\/11\/Robotic-loading-process-288x300.jpg\" alt=\"\" width=\"288\" height=\"300\" srcset=\"https:\/\/cormac.eu\/wp-content\/uploads\/2023\/11\/Robotic-loading-process-288x300.jpg 288w, https:\/\/cormac.eu\/wp-content\/uploads\/2023\/11\/Robotic-loading-process.jpg 407w\" sizes=\"(max-width: 288px) 100vw, 288px\" \/><\/p>\n<p><strong>\u00a0<\/strong><\/p>\n<p><u>SYSTEMY, KT\u00d3RE MO\u017bNA ZINTEGROWA\u0106 Z KOMPLETNYMI LINIAMI:<\/u><\/p>\n<ul>\n<li>Systemy kontroli wagi<\/li>\n<li>Systemy wizyjne<\/li>\n<li>Systemy wyrzucania dla produkt\u00f3w niezgodnych<\/li>\n<li>Systemy etykietowania<\/li>\n<li>Systemy kodowania i drukowania<\/li>\n<li>Systemy paletyzacji<\/li>\n<\/ul>\n<p>&nbsp;<\/p>\n<table style=\"height: 307px\" width=\"805\">\n<tbody>\n<tr>\n<td width=\"264\"><strong>F<\/strong><strong>cechy<\/strong><\/td>\n<td width=\"340\"><strong>Korzy\u015bci<\/strong><\/td>\n<\/tr>\n<tr>\n<td width=\"264\">\u00a0Ca\u0142kowita in\u017cynieria kompletnych linii<\/td>\n<td width=\"340\">R\u00f3\u017cne rozwi\u0105zania opakowaniowe<\/td>\n<\/tr>\n<tr>\n<td width=\"264\">\u0141adowanie zrobotyzowane<\/td>\n<td width=\"340\">Szybki, wydajny, niezawodny<\/td>\n<\/tr>\n<tr>\n<td width=\"264\">Dostawa pod klucz<\/td>\n<td width=\"340\">Kompleksowy dostawca odpowiedzialny za projekt<\/td>\n<\/tr>\n<tr>\n<td width=\"264\">Konstrukcje ze stali nierdzewnej lub paitensowej<\/td>\n<td width=\"340\">Niezawodno\u015b\u0107 w bran\u017cy<\/td>\n<\/tr>\n<\/tbody>\n<\/table>","protected":false},"excerpt":{"rendered":"<p>Automatyczne formowanie karton\u00f3w, \u0142adowanie produkt\u00f3w za pomoc\u0105 zrobotyzowanych kom\u00f3rek pick and place lub innych system\u00f3w, w tym rozwi\u0105zania na ko\u0144cu linii, w tym paletyzacja.<\/p>","protected":false},"featured_media":4032,"comment_status":"open","ping_status":"closed","template":"","meta":{"uix_meta_title":"","uix_meta_description":"","uix_canonical_url":""},"product_brand":[],"product_cat":[114],"product_tag":[],"class_list":{"0":"post-4058","1":"product","2":"type-product","3":"status-publish","4":"has-post-thumbnail","6":"product_cat-secondary-packaging","8":"first","9":"instock","10":"shipping-taxable","11":"product-type-simple"},"_links":{"self":[{"href":"https:\/\/cormac.eu\/pl\/wp-json\/wp\/v2\/product\/4058","targetHints":{"allow":["GET"]}}],"collection":[{"href":"https:\/\/cormac.eu\/pl\/wp-json\/wp\/v2\/product"}],"about":[{"href":"https:\/\/cormac.eu\/pl\/wp-json\/wp\/v2\/types\/product"}],"replies":[{"embeddable":true,"href":"https:\/\/cormac.eu\/pl\/wp-json\/wp\/v2\/comments?post=4058"}],"wp:featuredmedia":[{"embeddable":true,"href":"https:\/\/cormac.eu\/pl\/wp-json\/wp\/v2\/media\/4032"}],"wp:attachment":[{"href":"https:\/\/cormac.eu\/pl\/wp-json\/wp\/v2\/media?parent=4058"}],"wp:term":[{"taxonomy":"product_brand","embeddable":true,"href":"https:\/\/cormac.eu\/pl\/wp-json\/wp\/v2\/product_brand?post=4058"},{"taxonomy":"product_cat","embeddable":true,"href":"https:\/\/cormac.eu\/pl\/wp-json\/wp\/v2\/product_cat?post=4058"},{"taxonomy":"product_tag","embeddable":true,"href":"https:\/\/cormac.eu\/pl\/wp-json\/wp\/v2\/product_tag?post=4058"}],"curies":[{"name":"wp","href":"https:\/\/api.w.org\/{rel}","templated":true}]}}