{"id":4054,"date":"2023-11-10T13:13:17","date_gmt":"2023-11-10T12:13:17","guid":{"rendered":"https:\/\/cormac.eu\/?post_type=product&#038;p=4054"},"modified":"2023-11-10T13:26:17","modified_gmt":"2023-11-10T12:26:17","slug":"maszyna-do-zamykania-pudelek","status":"publish","type":"product","link":"https:\/\/cormac.eu\/pl\/product\/box-closing-machine\/","title":{"rendered":"Maszyna do zamykania pude\u0142ek"},"content":{"rendered":"<p>Maszyny zamykaj\u0105ce s\u0105 przeznaczone do zamykania pude\u0142ek z pokrywami po nape\u0142nieniu ich produktami. Maszyny zamykaj\u0105ce mog\u0105 by\u0107 liniowe dla rozwi\u0105za\u0144 o du\u017cej pr\u0119dko\u015bci lub je\u015bli pude\u0142ka maj\u0105 pokrywki z 1 klapk\u0105.<br \/>\nMaszyny mog\u0105 by\u0107 k\u0105towe w przypadku pude\u0142 z pokrywami 3-klapowymi. Maszyny te maj\u0105 ruch ci\u0105g\u0142y. Pude\u0142ka mog\u0105 by\u0107 zamykane za pomoc\u0105 kleju topliwego lub systemu blokuj\u0105cego.<br \/>\nPr\u0119dko\u015b\u0107 jest regulowana elektronicznie do maksymalnie 200 pude\u0142ek na minut\u0119. Zmiana formatu jest szybka i \u0142atwa.<\/p>\n<p>Wydajno\u015b\u0107: Do 200 pude\u0142ek na minut\u0119.<\/p>\n<p><img decoding=\"async\" class=\"alignnone size-medium wp-image-4055\" src=\"https:\/\/cormac.eu\/wp-content\/uploads\/2023\/11\/closing-process-300x123.jpg\" alt=\"\" width=\"300\" height=\"123\" srcset=\"https:\/\/cormac.eu\/wp-content\/uploads\/2023\/11\/closing-process-300x123.jpg 300w, https:\/\/cormac.eu\/wp-content\/uploads\/2023\/11\/closing-process-600x245.jpg 600w, https:\/\/cormac.eu\/wp-content\/uploads\/2023\/11\/closing-process.jpg 644w\" sizes=\"(max-width: 300px) 100vw, 300px\" \/><\/p>\n<p>&nbsp;<\/p>\n<p>&nbsp;<\/p>\n<table style=\"height: 395px\" width=\"841\">\n<tbody>\n<tr>\n<td width=\"264\"><strong>F<\/strong><strong>cechy<\/strong><\/td>\n<td width=\"340\"><strong>Korzy\u015bci<\/strong><\/td>\n<\/tr>\n<tr>\n<td width=\"264\">Ruch przerywany lub ci\u0105g\u0142y<\/td>\n<td width=\"340\">Integracja systemu<\/td>\n<\/tr>\n<tr>\n<td width=\"264\">Kontrola pr\u0119dko\u015bci<\/td>\n<td width=\"340\">Regulowana pr\u0119dko\u015b\u0107<\/td>\n<\/tr>\n<tr>\n<td width=\"264\">Zamykanie za pomoc\u0105 kleju topliwego lub haczyk\u00f3w<\/td>\n<td width=\"340\">Bezpieczne zamkni\u0119cie i kreatywne projekty pude\u0142ek<\/td>\n<\/tr>\n<tr>\n<td width=\"264\">Szybka zmiana<\/td>\n<td width=\"340\">\u015arednia zmiana w czasie 5-10 minut<\/td>\n<\/tr>\n<tr>\n<td width=\"264\">Konstrukcja ze stali nierdzewnej lub malowanej<\/td>\n<td width=\"340\">Odpowiedni dla r\u00f3\u017cnych bran\u017c<\/td>\n<\/tr>\n<\/tbody>\n<\/table>\n<p>&nbsp;<\/p>\n<p>&nbsp;<\/p>","protected":false},"excerpt":{"rendered":"<p>Maszyna do zamykania nape\u0142nionych pude\u0142 i karton\u00f3w pokryw\u0105.<\/p>","protected":false},"featured_media":4057,"comment_status":"open","ping_status":"closed","template":"","meta":{"uix_meta_title":"","uix_meta_description":"","uix_canonical_url":""},"product_brand":[],"product_cat":[114],"product_tag":[],"class_list":{"0":"post-4054","1":"product","2":"type-product","3":"status-publish","4":"has-post-thumbnail","6":"product_cat-secondary-packaging","8":"first","9":"instock","10":"shipping-taxable","11":"product-type-simple"},"_links":{"self":[{"href":"https:\/\/cormac.eu\/pl\/wp-json\/wp\/v2\/product\/4054","targetHints":{"allow":["GET"]}}],"collection":[{"href":"https:\/\/cormac.eu\/pl\/wp-json\/wp\/v2\/product"}],"about":[{"href":"https:\/\/cormac.eu\/pl\/wp-json\/wp\/v2\/types\/product"}],"replies":[{"embeddable":true,"href":"https:\/\/cormac.eu\/pl\/wp-json\/wp\/v2\/comments?post=4054"}],"wp:featuredmedia":[{"embeddable":true,"href":"https:\/\/cormac.eu\/pl\/wp-json\/wp\/v2\/media\/4057"}],"wp:attachment":[{"href":"https:\/\/cormac.eu\/pl\/wp-json\/wp\/v2\/media?parent=4054"}],"wp:term":[{"taxonomy":"product_brand","embeddable":true,"href":"https:\/\/cormac.eu\/pl\/wp-json\/wp\/v2\/product_brand?post=4054"},{"taxonomy":"product_cat","embeddable":true,"href":"https:\/\/cormac.eu\/pl\/wp-json\/wp\/v2\/product_cat?post=4054"},{"taxonomy":"product_tag","embeddable":true,"href":"https:\/\/cormac.eu\/pl\/wp-json\/wp\/v2\/product_tag?post=4054"}],"curies":[{"name":"wp","href":"https:\/\/api.w.org\/{rel}","templated":true}]}}