{"id":4052,"date":"2023-11-10T13:00:26","date_gmt":"2023-11-10T12:00:26","guid":{"rendered":"https:\/\/cormac.eu\/?post_type=product&#038;p=4052"},"modified":"2023-11-10T14:17:50","modified_gmt":"2023-11-10T13:17:50","slug":"maszyna-do-formowania-obudow","status":"publish","type":"product","link":"https:\/\/cormac.eu\/pl\/product\/case-forming-machine\/","title":{"rendered":"Maszyna do formowania pude\u0142ek"},"content":{"rendered":"<p>Maszyny do formowania pude\u0142ek i tacek o specjalnych rozmiarach i kszta\u0142tach oraz do najr\u00f3\u017cniejszych zastosowa\u0144. Nasze maszyny formuj\u0105ce s\u0105 przeznaczone do produkcji kartonowych pude\u0142ek i tacek o zbie\u017cno\u015bci 90\u00b0 i 45\u00b0 lub z podw\u00f3jnymi \u015bciankami. Pude\u0142ka i tacki s\u0105 formowane z p\u0142askich wykroj\u00f3w za pomoc\u0105 kleju topliwego, kleju na zimno lub haczyk\u00f3w. Pr\u0119dko\u015b\u0107 jest regulowana elektronicznie do maksymalnie 60 uderze\u0144 na minut\u0119 z pojedyncz\u0105 g\u0142owic\u0105 formuj\u0105c\u0105. Dost\u0119pne s\u0105 r\u00f3wnie\u017c opcje z podw\u00f3jn\u0105 g\u0142owic\u0105 formuj\u0105c\u0105 (120 pude\u0142ek\/minut\u0119) lub potr\u00f3jn\u0105 g\u0142owic\u0105 formuj\u0105c\u0105 (180 pude\u0142ek\/minut\u0119), w zale\u017cno\u015bci od wymaganych pr\u0119dko\u015bci i w\u0142a\u015bciwo\u015bci p\u0142askich p\u00f3\u0142fabrykat\u00f3w. Zmiana formatu jest szybka i \u0142atwa. G\u0142owica formuj\u0105ca mo\u017ce by\u0107 sta\u0142a lub regulowana. Automatyczna zmiana formatu jest r\u00f3wnie\u017c dost\u0119pna jako opcja.  Dzi\u0119ki zautomatyzowanym i zrobotyzowanym systemom za\u0142adunku produktu, nasze maszyny formuj\u0105ce mog\u0105 by\u0107 zintegrowane z maszynami zamykaj\u0105cymi i zakrywaj\u0105cymi, tworz\u0105c kompletne linie pakuj\u0105ce.<\/p>\n<p><img decoding=\"async\" class=\"alignnone wp-image-4053\" src=\"https:\/\/cormac.eu\/wp-content\/uploads\/2023\/11\/product-line-case-forming-300x48.jpg\" alt=\"\" width=\"337\" height=\"54\" srcset=\"https:\/\/cormac.eu\/wp-content\/uploads\/2023\/11\/product-line-case-forming-300x48.jpg 300w, https:\/\/cormac.eu\/wp-content\/uploads\/2023\/11\/product-line-case-forming-600x96.jpg 600w, https:\/\/cormac.eu\/wp-content\/uploads\/2023\/11\/product-line-case-forming.jpg 659w\" sizes=\"(max-width: 337px) 100vw, 337px\" \/><\/p>\n<p>DOST\u0118PNE MODELE:<\/p>\n<ul>\n<li>\u00a0Maszyny do formowania za pomoc\u0105 kleju topliwego<\/li>\n<li>Maszyna do formowania za pomoc\u0105 zimnego kleju, z lub bez jednostki sk\u0142adaj\u0105cej klapy<\/li>\n<li>Maszyna do formowania pude\u0142ek z klapk\u0105<\/li>\n<li>Maszyny formuj\u0105ce z pojedyncz\u0105 lub podw\u00f3jn\u0105 g\u0142owic\u0105 z zamkni\u0119ciem za pomoc\u0105 hak\u00f3w<\/li>\n<li>Maszyny do formowania pude\u0142ek o podw\u00f3jnych \u015bciankach z zamkni\u0119ciem blokuj\u0105cym<\/li>\n<li>SPECJALNE: Maszyny do formowania, w tym jednostki manipulacyjne, jednostki do sk\u0142adania bocznych klap, przegrody wewn\u0119trzne, jednostki pozycjonuj\u0105ce itp.<\/li>\n<\/ul>\n<p>&nbsp;<\/p>\n<table style=\"height: 515px\" width=\"870\">\n<tbody>\n<tr>\n<td width=\"264\"><strong>F<\/strong><strong>cechy<\/strong><\/td>\n<td width=\"340\"><strong>Korzy\u015bci<\/strong><\/td>\n<\/tr>\n<tr>\n<td width=\"264\">R\u00f3\u017cne metody klejenia<\/td>\n<td width=\"340\">Klej topliwy, klej na zimno lub haczyki<\/td>\n<\/tr>\n<tr>\n<td width=\"264\">Regulowana pr\u0119dko\u015b\u0107<\/td>\n<td width=\"340\">Kontrola pr\u0119dko\u015bci<\/td>\n<\/tr>\n<tr>\n<td width=\"264\">Pojedyncze, podw\u00f3jne i potr\u00f3jne g\u0142owice formuj\u0105ce<\/td>\n<td width=\"340\">Wyb\u00f3r r\u00f3\u017cnych wydajno\u015bci<\/td>\n<\/tr>\n<tr>\n<td width=\"264\">Szybka zmiana<\/td>\n<td width=\"340\">Zmiana formatu 5-10 minut<\/td>\n<\/tr>\n<tr>\n<td width=\"264\">Mo\u017cliwa integracja<\/td>\n<td width=\"340\">Do tworzenia kompletnych linii pakuj\u0105cych<\/td>\n<\/tr>\n<tr>\n<td width=\"264\">In\u017cynieria specjalna<\/td>\n<td width=\"340\">Mo\u017cliwe r\u00f3\u017cne konfiguracje<\/td>\n<\/tr>\n<tr>\n<td width=\"264\">Konstrukcja ze stali nierdzewnej lub malowanej<\/td>\n<td width=\"340\">Odpowiedni dla r\u00f3\u017cnych bran\u017c<\/td>\n<\/tr>\n<\/tbody>\n<\/table>\n<p>&nbsp;<\/p>","protected":false},"excerpt":{"rendered":"<p>Maszyny do formowania pude\u0142ek i tacek o specjalnych rozmiarach i kszta\u0142tach, pocz\u0105wszy od p\u0142askich p\u00f3\u0142fabrykat\u00f3w.<\/p>","protected":false},"featured_media":4029,"comment_status":"open","ping_status":"closed","template":"","meta":{"uix_meta_title":"","uix_meta_description":"","uix_canonical_url":""},"product_brand":[],"product_cat":[114],"product_tag":[],"class_list":{"0":"post-4052","1":"product","2":"type-product","3":"status-publish","4":"has-post-thumbnail","6":"product_cat-secondary-packaging","8":"first","9":"instock","10":"shipping-taxable","11":"product-type-simple"},"_links":{"self":[{"href":"https:\/\/cormac.eu\/pl\/wp-json\/wp\/v2\/product\/4052","targetHints":{"allow":["GET"]}}],"collection":[{"href":"https:\/\/cormac.eu\/pl\/wp-json\/wp\/v2\/product"}],"about":[{"href":"https:\/\/cormac.eu\/pl\/wp-json\/wp\/v2\/types\/product"}],"replies":[{"embeddable":true,"href":"https:\/\/cormac.eu\/pl\/wp-json\/wp\/v2\/comments?post=4052"}],"wp:featuredmedia":[{"embeddable":true,"href":"https:\/\/cormac.eu\/pl\/wp-json\/wp\/v2\/media\/4029"}],"wp:attachment":[{"href":"https:\/\/cormac.eu\/pl\/wp-json\/wp\/v2\/media?parent=4052"}],"wp:term":[{"taxonomy":"product_brand","embeddable":true,"href":"https:\/\/cormac.eu\/pl\/wp-json\/wp\/v2\/product_brand?post=4052"},{"taxonomy":"product_cat","embeddable":true,"href":"https:\/\/cormac.eu\/pl\/wp-json\/wp\/v2\/product_cat?post=4052"},{"taxonomy":"product_tag","embeddable":true,"href":"https:\/\/cormac.eu\/pl\/wp-json\/wp\/v2\/product_tag?post=4052"}],"curies":[{"name":"wp","href":"https:\/\/api.w.org\/{rel}","templated":true}]}}