{"id":4048,"date":"2023-11-10T12:43:37","date_gmt":"2023-11-10T11:43:37","guid":{"rendered":"https:\/\/cormac.eu\/?post_type=product&#038;p=4048"},"modified":"2023-11-10T12:59:40","modified_gmt":"2023-11-10T11:59:40","slug":"maszyna-kartonujaca-2","status":"publish","type":"product","link":"https:\/\/cormac.eu\/pl\/product\/cartoning-machine\/","title":{"rendered":"Maszyna kartonuj\u0105ca"},"content":{"rendered":"<p>Gama maszyn kartonuj\u0105cych obejmuje maszyny o ruchu przerywanym, przerywanym z wieloma skokami i ci\u0105g\u0142ym. Ruch zale\u017cy od specyfikacji produktu i wymaganej pr\u0119dko\u015bci, kt\u00f3ra mo\u017ce osi\u0105gn\u0105\u0107 do 300 sztuk na minut\u0119<em>.<br \/>\n<\/em>Maszyny kartonuj\u0105ce s\u0105 dedykowane do <strong>\u0142adowanie boczne<\/strong> i zamykanie wst\u0119pnie sklejonych karton\u00f3w za pomoc\u0105 kleju topliwego lub systemu blokuj\u0105cego. Zmiana formatu jest szybka i \u0142atwa<em>. <\/em>Wszystkie modele maszyn kartonuj\u0105cych s\u0105 dost\u0119pne z r\u00f3\u017cnymi skokami maszyny, aby zaspokoi\u0107 r\u00f3\u017cne potrzeby klienta<em>. <\/em>Dost\u0119pne s\u0105 r\u00f3\u017cne rozwi\u0105zania podawania produktu. Specjalne wykonania dla specjalnych wymiar\u00f3w lub kszta\u0142t\u00f3w skrzynek mog\u0105 by\u0107 analizowane.<\/p>\n<p><img decoding=\"async\" class=\"alignnone size-medium wp-image-4051\" src=\"https:\/\/cormac.eu\/wp-content\/uploads\/2023\/11\/carton-loading-process-300x91.jpg\" alt=\"\" width=\"300\" height=\"91\" srcset=\"https:\/\/cormac.eu\/wp-content\/uploads\/2023\/11\/carton-loading-process-300x91.jpg 300w, https:\/\/cormac.eu\/wp-content\/uploads\/2023\/11\/carton-loading-process.jpg 538w\" sizes=\"(max-width: 300px) 100vw, 300px\" \/><\/p>\n<p>Mo\u017cliwo\u015bci\/modele<\/p>\n<ul>\n<li>Model CCM100: maszyna do ci\u0105g\u0142ego kartonowania, maks. pr\u0119dko\u015b\u0107 300 str.<\/li>\n<li>Model ICMMP100: maszyna do kartonowania z przerwami, wiele podzia\u0142ek, maks. pr\u0119dko\u015b\u0107 90 str.<\/li>\n<li>Model ICM100: przerywana maszyna kartonuj\u0105ca, maks. pr\u0119dko\u015b\u0107 60 str.<\/li>\n<li>Wykonania specjalne: na \u017cyczenie<\/li>\n<\/ul>\n<p>&nbsp;<\/p>\n<table style=\"height: 487px\" width=\"698\">\n<tbody>\n<tr>\n<td width=\"264\"><strong>F<\/strong><strong>cechy<\/strong><\/td>\n<td width=\"340\"><strong>Korzy\u015bci<\/strong><\/td>\n<\/tr>\n<tr>\n<td width=\"264\">Ruch przerywany lub ci\u0105g\u0142y<\/td>\n<td width=\"340\">Integracja systemu<\/td>\n<\/tr>\n<tr>\n<td width=\"264\">Zrobotyzowany za\u0142adunek produkt\u00f3w<\/td>\n<td width=\"340\">Wydajny, higieniczny, szybki<\/td>\n<\/tr>\n<tr>\n<td width=\"264\">Niestandardowe \u0142adowanie produkt\u00f3w<\/td>\n<td width=\"340\">\u0141adowanie produktu zgodnie z wymaganiami klienta<\/td>\n<\/tr>\n<tr>\n<td width=\"264\">Elektroniczna kontrola pr\u0119dko\u015bci<\/td>\n<td width=\"340\">Regulowana pr\u0119dko\u015b\u0107<\/td>\n<\/tr>\n<tr>\n<td width=\"264\">Zamykanie za pomoc\u0105 kleju topliwego<\/td>\n<td width=\"340\">Niezawodna metoda klejenia<\/td>\n<\/tr>\n<tr>\n<td width=\"264\">Szybka zmiana<\/td>\n<td width=\"340\">\u015arednia zmiana w czasie 5-10 minut<\/td>\n<\/tr>\n<tr>\n<td width=\"264\">Konstrukcja stalowa lub malowana<\/td>\n<td width=\"340\">Odpowiedni dla r\u00f3\u017cnych bran\u017c<\/td>\n<\/tr>\n<\/tbody>\n<\/table>","protected":false},"excerpt":{"rendered":"<p>Maszyna przeznaczona do bocznego za\u0142adunku produkt\u00f3w do wst\u0119pnie sklejonych karton\u00f3w i ich zamykania.<\/p>","protected":false},"featured_media":4028,"comment_status":"open","ping_status":"closed","template":"","meta":{"uix_meta_title":"","uix_meta_description":"","uix_canonical_url":""},"product_brand":[],"product_cat":[114],"product_tag":[300,271,299],"class_list":{"0":"post-4048","1":"product","2":"type-product","3":"status-publish","4":"has-post-thumbnail","6":"product_cat-secondary-packaging","7":"product_tag-cartoning","8":"product_tag-packaging-lines","9":"product_tag-secondary-packaging","11":"first","12":"instock","13":"shipping-taxable","14":"product-type-simple"},"_links":{"self":[{"href":"https:\/\/cormac.eu\/pl\/wp-json\/wp\/v2\/product\/4048","targetHints":{"allow":["GET"]}}],"collection":[{"href":"https:\/\/cormac.eu\/pl\/wp-json\/wp\/v2\/product"}],"about":[{"href":"https:\/\/cormac.eu\/pl\/wp-json\/wp\/v2\/types\/product"}],"replies":[{"embeddable":true,"href":"https:\/\/cormac.eu\/pl\/wp-json\/wp\/v2\/comments?post=4048"}],"wp:featuredmedia":[{"embeddable":true,"href":"https:\/\/cormac.eu\/pl\/wp-json\/wp\/v2\/media\/4028"}],"wp:attachment":[{"href":"https:\/\/cormac.eu\/pl\/wp-json\/wp\/v2\/media?parent=4048"}],"wp:term":[{"taxonomy":"product_brand","embeddable":true,"href":"https:\/\/cormac.eu\/pl\/wp-json\/wp\/v2\/product_brand?post=4048"},{"taxonomy":"product_cat","embeddable":true,"href":"https:\/\/cormac.eu\/pl\/wp-json\/wp\/v2\/product_cat?post=4048"},{"taxonomy":"product_tag","embeddable":true,"href":"https:\/\/cormac.eu\/pl\/wp-json\/wp\/v2\/product_tag?post=4048"}],"curies":[{"name":"wp","href":"https:\/\/api.w.org\/{rel}","templated":true}]}}