{"id":4006,"date":"2023-11-02T21:54:50","date_gmt":"2023-11-02T20:54:50","guid":{"rendered":"https:\/\/cormac.eu\/?post_type=product&#038;p=4006"},"modified":"2023-11-02T22:35:46","modified_gmt":"2023-11-02T21:35:46","slug":"kcm-omega-chocolate-depositor-2","status":"publish","type":"product","link":"https:\/\/cormac.eu\/pl\/product\/kcm-omega-chocolate-depositor\/","title":{"rendered":"Depozytariusz czekolady KCM Omega"},"content":{"rendered":"<p>KCM 9\/18 Omega jest doskona\u0142ym narz\u0119dziem do rzemie\u015blniczej produkcji jednorazowo nape\u0142nianych produkt\u00f3w. Zawiera w pe\u0142ni nap\u0119dzany serwomechanizmem deponator z opatentowanym systemem obrotowego t\u0142oka. Smuk\u0142a obudowa mie\u015bci si\u0119 w najmniejszym rogu i jest umieszczona na k\u00f3\u0142kach, dzi\u0119ki czemu mo\u017cna j\u0105 przemieszcza\u0107. Zintegrowana os\u0142ona bezpiecze\u0144stwa umo\u017cliwia pe\u0142ny dost\u0119p do zbiornik\u00f3w podczas produkcji. Depozytor ma tulej\u0119 cylindrow\u0105 o \u015brednicy 35 mm z mo\u017cliwo\u015bci\u0105 wyboru 3 r\u00f3\u017cnych \u015brednic t\u0142oka 10\/20\/25 mm. D\u0142ugo\u015b\u0107 skoku t\u0142ok\u00f3w wynosi 32 mm. Maszyna umo\u017cliwia optymaln\u0105 przepustowo\u015b\u0107 dla produkt\u00f3w z wtr\u0105ceniami. Posiada indywidualn\u0105 aktywacj\u0119 t\u0142oka z opatentowanym systemem sprz\u0119g\u0142a. Szyny boczne s\u0105 regulowane w zakresie od 380 do 275 mm. Pozwala to na stosowanie standardowych form, form pr\u00f3\u017cniowych i p\u0142yt!<\/p>\n<p>&nbsp;<\/p>\n<table style=\"height: 366px\" width=\"879\">\n<tbody>\n<tr>\n<td width=\"197\">\u00a0<strong>Cechy<\/strong><\/td>\n<td width=\"197\">\u00a0<strong>Korzy\u015bci<\/strong><\/td>\n<\/tr>\n<tr>\n<td>Maszyna na k\u00f3\u0142kach<\/td>\n<td>\n<ul>\n<li>\u0142atwe poruszanie si\u0119<\/li>\n<\/ul>\n<\/td>\n<\/tr>\n<tr>\n<td>System t\u0142ok\u00f3w obrotowych<\/td>\n<td>\n<ul>\n<li>najwy\u017csza dok\u0142adno\u015b\u0107<\/li>\n<\/ul>\n<\/td>\n<\/tr>\n<tr>\n<td>Wspornikowy blok t\u0142oka<\/td>\n<td>\n<ul>\n<li>\u0142atwy dost\u0119p<\/li>\n<li>\u0142atwe czyszczenie<\/li>\n<\/ul>\n<\/td>\n<\/tr>\n<tr>\n<td>Mocowanie p\u0142ytki dyszy z centralnym systemem blokady<\/td>\n<td>\n<ul>\n<li>Szybka wymiana p\u0142ytki dyszy<\/li>\n<\/ul>\n<\/td>\n<\/tr>\n<\/tbody>\n<\/table>\n<p>&nbsp;<\/p>\n<p>&nbsp;<\/p>","protected":false},"excerpt":{"rendered":"<p>Bardzo dok\u0142adny i mobilny jednostrza\u0142owy dozownik czekolady dla ambitnych czekoladnik\u00f3w.<\/p>","protected":false},"featured_media":4025,"comment_status":"open","ping_status":"closed","template":"","meta":{"uix_meta_title":"","uix_meta_description":"","uix_canonical_url":""},"product_brand":[],"product_cat":[107,104],"product_tag":[],"class_list":{"0":"post-4006","1":"product","2":"type-product","3":"status-publish","4":"has-post-thumbnail","6":"product_cat-artisanal","7":"product_cat-processing","9":"first","10":"instock","11":"shipping-taxable","12":"product-type-simple"},"_links":{"self":[{"href":"https:\/\/cormac.eu\/pl\/wp-json\/wp\/v2\/product\/4006","targetHints":{"allow":["GET"]}}],"collection":[{"href":"https:\/\/cormac.eu\/pl\/wp-json\/wp\/v2\/product"}],"about":[{"href":"https:\/\/cormac.eu\/pl\/wp-json\/wp\/v2\/types\/product"}],"replies":[{"embeddable":true,"href":"https:\/\/cormac.eu\/pl\/wp-json\/wp\/v2\/comments?post=4006"}],"wp:featuredmedia":[{"embeddable":true,"href":"https:\/\/cormac.eu\/pl\/wp-json\/wp\/v2\/media\/4025"}],"wp:attachment":[{"href":"https:\/\/cormac.eu\/pl\/wp-json\/wp\/v2\/media?parent=4006"}],"wp:term":[{"taxonomy":"product_brand","embeddable":true,"href":"https:\/\/cormac.eu\/pl\/wp-json\/wp\/v2\/product_brand?post=4006"},{"taxonomy":"product_cat","embeddable":true,"href":"https:\/\/cormac.eu\/pl\/wp-json\/wp\/v2\/product_cat?post=4006"},{"taxonomy":"product_tag","embeddable":true,"href":"https:\/\/cormac.eu\/pl\/wp-json\/wp\/v2\/product_tag?post=4006"}],"curies":[{"name":"wp","href":"https:\/\/api.w.org\/{rel}","templated":true}]}}