{"id":3987,"date":"2023-10-27T14:59:24","date_gmt":"2023-10-27T12:59:24","guid":{"rendered":"https:\/\/cormac.eu\/?post_type=product&#038;p=3987"},"modified":"2023-10-27T15:28:07","modified_gmt":"2023-10-27T13:28:07","slug":"mlyn-kulowy","status":"publish","type":"product","link":"https:\/\/cormac.eu\/pl\/product\/ball-mill\/","title":{"rendered":"M\u0142yn kulowy"},"content":{"rendered":"<p>M\u0142yn kulowy o pojemno\u015bci 20-50 KG odpowiedni dla ma\u0142ych i \u015brednich producent\u00f3w czekolady i cukierni. Maszyna mo\u017ce rafinowa\u0107 kremy, masy czekoladowe, kremy czekoladowe i r\u00f3\u017cnego rodzaju glazury do grubo\u015bci 20 mikron\u00f3w. Maszyna jest solidna, niezawodna i \u0142atwa w obs\u0142udze. Jej zasilanie jest ustawione na 220 V, co sprawia, \u017ce mo\u017cna j\u0105 \u0142atwo pod\u0142\u0105czy\u0107 do dowolnego zak\u0142adu produkcyjnego.<\/p>\n<p>&nbsp;<\/p>\n<table width=\"491\">\n<tbody>\n<tr>\n<td width=\"246\"><strong>Cechy<\/strong><\/td>\n<td width=\"246\"><strong>Korzy\u015bci<\/strong><\/td>\n<\/tr>\n<tr>\n<td width=\"246\">Kompaktowa konstrukcja<\/td>\n<td width=\"246\">\u0141atwy do umieszczenia i obs\u0142ugi<\/td>\n<\/tr>\n<tr>\n<td width=\"246\">Zasilanie 220 V<\/td>\n<td width=\"246\">Mo\u017ce by\u0107 u\u017cywany w ka\u017cdym obiekcie, warsztacie lub laboratorium<\/td>\n<\/tr>\n<tr>\n<td width=\"246\"><\/td>\n<td width=\"246\"><\/td>\n<\/tr>\n<tr>\n<td width=\"246\">Wymiary<\/td>\n<td width=\"246\">D\u0142. 875 x szer. 675 x wys. 1100 mm<\/td>\n<\/tr>\n<tr>\n<td width=\"246\">Waga<\/td>\n<td width=\"246\">340 kg<\/td>\n<\/tr>\n<\/tbody>\n<\/table>","protected":false},"excerpt":{"rendered":"<p>Rafinator kulowy o niskiej wydajno\u015bci dla ma\u0142ych i \u015brednich producent\u00f3w czekolady i cukierni.<\/p>","protected":false},"featured_media":3986,"comment_status":"open","ping_status":"closed","template":"","meta":{"uix_meta_title":"","uix_meta_description":"","uix_canonical_url":""},"product_brand":[],"product_cat":[104],"product_tag":[],"class_list":{"0":"post-3987","1":"product","2":"type-product","3":"status-publish","4":"has-post-thumbnail","6":"product_cat-processing","8":"first","9":"instock","10":"shipping-taxable","11":"product-type-simple"},"_links":{"self":[{"href":"https:\/\/cormac.eu\/pl\/wp-json\/wp\/v2\/product\/3987","targetHints":{"allow":["GET"]}}],"collection":[{"href":"https:\/\/cormac.eu\/pl\/wp-json\/wp\/v2\/product"}],"about":[{"href":"https:\/\/cormac.eu\/pl\/wp-json\/wp\/v2\/types\/product"}],"replies":[{"embeddable":true,"href":"https:\/\/cormac.eu\/pl\/wp-json\/wp\/v2\/comments?post=3987"}],"wp:featuredmedia":[{"embeddable":true,"href":"https:\/\/cormac.eu\/pl\/wp-json\/wp\/v2\/media\/3986"}],"wp:attachment":[{"href":"https:\/\/cormac.eu\/pl\/wp-json\/wp\/v2\/media?parent=3987"}],"wp:term":[{"taxonomy":"product_brand","embeddable":true,"href":"https:\/\/cormac.eu\/pl\/wp-json\/wp\/v2\/product_brand?post=3987"},{"taxonomy":"product_cat","embeddable":true,"href":"https:\/\/cormac.eu\/pl\/wp-json\/wp\/v2\/product_cat?post=3987"},{"taxonomy":"product_tag","embeddable":true,"href":"https:\/\/cormac.eu\/pl\/wp-json\/wp\/v2\/product_tag?post=3987"}],"curies":[{"name":"wp","href":"https:\/\/api.w.org\/{rel}","templated":true}]}}