{"id":3938,"date":"2023-05-19T10:50:29","date_gmt":"2023-05-19T08:50:29","guid":{"rendered":"https:\/\/cormac.eu\/?post_type=product&#038;p=3938"},"modified":"2023-05-25T21:10:07","modified_gmt":"2023-05-25T19:10:07","slug":"automatyczny-podajnik-slimakow-2","status":"publish","type":"product","link":"https:\/\/cormac.eu\/pl\/product\/automatic-slug-feeder\/","title":{"rendered":"Automatyczny podajnik \u015blimak\u00f3w"},"content":{"rendered":"<p>Podajnik \u015blimakowy nale\u017cy do kategorii system\u00f3w podawania. Jest to pionowa jednostka \u0142aduj\u0105ca i podaj\u0105ca, zainstalowana mi\u0119dzy ko\u0144cem linii produkcyjnej a maszyn\u0105 pakuj\u0105c\u0105 \/ flowpack.<br \/>\nPodajnik \u015blimakowy automatycznie tworzy porcje produkt\u00f3w na kraw\u0119dzi. Te \u015blimaki s\u0105 nast\u0119pnie automatycznie przenoszone na przeno\u015bnik ta\u015bmowy za po\u015brednictwem jednostki transferowej 90\u00b0. Podajniki \u015blimakowe mog\u0105 mie\u0107 od 2 do 16 kana\u0142\u00f3w, w zale\u017cno\u015bci od liczby pas\u00f3w przychodz\u0105cego produktu i ich pr\u0119dko\u015bci. Jednostki mog\u0105 by\u0107 r\u00f3wnie\u017c u\u017cywane do umieszczania produkt\u00f3w na tacach.<\/p>\n<p><strong>Zakres wydajno\u015bci<\/strong>: Na zam\u00f3wienie \/ na \u017c\u0105danie<\/p>\n<p>&nbsp;<\/p>\n<table>\n<tbody>\n<tr>\n<td><strong>Cechy<\/strong><\/td>\n<td><strong>Korzy\u015bci<\/strong><\/td>\n<\/tr>\n<tr>\n<td>Regulacja d\u0142ugo\u015bci stosu<\/td>\n<td>Kompensacja odchyle\u0144 grubo\u015bci produktu<\/td>\n<\/tr>\n<tr>\n<td>Modu\u0142owa konstrukcja<\/td>\n<td>Dost\u0119pne w r\u00f3\u017cnych konfiguracjach<\/td>\n<\/tr>\n<\/tbody>\n<\/table>","protected":false},"excerpt":{"rendered":"<p>The slug feeder belongs to the category of Handling Feeding Systems. It is a vertical loading and feeding unit, installed between the outfeed end of a production line and the packaging \/ flowpack machine. The Slug feeder automatically creates portions of products on edge. These slugs are then automatically transferred to the flighted conveyor via [&hellip;]<\/p>\n","protected":false},"featured_media":3897,"comment_status":"open","ping_status":"closed","template":"","meta":{"uix_meta_title":"","uix_meta_description":"","uix_canonical_url":""},"product_brand":[],"product_cat":[105],"product_tag":[265,266,271,279],"class_list":{"0":"post-3938","1":"product","2":"type-product","3":"status-publish","4":"has-post-thumbnail","6":"product_cat-packaging","7":"product_tag-flowpack","8":"product_tag-flowwrapping","9":"product_tag-packaging-lines","10":"product_tag-slug-feeder","12":"first","13":"instock","14":"shipping-taxable","15":"product-type-simple"},"_links":{"self":[{"href":"https:\/\/cormac.eu\/pl\/wp-json\/wp\/v2\/product\/3938","targetHints":{"allow":["GET"]}}],"collection":[{"href":"https:\/\/cormac.eu\/pl\/wp-json\/wp\/v2\/product"}],"about":[{"href":"https:\/\/cormac.eu\/pl\/wp-json\/wp\/v2\/types\/product"}],"replies":[{"embeddable":true,"href":"https:\/\/cormac.eu\/pl\/wp-json\/wp\/v2\/comments?post=3938"}],"wp:featuredmedia":[{"embeddable":true,"href":"https:\/\/cormac.eu\/pl\/wp-json\/wp\/v2\/media\/3897"}],"wp:attachment":[{"href":"https:\/\/cormac.eu\/pl\/wp-json\/wp\/v2\/media?parent=3938"}],"wp:term":[{"taxonomy":"product_brand","embeddable":true,"href":"https:\/\/cormac.eu\/pl\/wp-json\/wp\/v2\/product_brand?post=3938"},{"taxonomy":"product_cat","embeddable":true,"href":"https:\/\/cormac.eu\/pl\/wp-json\/wp\/v2\/product_cat?post=3938"},{"taxonomy":"product_tag","embeddable":true,"href":"https:\/\/cormac.eu\/pl\/wp-json\/wp\/v2\/product_tag?post=3938"}],"curies":[{"name":"wp","href":"https:\/\/api.w.org\/{rel}","templated":true}]}}