{"id":3936,"date":"2023-05-19T10:38:59","date_gmt":"2023-05-19T08:38:59","guid":{"rendered":"https:\/\/cormac.eu\/?post_type=product&#038;p=3936"},"modified":"2023-05-25T21:11:43","modified_gmt":"2023-05-25T19:11:43","slug":"automatyczny-podajnik-rolkowy","status":"publish","type":"product","link":"https:\/\/cormac.eu\/pl\/product\/automatic-roll-feeder\/","title":{"rendered":"Automatyczny podajnik rolkowy"},"content":{"rendered":"<p>Automatyczny podajnik rolkowy nale\u017cy do kategorii system\u00f3w podawania. Jest on instalowany mi\u0119dzy ko\u0144cem linii produkcyjnej a maszyn\u0105 pakuj\u0105c\u0105 \/ flowpack.<br \/>\nOdbiera produkt i podaje go do maszyny flowpack w wymaganej ilo\u015bci i rozmiarze opakowania. Jednostka ma okre\u015blon\u0105 liczb\u0119 lej\u00f3w zasypowych, zaprojektowanych dla okre\u015blonego kszta\u0142tu produktu i wymaganej pr\u0119dko\u015bci wyj\u015bciowej. Ka\u017cdy lej posiada klap\u0119 zwalniaj\u0105c\u0105, a liczba opakowa\u0144 jest okre\u015blana przez fotokom\u00f3rki wykrywaj\u0105ce. Przeno\u015bniki z no\u015bnikami ze stali nierdzewnej przechodz\u0105 przed fotokom\u00f3rkami i zliczaj\u0105 prawid\u0142ow\u0105 liczb\u0119 produkt\u00f3w, kt\u00f3re maj\u0105 trafi\u0107 do ka\u017cdego leja zasypowego.<\/p>\n<p><strong>Zakres wydajno\u015bci <\/strong>: Na zam\u00f3wienie<\/p>","protected":false},"excerpt":{"rendered":"<p>Maszyna do automatycznego liczenia, grupowania i podawania na ta\u015bm\u0119 podaj\u0105c\u0105 maszyny pakuj\u0105cej typu flowpack.<\/p>","protected":false},"featured_media":3898,"comment_status":"open","ping_status":"closed","template":"","meta":{"uix_meta_title":"","uix_meta_description":"","uix_canonical_url":""},"product_brand":[],"product_cat":[105],"product_tag":[277,278,271],"class_list":{"0":"post-3936","1":"product","2":"type-product","3":"status-publish","4":"has-post-thumbnail","6":"product_cat-packaging","7":"product_tag-bread-roll-feeder","8":"product_tag-feeding-system","9":"product_tag-packaging-lines","11":"first","12":"instock","13":"shipping-taxable","14":"product-type-simple"},"_links":{"self":[{"href":"https:\/\/cormac.eu\/pl\/wp-json\/wp\/v2\/product\/3936","targetHints":{"allow":["GET"]}}],"collection":[{"href":"https:\/\/cormac.eu\/pl\/wp-json\/wp\/v2\/product"}],"about":[{"href":"https:\/\/cormac.eu\/pl\/wp-json\/wp\/v2\/types\/product"}],"replies":[{"embeddable":true,"href":"https:\/\/cormac.eu\/pl\/wp-json\/wp\/v2\/comments?post=3936"}],"wp:featuredmedia":[{"embeddable":true,"href":"https:\/\/cormac.eu\/pl\/wp-json\/wp\/v2\/media\/3898"}],"wp:attachment":[{"href":"https:\/\/cormac.eu\/pl\/wp-json\/wp\/v2\/media?parent=3936"}],"wp:term":[{"taxonomy":"product_brand","embeddable":true,"href":"https:\/\/cormac.eu\/pl\/wp-json\/wp\/v2\/product_brand?post=3936"},{"taxonomy":"product_cat","embeddable":true,"href":"https:\/\/cormac.eu\/pl\/wp-json\/wp\/v2\/product_cat?post=3936"},{"taxonomy":"product_tag","embeddable":true,"href":"https:\/\/cormac.eu\/pl\/wp-json\/wp\/v2\/product_tag?post=3936"}],"curies":[{"name":"wp","href":"https:\/\/api.w.org\/{rel}","templated":true}]}}